{"id":3696,"date":"2021-05-28T20:26:37","date_gmt":"2021-05-28T18:26:37","guid":{"rendered":"https:\/\/evolutionsweg.de\/?page_id=3696"},"modified":"2025-03-31T12:18:29","modified_gmt":"2025-03-31T10:18:29","slug":"braunschweig-niedersachsen","status":"publish","type":"page","link":"https:\/\/evolutionsweg.de\/pl\/standorte\/braunschweig-niedersachsen\/","title":{"rendered":"Braunschweig (Niedersachsen)"},"content":{"rendered":"<p>Der <!--im Mai 2021 er\u00f6ffnete--> <strong>1500&nbsp;m<\/strong> lange Evolu\u00adtion\u00adsweg beginnt im Braun\u00adschwe\u00adiger Stadt\u00adteil <strong>Geitelde<\/strong> und f\u00fchrt entlang der Stein\u00adberg\u00adstra\u00dfe <strong>in Rich\u00adtung Norden<\/strong> nach Broit\u00adzem.&nbsp;Das Er\u00f6f\u00adf\u00adnungs\u00adschild steht an der Stein\u00adberg\u00adstra\u00dfe am Abzweig zur Stra\u00dfe Holz\u00adfeld. Entlang der Apfel\u00adb\u00e4ume stehen, noch mit gro\u00dfen Abst\u00e4n\u00adden, die ersten Themen\u00adschil\u00adder. In der Gemar\u00adkung Broit\u00adzem wechseln die Schil\u00adder auf die West\u00adse\u00adite des Weges. Sie stehen hier zwischen den Linden. Mit der Kambri\u00adschen Radia\u00adtion der Arten geht es nun die letz\u00adten 180&nbsp;m den Stein\u00adberg hinauf. Hier stehen die meisten Themenschilder.<\/p>\n<p><iframe loading=\"lazy\" style=\"border: 0;\" src=\"https:\/\/www.google.com\/maps\/embed?pb=!1m25!1m12!1m3!1d37986.40354227481!2d10.457932121639919!3d52.23033708026726!2m3!1f0!2f0!3f0!3m2!1i1024!2i768!4f13.1!4m10!3e2!4m4!2s52.21347678372074%2C%2010.469450868324943!3m2!1d52.213476799999995!2d10.4694509!4m3!3m2!1d52.227523999999995!2d10.470875999999999!5e0!3m2!1sde!2sde!4v1622226061785!5m2!1sde!2sde\" width=\"600\" height=\"450\" allowfullscreen=\"allowfullscreen\"><\/iframe><\/p>\n<p>Der Evolu\u00adtion\u00adsweg kann <strong>auch als Rundweg<\/strong> began\u00adgen werden. Start\u00adpunkt ist dann in <strong>Broit\u00adzem<\/strong> am Wasser\u00adturm am Ende der Turm\u00adstra\u00dfe. Hier beginnt der Weg mit dem Urknall vor 13,8 Milliar\u00adden Jahren. Es geht den Weg hinun\u00adter zum Geitel\u00adder Holz und am westli\u00adchen Waldrand entlang nach Geitelde. Nach 3000&nbsp;m bzw. 9,2 Milliar\u00adden Jahren erre\u00adichen wir den Start\u00adpunkt des Evolu\u00adtion\u00adswe\u00adges. Diese Strecke repr\u00e4sen\u00adtiert genau die Zeit bis zur Entste\u00adhung unse\u00adres Sonnen\u00adsys\u00adtems. Am Ende des Evolu\u00adtion\u00adswe\u00adges geht es dann in Rich\u00adtung Osten zum Wasser\u00adturm zur\u00fcck. Die Mensch\u00adheit wird jedoch die Zeit bis zum Ende des Rundwegs am Wasser\u00adturm nicht mehr erle\u00adben. Denn schon nach 165&nbsp;m wird die immer hei\u00dfer werdende Sonne die Erde \u00fcber\u00adhit\u00adzen und die Ozeane verdamp\u00adfen lassen. H\u00f6he\u00adres Leben ist dann nicht mehr m\u00f6glich. Der Rundweg hat eine <strong>Gesam\u00adtl\u00e4nge von 5,3&nbsp;km<\/strong>.<\/p>\n<h2>Anreise mit dem \u00f6ffentlichen Nahverkehr<\/h2>\n<p>Mit der Stadt\u00adbahn\u00adli\u00adnie 5 nach Broit\u00adzem, Endhal\u00adte\u00adstelle Turm\u00adstra\u00dfe, oder mit der Busli\u00adnie 413 nach R\u00fcnin\u00adgen, Halte\u00adstelle Hahnen\u00adkle\u00adestra\u00dfe. Weiter mit den Busli\u00adnien 465 oder 466 nach Geitelde, Halte\u00adstelle Geitel\u00adde\u00adstra\u00dfe. Von dort sind es 400&nbsp;m Fu\u00dfweg zum Start\u00adpunkt des Evolu\u00adtion\u00adswe\u00adges. Vom Endpunkt des Evolu\u00adtion\u00adswe\u00adges erre\u00adich man in 500&nbsp;m die Halte\u00adstelle Buch\u00adfin\u00adkweg in Broit\u00adzem und kann mit den Busli\u00adnien 465 oder 466 zu den Halte\u00adstel\u00adlen Turm\u00adstra\u00dfe oder Hahnen\u00adkle\u00adestra\u00dfe zur\u00fcckfahren.<\/p>\n<h2>Betreiber<\/h2>\n<p>Betre\u00adiber des Wegs ist ist der <strong>Braun\u00adschwe\u00adigi\u00adsche Lande\u00adsve\u00adrein. Geschichte \u2013 Heimat \u2013 Natur e.V.<\/strong> <a href=\"https:\/\/www.bs-heimat.de\/evolution\/evolution.php\" target=\"_blank\" rel=\"noopener\">www.bs-heimat.de<\/a>. Ausk\u00fcn\u00adfte erte\u00adilt Klaus Hermann, 0531 680 2122, schatzmeister(at)bs-heimat de.<\/p>\n<p><a href=\"https:\/\/www.bs-heimat.de\/\" target=\"_blank\" rel=\"noopener\"><img loading=\"lazy\" decoding=\"async\" class=\"alignnone wp-image-3242 size-full\" src=\"https:\/\/evolutionsweg.de\/wp-content\/uploads\/Braunschweig\/BLV_Logo.jpg\" alt width=\"175\" height=\"176\" srcset=\"https:\/\/evolutionsweg.de\/wp-content\/uploads\/Braunschweig\/BLV_Logo.jpg 175w, https:\/\/evolutionsweg.de\/wp-content\/uploads\/Braunschweig\/BLV_Logo-150x150.jpg 150w\" sizes=\"auto, (max-width: 175px) 100vw, 175px\"><\/a><\/p>\n<h2>Der Evolutionsweg wurde gef\u00f6rdert durch<\/h2>\n<p>Nieder\u00ads\u00e4ch\u00adsi\u00adsche Bingo-Umweltstiftung<\/p>\n<p><a href=\"https:\/\/www.bingo-umweltstiftung.de\/\" target=\"_blank\" rel=\"noopener\"><img loading=\"lazy\" decoding=\"async\" class=\"alignnone wp-image-3243\" src=\"https:\/\/evolutionsweg.de\/wp-content\/uploads\/Braunschweig\/Bingo_Logo.jpg\" alt width=\"175\" height=\"171\" srcset=\"https:\/\/evolutionsweg.de\/wp-content\/uploads\/Braunschweig\/Bingo_Logo.jpg 274w, https:\/\/evolutionsweg.de\/wp-content\/uploads\/Braunschweig\/Bingo_Logo-150x147.jpg 150w\" sizes=\"auto, (max-width: 175px) 100vw, 175px\"><\/a><br>\nStadt Braunschweig<\/p>\n<p><a href=\"https:\/\/www.braunschweig.de\/leben\/umwelt\/umwelt_kontakt\/kontakt_fb68.php\" target=\"_blank\" rel=\"noopener\"><img loading=\"lazy\" decoding=\"async\" class=\"size-medium wp-image-3264 alignnone\" src=\"https:\/\/evolutionsweg.de\/wp-content\/uploads\/Braunschweig\/Stadt_BS_FB_Umwelt-300x90.jpg\" alt width=\"300\" height=\"90\" srcset=\"https:\/\/evolutionsweg.de\/wp-content\/uploads\/Braunschweig\/Stadt_BS_FB_Umwelt-300x90.jpg 300w, https:\/\/evolutionsweg.de\/wp-content\/uploads\/Braunschweig\/Stadt_BS_FB_Umwelt-1024x308.jpg 1024w, https:\/\/evolutionsweg.de\/wp-content\/uploads\/Braunschweig\/Stadt_BS_FB_Umwelt-768x231.jpg 768w, https:\/\/evolutionsweg.de\/wp-content\/uploads\/Braunschweig\/Stadt_BS_FB_Umwelt-150x45.jpg 150w, https:\/\/evolutionsweg.de\/wp-content\/uploads\/Braunschweig\/Stadt_BS_FB_Umwelt.jpg 1488w\" sizes=\"auto, (max-width: 300px) 100vw, 300px\"><\/a><\/p>\n<p>Stadt\u00adbe\u00adzirk\u00adsrat Broitzem<\/p>\n<p>Stadt\u00adbe\u00adzirk\u00adsrat Timmer\u00adlah \u2013 Geitelde \u2013 Stiddien<\/p>\n<p>Gior\u00addano Bruno Stiftung<\/p>\n<p><a href=\"https:\/\/www.giordano-bruno-stiftung.de\/\" target=\"_blank\" rel=\"noopener\"><img loading=\"lazy\" decoding=\"async\" class=\"alignleft wp-image-3309\" src=\"https:\/\/evolutionsweg.de\/wp-content\/uploads\/Braunschweig\/GiordanoBrunoStiftung-Logo-300x106.png\" alt width=\"200\" height=\"71\" srcset=\"https:\/\/evolutionsweg.de\/wp-content\/uploads\/Braunschweig\/GiordanoBrunoStiftung-Logo-300x106.png 300w, https:\/\/evolutionsweg.de\/wp-content\/uploads\/Braunschweig\/GiordanoBrunoStiftung-Logo-1024x363.png 1024w, https:\/\/evolutionsweg.de\/wp-content\/uploads\/Braunschweig\/GiordanoBrunoStiftung-Logo-768x273.png 768w, https:\/\/evolutionsweg.de\/wp-content\/uploads\/Braunschweig\/GiordanoBrunoStiftung-Logo-1536x545.png 1536w, https:\/\/evolutionsweg.de\/wp-content\/uploads\/Braunschweig\/GiordanoBrunoStiftung-Logo-150x53.png 150w, https:\/\/evolutionsweg.de\/wp-content\/uploads\/Braunschweig\/GiordanoBrunoStiftung-Logo-1150x400.png 1150w, https:\/\/evolutionsweg.de\/wp-content\/uploads\/Braunschweig\/GiordanoBrunoStiftung-Logo.png 2026w\" sizes=\"auto, (max-width: 200px) 100vw, 200px\"><\/a><\/p>\n<p>&nbsp;<\/p>\n<p>&nbsp;<\/p>\n<p>&nbsp;<\/p>\n<p>Moti\u00advil\u00adlu\u00adstra\u00adtio\u00adnen an diesem Stan\u00addort: Bernd Kammermeier.<\/p>\n","protected":false},"excerpt":{"rendered":"<p>Der 1500&nbsp;m lange Evolu\u00adtion\u00adsweg beginnt im Braun\u00adschwe\u00adiger Stadt\u00adteil Geitelde und f\u00fchrt entlang der Stein\u00adberg\u00adstra\u00dfe in Rich\u00adtung Norden nach Broit\u00adzem.&nbsp;Das Er\u00f6f\u00adf\u00adnungs\u00adschild steht an der Stein\u00adberg\u00adstra\u00dfe am Abzweig zur Stra\u00dfe Holz\u00adfeld. Entlang der Apfel\u00adb\u00e4ume stehen, noch mit gro\u00dfen Abst\u00e4n\u00adden, die ersten Themen\u00adschil\u00adder. In der Gemar\u00adkung Broit\u00adzem wechseln die Schil\u00adder auf die West\u00adse\u00adite des Weges. Sie stehen hier zwischen den Linden. Mit der Kambri\u00adschen Radia\u00adtion der Arten geht es nun die letz\u00adten 180&nbsp;m\u2026<\/p>\n<p class=\"continue-reading-button\"> <a class=\"continue-reading-link\" href=\"https:\/\/evolutionsweg.de\/pl\/standorte\/braunschweig-niedersachsen\/\">\u2026mehr dazu<i class=\"crycon-right-dir\"><\/i><\/a><\/p>\n","protected":false},"author":1,"featured_media":0,"parent":2039,"menu_order":0,"comment_status":"closed","ping_status":"closed","template":"","meta":{"_lmt_disableupdate":"no","_lmt_disable":"no","wp_typography_post_enhancements_disabled":false,"footnotes":""},"class_list":["post-3696","page","type-page","status-publish","hentry"],"translation":{"provider":"WPGlobus","version":"3.0.2","language":"pl","enabled_languages":["de","fr","gb","pl"],"languages":{"de":{"title":true,"content":true,"excerpt":false},"fr":{"title":false,"content":false,"excerpt":false},"gb":{"title":false,"content":false,"excerpt":false},"pl":{"title":false,"content":false,"excerpt":false}}},"_links":{"self":[{"href":"https:\/\/evolutionsweg.de\/pl\/wp-json\/wp\/v2\/pages\/3696","targetHints":{"allow":["GET"]}}],"collection":[{"href":"https:\/\/evolutionsweg.de\/pl\/wp-json\/wp\/v2\/pages"}],"about":[{"href":"https:\/\/evolutionsweg.de\/pl\/wp-json\/wp\/v2\/types\/page"}],"author":[{"embeddable":true,"href":"https:\/\/evolutionsweg.de\/pl\/wp-json\/wp\/v2\/users\/1"}],"replies":[{"embeddable":true,"href":"https:\/\/evolutionsweg.de\/pl\/wp-json\/wp\/v2\/comments?post=3696"}],"version-history":[{"count":0,"href":"https:\/\/evolutionsweg.de\/pl\/wp-json\/wp\/v2\/pages\/3696\/revisions"}],"up":[{"embeddable":true,"href":"https:\/\/evolutionsweg.de\/pl\/wp-json\/wp\/v2\/pages\/2039"}],"wp:attachment":[{"href":"https:\/\/evolutionsweg.de\/pl\/wp-json\/wp\/v2\/media?parent=3696"}],"curies":[{"name":"wp","href":"https:\/\/api.w.org\/{rel}","templated":true}]}}