{"id":2068,"date":"2020-07-13T12:25:52","date_gmt":"2020-07-13T10:25:52","guid":{"rendered":"https:\/\/evolutionsweg.de\/?page_id=2068"},"modified":"2021-02-26T09:13:20","modified_gmt":"2021-02-26T08:13:20","slug":"deine-stadt","status":"publish","type":"page","link":"https:\/\/evolutionsweg.de\/pl\/standorte\/deine-stadt\/","title":{"rendered":"Twoje miasto"},"content":{"rendered":"<p>Czy chcia\u0142\u00adby\u015b mie\u0107 drog\u0119 ewolu\u00adcji r\u00f3wnie\u017c w Twoim mie\u015bcie?<br>\n<strong>Ch\u0119t\u00adnie Ci pomo\u00ad\u017cemy!<\/strong> <a href=\"\/pl\/kontakt-impressum\">Skon\u00adtak\u00adtuj si\u0119 z nami<\/a> a prze\u00ad\u015blemy Ci mate\u00adria\u0142y infor\u00adma\u00adcyjne, kt\u00f3re pomog\u0105 Tobie i Twojej spo\u0142ecz\u00adno\u00ad\u015bci w podj\u0119\u00adciu decy\u00adzji o utwo\u00adrze\u00adniu&nbsp;drogi.<\/p>\n<p><span class=\"vertieft\"><strong>Orien\u00adta\u00adcyjne ramy koszt\u00f3w:<\/strong><br>\npobie\u00adramy od innych opera\u00adto\u00adr\u00f3w <strong>op\u0142at\u0119 licen\u00adcyjn\u0105<\/strong> w wyso\u00adko\u00ad\u015bci 800 euro za ka\u017cd\u0105 utwo\u00adrzon\u0105 drog\u0119. Op\u0142ata ta w ca\u0142o\u00ad\u015bci trafia do stowa\u00adrzy\u00adsze\u00adnia gbs Rhein-Neckar, wi\u0119c nie trafia do Funda\u00adcji Gior\u00addano Bruno. W przy\u00adpadku stowa\u00adrzy\u00adsze\u0144, kt\u00f3re s\u0105 r\u00f3wnie\u017c cz\u0119\u015bci\u0105 grup spon\u00adso\u00adro\u00adwa\u00adnych przez Funda\u00adcj\u0119 Gior\u00addano Bruno lub maj\u0105 tak\u017ce orien\u00adta\u00adcj\u0119 huma\u00adni\u00adstyczn\u0105, op\u0142ata ta jest obni\u00ad\u017cona do 600 euro. Kwota ta s\u0142u\u017cy jako zwrot kosz\u00adt\u00f3w wspar\u00adcia w urz\u0105\u00addza\u00adniu dalszych tras, tworze\u00adniu szablo\u00adn\u00f3w druku dla nowych tablic z logo odpo\u00adwied\u00adnich opera\u00adto\u00adr\u00f3w, jak r\u00f3wnie\u017c na inte\u00adgra\u00adcj\u0119 nowej loka\u00adli\u00adza\u00adcji z poda\u00adniem zaan\u00adga\u00ad\u017co\u00adwa\u00adnych spon\u00adso\u00adr\u00f3w na stro\u00adnie evolutionsweg.de<\/span><\/p>\n<p><span class=\"vertieft\"><strong>Koszty mate\u00adria\u00ad\u0142owe<\/strong> (wspor\u00adniki, tablice infor\u00adma\u00adcyjne i druk tablic) wyno\u00adsz\u0105 zwykle oko\u0142o 1700 do 2000 euro i ponosi je opera\u00adtor. Funda\u00admenty pod kotwy grun\u00adtowe beto\u00adnuje zazwy\u00adczaj lokalny wydzia\u0142 budow\u00adlany gminy, kt\u00f3ry z zasady jest odpo\u00adwie\u00addzialny za codzienne zada\u00adnia budowlane.<\/span><\/p>\n","protected":false},"excerpt":{"rendered":"<p>Czy chcia\u0142\u00adby\u015b mie\u0107 drog\u0119 ewolu\u00adcji r\u00f3wnie\u017c w Twoim mie\u015bcie? Ch\u0119t\u00adnie Ci pomo\u00ad\u017cemy! Skon\u00adtak\u00adtuj si\u0119 z nami a prze\u00ad\u015blemy Ci mate\u00adria\u0142y infor\u00adma\u00adcyjne, kt\u00f3re pomog\u0105 Tobie i Twojej spo\u0142ecz\u00adno\u00ad\u015bci w podj\u0119\u00adciu decy\u00adzji o utwo\u00adrze\u00adniu&nbsp;drogi. Orien\u00adta\u00adcyjne ramy kosz\u00adt\u00f3w: pobie\u00adramy od innych opera\u00adto\u00adr\u00f3w op\u0142at\u0119 licen\u00adcyjn\u0105 w wyso\u00adko\u00ad\u015bci 800 euro za ka\u017cd\u0105 utwo\u00adrzon\u0105 drog\u0119. Op\u0142ata ta w ca\u0142o\u00ad\u015bci trafia do stowa\u00adrzy\u00adsze\u00adnia gbs Rhein-Neckar, wi\u0119c nie trafia do Funda\u00adcji Gior\u00addano Bruno. W przy\u00adpadku stowa\u00adrzy\u00adsze\u0144, kt\u00f3re&nbsp;s\u0105\u2026<\/p>\n<p class=\"continue-reading-button\"> <a class=\"continue-reading-link\" href=\"https:\/\/evolutionsweg.de\/pl\/standorte\/deine-stadt\/\">\u2026mehr dazu<i class=\"crycon-right-dir\"><\/i><\/a><\/p>\n","protected":false},"author":1,"featured_media":0,"parent":2039,"menu_order":0,"comment_status":"closed","ping_status":"closed","template":"","meta":{"_lmt_disableupdate":"no","_lmt_disable":"no","wp_typography_post_enhancements_disabled":false,"footnotes":""},"class_list":["post-2068","page","type-page","status-publish","hentry"],"translation":{"provider":"WPGlobus","version":"3.0.2","language":"pl","enabled_languages":["de","fr","gb","pl"],"languages":{"de":{"title":true,"content":true,"excerpt":false},"fr":{"title":false,"content":false,"excerpt":false},"gb":{"title":false,"content":false,"excerpt":false},"pl":{"title":true,"content":true,"excerpt":false}}},"_links":{"self":[{"href":"https:\/\/evolutionsweg.de\/pl\/wp-json\/wp\/v2\/pages\/2068","targetHints":{"allow":["GET"]}}],"collection":[{"href":"https:\/\/evolutionsweg.de\/pl\/wp-json\/wp\/v2\/pages"}],"about":[{"href":"https:\/\/evolutionsweg.de\/pl\/wp-json\/wp\/v2\/types\/page"}],"author":[{"embeddable":true,"href":"https:\/\/evolutionsweg.de\/pl\/wp-json\/wp\/v2\/users\/1"}],"replies":[{"embeddable":true,"href":"https:\/\/evolutionsweg.de\/pl\/wp-json\/wp\/v2\/comments?post=2068"}],"version-history":[{"count":0,"href":"https:\/\/evolutionsweg.de\/pl\/wp-json\/wp\/v2\/pages\/2068\/revisions"}],"up":[{"embeddable":true,"href":"https:\/\/evolutionsweg.de\/pl\/wp-json\/wp\/v2\/pages\/2039"}],"wp:attachment":[{"href":"https:\/\/evolutionsweg.de\/pl\/wp-json\/wp\/v2\/media?parent=2068"}],"curies":[{"name":"wp","href":"https:\/\/api.w.org\/{rel}","templated":true}]}}