{"id":2064,"date":"2020-07-13T12:24:41","date_gmt":"2020-07-13T10:24:41","guid":{"rendered":"https:\/\/evolutionsweg.de\/?page_id=2064"},"modified":"2025-12-27T18:54:53","modified_gmt":"2025-12-27T17:54:53","slug":"duesseldorf-nordrhein-westfalen","status":"publish","type":"page","link":"https:\/\/evolutionsweg.de\/pl\/standorte\/duesseldorf-nordrhein-westfalen\/","title":{"rendered":"Lokalizacje &gt; D\u00fcsseldorf (Nadrenia P\u00f3\u0142nocna-Westfalia)"},"content":{"rendered":"<p>\u015acie\u017cka ewolu\u00adcji w Nord\u00adparku w D\u00fcssel\u00addor\u00adfie zaczyna si\u0119 przy Muzeum Aquazoo L\u00f6bbecke (Kaiser\u00adswer\u00adther Str. 380, 40474 D\u00fcssel\u00addorf) i biegnie wzd\u0142u\u017c Gr\u00fcne\u00adwald\u00adstrasse w kierunku Renu.<\/p>\n<p>W D\u00fcssel\u00addor\u00adfie \u015bcie\u017cka ma 460 metr\u00f3w d\u0142ugo\u00ad\u015bci, wi\u0119c ka\u017cdy mili\u00admetr odpo\u00adwiada okre\u00adsowi 10 000&nbsp;lat.<br>\nW ten spos\u00f3b na <strong>400 metrach<\/strong> odtwo\u00adrzona zosta\u0142a histo\u00adria \u017cycia licz\u0105ca <strong>4 miliardy lat<\/strong>.<br>\nInfor\u00adma\u00adcje odle\u00adg\u0142o\u00ad\u015bciowe na tabli\u00adcach w D\u00fcssel\u00addor\u00adfie s\u0105 dosto\u00adso\u00adwane do tej skr\u00f3\u00adco\u00adnej&nbsp;trasy.<\/p>\n<p><iframe loading=\"lazy\" style=\"border: 0;\" tabindex=\"0\" src=\"https:\/\/www.google.com\/maps\/embed?pb=!1m24!1m12!1m3!1d1603.6220227433166!2d6.747938227924529!3d51.25504224106979!2m3!1f0!2f0!3f0!3m2!1i1024!2i768!4f13.1!4m9!3e2!4m3!3m2!1d51.2559344!2d6.7507075!4m3!3m2!1d51.2538195!2d6.7469277!5e0!3m2!1sde!2sde!4v1584221076697!5m2!1sde!2sde\" width=\"600\" height=\"450\" frameborder=\"0\" allowfullscreen=\"allowfullscreen\" aria-hidden=\"false\"><\/iframe><\/p>\n<p>Po \u015bcie\u017cce w D\u00fcssel\u00addor\u00adfie ofero\u00adwane s\u0105 regu\u00adlar\u00adnie <a href=\"https:\/\/evolutionsweg.de\/termine-fuer-fuehrungen-in-duesseldorf\/\" target=\"_blank\" rel=\"noopener noreferrer\">wycieczki<\/a> z przewodnikiem.<\/p>\n<h3>Operatorem<\/h3>\n<p>\u015bcie\u017cki ewolu\u00adcji w D\u00fcssel\u00addor\u00adfie jest Stowa\u00adrzy\u00adsze\u00adnie <a href=\"https:\/\/aufklaerungsdienst.de\/\" target=\"_blank\" rel=\"noopener noreferrer\"><strong>gbs D\u00fcssel\u00addorf \u2014 D\u00fcssel\u00addor\u00adfer Aufkl\u00e4rungs\u00addienst e.V.<\/strong><\/a><\/p>\n<p><a href=\"https:\/\/aufklaerungsdienst.de\/\" target=\"_blank\" rel=\"noopener noreferrer\"><img loading=\"lazy\" decoding=\"async\" class=\"size-full wp-image-1791 alignnone\" src=\"https:\/\/evolutionsweg.de\/wp-content\/uploads\/D\u00fcsseldorf\/DD_Logo_DA.jpg\" alt width=\"167\" height=\"158\" srcset=\"https:\/\/evolutionsweg.de\/wp-content\/uploads\/D\u00fcsseldorf\/DD_Logo_DA.jpg 167w, https:\/\/evolutionsweg.de\/wp-content\/uploads\/D\u00fcsseldorf\/DD_Logo_DA-150x142.jpg 150w\" sizes=\"auto, (max-width: 167px) 100vw, 167px\"><\/a><\/p>\n<p>Ilustra\u00adcje moty\u00adw\u00f3w na tej stro\u00adnie: Bernd Kammermeier.<\/p>\n","protected":false},"excerpt":{"rendered":"<p>\u015acie\u017cka ewolu\u00adcji w Nord\u00adparku w D\u00fcssel\u00addor\u00adfie zaczyna si\u0119 przy Muzeum Aquazoo L\u00f6bbecke (Kaiser\u00adswer\u00adther Str. 380, 40474 D\u00fcssel\u00addorf) i biegnie wzd\u0142u\u017c Gr\u00fcne\u00adwald\u00adstrasse w kierunku Renu. W D\u00fcssel\u00addor\u00adfie \u015bcie\u017cka ma 460 metr\u00f3w d\u0142ugo\u00ad\u015bci, wi\u0119c ka\u017cdy mili\u00admetr odpo\u00adwiada okre\u00adsowi 10 000&nbsp;lat. W ten spos\u00f3b na 400 metrach odtwo\u00adrzona zosta\u0142a histo\u00adria \u017cycia licz\u0105ca 4 miliardy lat. Infor\u00adma\u00adcje odle\u00adg\u0142o\u00ad\u015bciowe na tabli\u00adcach w D\u00fcssel\u00addor\u00adfie s\u0105 dosto\u00adso\u00adwane do tej skr\u00f3\u00adco\u00adnej&nbsp;trasy. Po \u015bcie\u017cce w D\u00fcssel\u00addor\u00adfie ofero\u00adwane s\u0105 regularnie\u2026<\/p>\n<p class=\"continue-reading-button\"> <a class=\"continue-reading-link\" href=\"https:\/\/evolutionsweg.de\/pl\/standorte\/duesseldorf-nordrhein-westfalen\/\">\u2026mehr dazu<i class=\"crycon-right-dir\"><\/i><\/a><\/p>\n","protected":false},"author":1,"featured_media":0,"parent":2039,"menu_order":0,"comment_status":"closed","ping_status":"closed","template":"","meta":{"_lmt_disableupdate":"no","_lmt_disable":"no","wp_typography_post_enhancements_disabled":false,"footnotes":""},"class_list":["post-2064","page","type-page","status-publish","hentry"],"translation":{"provider":"WPGlobus","version":"3.0.2","language":"pl","enabled_languages":["de","fr","gb","pl"],"languages":{"de":{"title":true,"content":true,"excerpt":false},"fr":{"title":false,"content":false,"excerpt":false},"gb":{"title":false,"content":false,"excerpt":false},"pl":{"title":true,"content":true,"excerpt":false}}},"_links":{"self":[{"href":"https:\/\/evolutionsweg.de\/pl\/wp-json\/wp\/v2\/pages\/2064","targetHints":{"allow":["GET"]}}],"collection":[{"href":"https:\/\/evolutionsweg.de\/pl\/wp-json\/wp\/v2\/pages"}],"about":[{"href":"https:\/\/evolutionsweg.de\/pl\/wp-json\/wp\/v2\/types\/page"}],"author":[{"embeddable":true,"href":"https:\/\/evolutionsweg.de\/pl\/wp-json\/wp\/v2\/users\/1"}],"replies":[{"embeddable":true,"href":"https:\/\/evolutionsweg.de\/pl\/wp-json\/wp\/v2\/comments?post=2064"}],"version-history":[{"count":10,"href":"https:\/\/evolutionsweg.de\/pl\/wp-json\/wp\/v2\/pages\/2064\/revisions"}],"predecessor-version":[{"id":4829,"href":"https:\/\/evolutionsweg.de\/pl\/wp-json\/wp\/v2\/pages\/2064\/revisions\/4829"}],"up":[{"embeddable":true,"href":"https:\/\/evolutionsweg.de\/pl\/wp-json\/wp\/v2\/pages\/2039"}],"wp:attachment":[{"href":"https:\/\/evolutionsweg.de\/pl\/wp-json\/wp\/v2\/media?parent=2064"}],"curies":[{"name":"wp","href":"https:\/\/api.w.org\/{rel}","templated":true}]}}