{"id":2060,"date":"2020-07-13T12:22:53","date_gmt":"2020-07-13T10:22:53","guid":{"rendered":"https:\/\/evolutionsweg.de\/?page_id=2060"},"modified":"2023-03-05T19:07:31","modified_gmt":"2023-03-05T18:07:31","slug":"kyritz-an-der-knatter-brandenburg","status":"publish","type":"page","link":"https:\/\/evolutionsweg.de\/pl\/standorte\/kyritz-an-der-knatter-brandenburg\/","title":{"rendered":"Kyritz an der Knatter (Brandenburgia)"},"content":{"rendered":"<p>\u015acie\u017cka biegnie wzd\u0142u\u017c Seestrasse z zachodu na wsch\u00f3d. Rozpo\u00adczyna si\u0119 przy wej\u015bciu do firmy Famos GmbH, a ko\u0144czy przed parkin\u00adgiem w Unter\u00adsee (czer\u00adwona pinezka).<\/p>\n<p><iframe loading=\"lazy\" style=\"border: 0;\" src=\"https:\/\/www.google.com\/maps\/embed?pb=!1m26!1m12!1m3!1d4809.1947532137165!2d12.428946100626487!3d52.93767336918695!2m3!1f0!2f0!3f0!3m2!1i1024!2i768!4f13.1!4m11!3e2!4m3!3m2!1d52.9383755!2d12.4252735!4m5!1s0x47a9325b86c1e663%3A0xe0e9f1b8351d43a8!2sSeestra%C3%9Fe%2C%2016866%20Kyritz!3m2!1d52.938187!2d12.441987899999999!5e0!3m2!1sde!2sde!4v1583326684733!5m2!1sde!2sde\" width=\"600\" height=\"450\" frameborder=\"0\" allowfullscreen=\"allowfullscreen\"><\/iframe><\/p>\n<h3>Dojazd komunikacj\u0105 miejsk\u0105<\/h3>\n<p>Pocz\u0105\u00adtek \u015bcie\u017cki znaj\u00adduje si\u0119 pomi\u0119\u00addzy przy\u00adstan\u00adkami \u201eBirken\u00adw\u00e4ld\u00adchen\u201d i \u201eKuckuck\u00adsweg\u201d (linie auto\u00adbu\u00adsowe 701 i 702). \u015acie\u017cka ko\u0144czy si\u0119 na przy\u00adstanku \u201eUnter\u00adsee\u201d.<br>\nRozk\u0142ady jazdy mo\u017cna znale\u017a\u0107 tu: <a href=\"https:\/\/fahrplan-bus-bahn.de\/brandenburg\/kyritz\/bus_linie_bus_701#\/\" target=\"_blank\" rel=\"noopener noreferrer\">https:\/\/fahrplan-bus-bahn.de\/brandenburg\/kyritz\/bus_linie_bus_701#\/ <\/a>&nbsp;(tylko letni rozk\u0142ad jazdy).<\/p>\n<h3>Operatorem<\/h3>\n<p>\u015bcie\u017cki ewolu\u00adcji Kyritz jest Stowa\u00adrzy\u00adsze\u00adnie Ewolu\u00adcyj\u00adnych Huma\u00adni\u00adst\u00f3w Berlin-Bran\u00adden\u00adburg e.V. (<a href=\"https:\/\/www.gbs-berlin.de\/\" target=\"_blank\" rel=\"noopener noreferrer\"><strong>Evolu\u00adtio\u00adn\u00e4re Huma\u00adni\u00adsten Berlin-Bran\u00adden\u00adburg e.V.<\/strong><\/a>)<\/p>\n<p><a href=\"https:\/\/www.gbs-berlin.de\/\" target=\"_blank\" rel=\"noopener noreferrer\"><img loading=\"lazy\" decoding=\"async\" class=\"size-medium wp-image-1696 alignnone\" src=\"https:\/\/evolutionsweg.de\/wp-content\/uploads\/Kyritz\/Kyritz_EHBB-300x173.jpg\" alt width=\"300\" height=\"173\" srcset=\"https:\/\/evolutionsweg.de\/wp-content\/uploads\/Kyritz\/Kyritz_EHBB-300x173.jpg 300w, https:\/\/evolutionsweg.de\/wp-content\/uploads\/Kyritz\/Kyritz_EHBB-1024x592.jpg 1024w, https:\/\/evolutionsweg.de\/wp-content\/uploads\/Kyritz\/Kyritz_EHBB-768x444.jpg 768w, https:\/\/evolutionsweg.de\/wp-content\/uploads\/Kyritz\/Kyritz_EHBB-1536x888.jpg 1536w, https:\/\/evolutionsweg.de\/wp-content\/uploads\/Kyritz\/Kyritz_EHBB-150x87.jpg 150w, https:\/\/evolutionsweg.de\/wp-content\/uploads\/Kyritz\/Kyritz_EHBB.jpg 1772w\" sizes=\"auto, (max-width: 300px) 100vw, 300px\"><\/a><\/p>\n<p>Ilustra\u00adcje moty\u00adw\u00f3w na tej stro\u00adnie: Bernd Kammermeier.<\/p>\n","protected":false},"excerpt":{"rendered":"<p>\u015acie\u017cka biegnie wzd\u0142u\u017c Seestrasse z zachodu na wsch\u00f3d. Rozpo\u00adczyna si\u0119 przy wej\u015bciu do firmy Famos GmbH, a ko\u0144czy przed parkin\u00adgiem w Unter\u00adsee (czer\u00adwona pinezka). Dojazd komu\u00adni\u00adka\u00adcj\u0105 miej\u00adsk\u0105 Pocz\u0105\u00adtek \u015bcie\u017cki znaj\u00adduje si\u0119 pomi\u0119\u00addzy przy\u00adstan\u00adkami \u201eBirken\u00adw\u00e4ld\u00adchen\u201d i \u201eKuckuck\u00adsweg\u201d (linie auto\u00adbu\u00adsowe 701 i 702). \u015acie\u017cka ko\u0144czy si\u0119 na przy\u00adstanku \u201eUnter\u00adsee\u201d. Rozk\u0142ady jazdy mo\u017cna znale\u017a\u0107 tu: https:\/\/fahrplan-bus-bahn.de\/brandenburg\/kyritz\/bus_linie_bus_701#\/ &nbsp;(tylko letni rozk\u0142ad jazdy). Opera\u00adto\u00adrem \u015bcie\u017cki ewolu\u00adcji Kyritz jest Stowa\u00adrzy\u00adsze\u00adnie Ewolu\u00adcyj\u00adnych Huma\u00adni\u00adst\u00f3w Berlin-Bran\u00adde\u00adn\u00adburg e.V. (Evolu\u00adtio\u00adn\u00e4re Huma\u00adni\u00adsten Berlin-Brandenburg\u2026<\/p>\n<p class=\"continue-reading-button\"> <a class=\"continue-reading-link\" href=\"https:\/\/evolutionsweg.de\/pl\/standorte\/kyritz-an-der-knatter-brandenburg\/\">\u2026mehr dazu<i class=\"crycon-right-dir\"><\/i><\/a><\/p>\n","protected":false},"author":1,"featured_media":0,"parent":2039,"menu_order":0,"comment_status":"closed","ping_status":"closed","template":"","meta":{"_lmt_disableupdate":"no","_lmt_disable":"no","wp_typography_post_enhancements_disabled":false,"footnotes":""},"class_list":["post-2060","page","type-page","status-publish","hentry"],"translation":{"provider":"WPGlobus","version":"3.0.2","language":"pl","enabled_languages":["de","fr","gb","pl"],"languages":{"de":{"title":true,"content":true,"excerpt":false},"fr":{"title":false,"content":false,"excerpt":false},"gb":{"title":false,"content":false,"excerpt":false},"pl":{"title":true,"content":true,"excerpt":false}}},"_links":{"self":[{"href":"https:\/\/evolutionsweg.de\/pl\/wp-json\/wp\/v2\/pages\/2060","targetHints":{"allow":["GET"]}}],"collection":[{"href":"https:\/\/evolutionsweg.de\/pl\/wp-json\/wp\/v2\/pages"}],"about":[{"href":"https:\/\/evolutionsweg.de\/pl\/wp-json\/wp\/v2\/types\/page"}],"author":[{"embeddable":true,"href":"https:\/\/evolutionsweg.de\/pl\/wp-json\/wp\/v2\/users\/1"}],"replies":[{"embeddable":true,"href":"https:\/\/evolutionsweg.de\/pl\/wp-json\/wp\/v2\/comments?post=2060"}],"version-history":[{"count":0,"href":"https:\/\/evolutionsweg.de\/pl\/wp-json\/wp\/v2\/pages\/2060\/revisions"}],"up":[{"embeddable":true,"href":"https:\/\/evolutionsweg.de\/pl\/wp-json\/wp\/v2\/pages\/2039"}],"wp:attachment":[{"href":"https:\/\/evolutionsweg.de\/pl\/wp-json\/wp\/v2\/media?parent=2060"}],"curies":[{"name":"wp","href":"https:\/\/api.w.org\/{rel}","templated":true}]}}