{"id":2058,"date":"2020-07-13T12:01:14","date_gmt":"2020-07-13T10:01:14","guid":{"rendered":"https:\/\/evolutionsweg.de\/?page_id=2058"},"modified":"2025-09-01T20:47:17","modified_gmt":"2025-09-01T18:47:17","slug":"leimen-gauangelloch-baden-wuerttemberg","status":"publish","type":"page","link":"https:\/\/evolutionsweg.de\/pl\/standorte\/leimen-gauangelloch-baden-wuerttemberg\/","title":{"rendered":"Leimen\/Gauangelloch (Badenia-Wirtembergia)"},"content":{"rendered":"<p>\u015acie\u017cka biegnie z po\u0142u\u00addnia na p\u00f3\u0142noc. Punkt star\u00adtowy znaj\u00adduje si\u0119 na ko\u0144cu Linden\u00adstrasse przy mo\u015bcie nad Reil\u00adshe\u00adimer Strasse (dla <span class=\"caps\">GPS<\/span>: Linden\u00adstrasse 21, Leimen-Gauan\u00adgel\u00adloch). Punkt ko\u0144cowy znaj\u00adduje si\u0119 na pozio\u00admie ulicy \u201eIm Neurott\u201d (czer\u00adwona pinezka). \u015acie\u017cka jest pozba\u00adwiona barier.<\/p>\n<p><!--<iframe loading=\"lazy\" style=\"border: 0;\" src=\"https:\/\/www.google.com\/maps\/embed?pb=!1m24!1m12!1m3!1d4907.055512128381!2d8.758099746265312!3d49.34415947824588!2m3!1f0!2f0!3f0!3m2!1i1024!2i768!4f13.1!4m9!3e2!4m3!3m2!1d49.339313!2d8.7623892!4m3!3m2!1d49.347254!2d8.754906199999999!5e0!3m2!1sde!2sde!4v1530964122505\" width=\"600\" height=\"450\" frameborder=\"0\" allowfullscreen=\"allowfullscreen\"><span data-mce-type=\"bookmark\" style=\"display: inline-block; width: 0px; overflow: hidden; line-height: 0;\" class=\"mce_SELRES_start\"><\/span><\/iframe>--><\/p>\n<p><iframe loading=\"lazy\" style=\"border: 0;\" src=\"https:\/\/www.google.com\/maps\/embed?pb=!1m27!1m12!1m3!1d5198.8203791336!2d8.753545508907743!3d49.344384418553354!2m3!1f0!2f0!3f0!3m2!1i1024!2i768!4f13.1!4m12!3e2!4m5!1s0x479795304fa4a63d%3A0xee7ef353f32b01d6!2sEvolutionsweg%2C%20Unnamed%20Road%2C%2069181%20Bammental!3m2!1d49.339841799999995!2d8.761869899999999!4m4!2s49.347196%2C%208.754921!3m2!1d49.347196!2d8.754921!5e0!3m2!1sde!2sde!4v1583327054742!5m2!1sde!2sde\" width=\"600\" height=\"450\" frameborder=\"0\" allowfullscreen=\"allowfullscreen\"><\/iframe><\/p>\n<p><!--\n<img loading=\"lazy\" decoding=\"async\" class=\"alignnone wp-image-851\" src=\"http:\/\/evolutionsweg.de\/wp-content\/uploads\/OpenStreetMap_Gauangelloch.png\" alt=\"\" width=\"700\" height=\"644\" srcset=\"https:\/\/evolutionsweg.de\/wp-content\/uploads\/OpenStreetMap_Gauangelloch.png 785w, https:\/\/evolutionsweg.de\/wp-content\/uploads\/OpenStreetMap_Gauangelloch-300x276.png 300w, https:\/\/evolutionsweg.de\/wp-content\/uploads\/OpenStreetMap_Gauangelloch-768x706.png 768w, https:\/\/evolutionsweg.de\/wp-content\/uploads\/OpenStreetMap_Gauangelloch-150x138.png 150w\" sizes=\"auto, (max-width: 700px) 100vw, 700px\" \/>\n\n\n<p class=\"Bildunterschrift\">Daten von <a href=\"http:\/\/www.openstreetmap.org\/\">OpenStreetMap<\/a> - Ver\u00f6ffentlicht unter <a href=\"http:\/\/opendatacommons.org\/licenses\/odbl\/\">ODbL<\/a><\/p>\n\n\n--><br>\nInfor\u00adma\u00adcje na temat wycie\u00adczek z prze\u00adwod\u00adni\u00adkiem po drodze w Leimen \/ Gauan\u00adgel\u00adloch mo\u017cna znale\u017a\u0107 <a href=\"https:\/\/evolutionsweg.de\/termine-fuer-fuehrungen-in-leimen-gauangelloch\/\" target=\"_blank\" rel=\"noopener noreferrer\">tu<\/a>.<\/p>\n<h3>Dojazd komunikacj\u0105 miejsk\u0105<\/h3>\n<p>Prosz\u0119 wybra\u0107 przy\u00adsta\u00adnek \u201eGauan\u00adgel\u00adloch, Schwa\u00adnen\u201d lub \u201eGauan\u00adgel\u00adloch, Ochsen\u00adba\u00adcher Stra\u00dfe\u201d w celu uzyska\u00adnia infor\u00adma\u00adcji, np. w infor\u00adma\u00adcji stowa\u00adrzy\u00adsze\u00adnia trans\u00adpor\u00adto\u00adwego Rhein-Neckar (<a href=\"https:\/\/www.vrn.de\/\">Verkehr\u00adsver\u00adbund Rhein-Neckar \u2014 vrn.de<\/a>).<\/p>\n<h3>Operatorem<\/h3>\n<p>\u015bcie\u017cki ewolu\u00adcji Leimen \/ Gauan\u00adgel\u00adloch jest stowa\u00adrzy\u00adsze\u00adnie <a href=\"http:\/\/gbs-rhein-neckar.de\/\" target=\"_blank\" rel=\"noopener noreferrer\"><strong>S\u00e4ku\u00adlare Huma\u00adni\u00adsten \u00b7 gbs Rhein-Neckar e.&nbsp;V.<\/strong><\/a><\/p>\n<p><img loading=\"lazy\" decoding=\"async\" class=\"alignnone wp-image-1757\" src=\"https:\/\/evolutionsweg.de\/wp-content\/uploads\/LOGO-gbs-Rhein-Neckar_RGB-300x150.png\" alt width=\"250\" height=\"125\" srcset=\"https:\/\/evolutionsweg.de\/wp-content\/uploads\/LOGO-gbs-Rhein-Neckar_RGB-300x150.png 300w, https:\/\/evolutionsweg.de\/wp-content\/uploads\/LOGO-gbs-Rhein-Neckar_RGB-1024x513.png 1024w, https:\/\/evolutionsweg.de\/wp-content\/uploads\/LOGO-gbs-Rhein-Neckar_RGB-768x385.png 768w, https:\/\/evolutionsweg.de\/wp-content\/uploads\/LOGO-gbs-Rhein-Neckar_RGB-1536x769.png 1536w, https:\/\/evolutionsweg.de\/wp-content\/uploads\/LOGO-gbs-Rhein-Neckar_RGB-150x75.png 150w, https:\/\/evolutionsweg.de\/wp-content\/uploads\/LOGO-gbs-Rhein-Neckar_RGB.png 1817w\" sizes=\"auto, (max-width: 250px) 100vw, 250px\"><\/p>\n<p>Ilustra\u00adcje moty\u00adw\u00f3w na tej stro\u00adnie: Bernd Kammermeier.<\/p>\n","protected":false},"excerpt":{"rendered":"<p>\u015acie\u017cka biegnie z po\u0142u\u00addnia na p\u00f3\u0142noc. Punkt star\u00adtowy znaj\u00adduje si\u0119 na ko\u0144cu Linden\u00adstrasse przy mo\u015bcie nad Reil\u00adshe\u00adimer Strasse (dla <span class=\"caps\">GPS<\/span>: Linden\u00adstrasse 21, Leimen-Gauan\u00adge\u00adl\u00adloch). Punkt ko\u0144cowy znaj\u00adduje si\u0119 na pozio\u00admie ulicy \u201eIm Neurott\u201d (czer\u00adwona pinezka). \u015acie\u017cka jest pozba\u00adwiona barier. Infor\u00adma\u00adcje na temat wycie\u00adczek z prze\u00adwod\u00adni\u00adkiem po drodze w Leimen \/ Gauan\u00adgel\u00adloch mo\u017cna znale\u017a\u0107 tu. Dojazd komu\u00adni\u00adka\u00adcj\u0105 miej\u00adsk\u0105 Prosz\u0119 wybra\u0107 przy\u00adsta\u00adnek \u201eGauan\u00adgel\u00adloch, Schwa\u00adnen\u201d lub \u201eGauan\u00adgel\u00adloch, Ochsen\u00adba\u00adcher Stra\u00dfe\u201d w celu uzyska\u00adnia infor\u00adma\u00adcji,&nbsp;np.\u2026<\/p>\n<p class=\"continue-reading-button\"> <a class=\"continue-reading-link\" href=\"https:\/\/evolutionsweg.de\/pl\/standorte\/leimen-gauangelloch-baden-wuerttemberg\/\">\u2026mehr dazu<i class=\"crycon-right-dir\"><\/i><\/a><\/p>\n","protected":false},"author":1,"featured_media":0,"parent":2039,"menu_order":0,"comment_status":"closed","ping_status":"closed","template":"","meta":{"_lmt_disableupdate":"no","_lmt_disable":"no","wp_typography_post_enhancements_disabled":false,"footnotes":""},"class_list":["post-2058","page","type-page","status-publish","hentry"],"translation":{"provider":"WPGlobus","version":"3.0.2","language":"pl","enabled_languages":["de","fr","gb","pl"],"languages":{"de":{"title":true,"content":true,"excerpt":false},"fr":{"title":false,"content":false,"excerpt":false},"gb":{"title":false,"content":false,"excerpt":false},"pl":{"title":true,"content":true,"excerpt":false}}},"_links":{"self":[{"href":"https:\/\/evolutionsweg.de\/pl\/wp-json\/wp\/v2\/pages\/2058","targetHints":{"allow":["GET"]}}],"collection":[{"href":"https:\/\/evolutionsweg.de\/pl\/wp-json\/wp\/v2\/pages"}],"about":[{"href":"https:\/\/evolutionsweg.de\/pl\/wp-json\/wp\/v2\/types\/page"}],"author":[{"embeddable":true,"href":"https:\/\/evolutionsweg.de\/pl\/wp-json\/wp\/v2\/users\/1"}],"replies":[{"embeddable":true,"href":"https:\/\/evolutionsweg.de\/pl\/wp-json\/wp\/v2\/comments?post=2058"}],"version-history":[{"count":2,"href":"https:\/\/evolutionsweg.de\/pl\/wp-json\/wp\/v2\/pages\/2058\/revisions"}],"predecessor-version":[{"id":4803,"href":"https:\/\/evolutionsweg.de\/pl\/wp-json\/wp\/v2\/pages\/2058\/revisions\/4803"}],"up":[{"embeddable":true,"href":"https:\/\/evolutionsweg.de\/pl\/wp-json\/wp\/v2\/pages\/2039"}],"wp:attachment":[{"href":"https:\/\/evolutionsweg.de\/pl\/wp-json\/wp\/v2\/media?parent=2058"}],"curies":[{"name":"wp","href":"https:\/\/api.w.org\/{rel}","templated":true}]}}