{"id":101,"date":"2018-07-07T13:26:56","date_gmt":"2018-07-07T11:26:56","guid":{"rendered":"http:\/\/baustelle.evolutionsweg.de\/?page_id=101"},"modified":"2026-04-07T19:51:07","modified_gmt":"2026-04-07T17:51:07","slug":"kontakt-impressum","status":"publish","type":"page","link":"https:\/\/evolutionsweg.de\/pl\/kontakt-impressum\/","title":{"rendered":"Kontakt i stopka redakcyjna"},"content":{"rendered":"<h2>Napisz do&nbsp;nas<\/h2>\n\n<div class=\"wpcf7 no-js\" id=\"wpcf7-f3099-o1\" lang=\"de-DE\" dir=\"ltr\" data-wpcf7-id=\"3099\">\n<div class=\"screen-reader-response\"><p role=\"status\" aria-live=\"polite\" aria-atomic=\"true\"><\/p> <ul><\/ul><\/div>\n<form action=\"\/pl\/wp-json\/wp\/v2\/pages\/101#wpcf7-f3099-o1\" method=\"post\" class=\"wpcf7-form init\" aria-label=\"Contact form\" novalidate=\"novalidate\" data-status=\"init\">\n<fieldset class=\"hidden-fields-container\"><input type=\"hidden\" name=\"_wpcf7\" value=\"3099\"><input type=\"hidden\" name=\"_wpcf7_version\" value=\"6.1.5\"><input type=\"hidden\" name=\"_wpcf7_locale\" value=\"de_DE\"><input type=\"hidden\" name=\"_wpcf7_unit_tag\" value=\"wpcf7-f3099-o1\"><input type=\"hidden\" name=\"_wpcf7_container_post\" value=\"0\"><input type=\"hidden\" name=\"_wpcf7_posted_data_hash\" value>\n<\/fieldset>\n<p><span id=\"wpcf7-69e4afeb6db84-wrapper\" class=\"wpcf7-form-control-wrap your-first-name-wrap\" style=\"display:none !important; visibility:hidden !important;\"><input type=\"hidden\" name=\"your-first-name-time-start\" value=\"1776594923\"><input type=\"hidden\" name=\"your-first-name-time-check\" value=\"4\"><label for=\"wpcf7-69e4afeb6db84-field\" class=\"hp-message\">Please leave this field&nbsp;empty.<\/label><input id=\"wpcf7-69e4afeb6db84-field\" class=\"wpcf7-form-control wpcf7-text\" type=\"text\" name=\"your-first-name\" value size=\"40\" tabindex=\"-1\" autocomplete=\"new-password\"><\/span><br>\n<span id=\"wpcf7-69e4afeb6dbc0-wrapper\" class=\"wpcf7-form-control-wrap your-last-name-wrap\" style=\"display:none !important; visibility:hidden !important;\"><input type=\"hidden\" name=\"your-last-name-time-start\" value=\"1776594923\"><input type=\"hidden\" name=\"your-last-name-time-check\" value=\"4\"><label for=\"wpcf7-69e4afeb6dbc0-field\" class=\"hp-message\">Please leave this field&nbsp;empty.<\/label><input id=\"wpcf7-69e4afeb6dbc0-field\" class=\"wpcf7-form-control wpcf7-text\" type=\"text\" name=\"your-last-name\" value size=\"40\" tabindex=\"-1\" autocomplete=\"new-password\"><\/span>\n<\/p>\n<p><label>Twoje imi\u0119 i nazwi\u00adsko (obowi\u0105z\u00adkowe)<br>\n<span class=\"wpcf7-form-control-wrap\" data-name=\"your-name\"><input size=\"40\" maxlength=\"400\" class=\"wpcf7-form-control wpcf7-text wpcf7-validates-as-required\" aria-required=\"true\" aria-invalid=\"false\" value type=\"text\" name=\"your-name\"><\/span> <\/label>\n<\/p>\n<p><label>Tw\u00f3j adres mailowy (obowi\u0105z\u00adkowe)<br>\n<span class=\"wpcf7-form-control-wrap\" data-name=\"your-email\"><input size=\"40\" maxlength=\"400\" class=\"wpcf7-form-control wpcf7-email wpcf7-validates-as-required wpcf7-text wpcf7-validates-as-email\" aria-required=\"true\" aria-invalid=\"false\" value type=\"email\" name=\"your-email\"><\/span> <\/label>\n<\/p>\n<p><label>Doty\u00adczy<br>\n<span class=\"wpcf7-form-control-wrap\" data-name=\"your-subject\"><input size=\"40\" maxlength=\"400\" class=\"wpcf7-form-control wpcf7-text\" aria-invalid=\"false\" value type=\"text\" name=\"your-subject\"><\/span> <\/label>\n<\/p>\n<p><label>Twoja wiado\u00admo\u015b\u0107<br>\n<span class=\"wpcf7-form-control-wrap\" data-name=\"your-message\"><textarea cols=\"40\" rows=\"10\" maxlength=\"2000\" class=\"wpcf7-form-control wpcf7-textarea\" aria-invalid=\"false\" name=\"your-message\"><\/textarea><\/span> <\/label>\n<\/p>\n<p><input class=\"wpcf7-form-control wpcf7-submit has-spinner\" type=\"submit\" value=\"Wy\u015blij\">\n<\/p><div class=\"wpcf7-response-output\" aria-hidden=\"true\"><\/div>\n<\/form>\n<\/div>\n\n<hr>\n<h2>Stopka redakcyjna<\/h2>\n<p>S\u00e4ku\u00adlare Huma\u00adni\u00adsten \u2013 gbs Rhein-Neckar e.&nbsp;V.<br>\nPost\u00adfach 1151 \u00b7 69208 Eppelheim<br>\nTel.: 0\u200962\u200936\u2009\/\u20094\u200989\u200925\u200940<br>\n<a href=\"https:\/\/gbs-rhein-neckar.de\/Impressum\/\" target=\"_blank\" rel=\"noopener noreferrer\">gbs-rhein-neckar.de<\/a><\/p>\n<hr>\n<h2>Wsp\u00f3\u0142tw\u00f3rcy<\/h2>\n<h4>Ilustracje motyw\u00f3w:<\/h4>\n<ul>\n<li>Vivek Pradhan, Chhat\u00adtis\u00adgharh, Indien (@vivek_p03): Stan\u00addorte K\u00f6ln und Egelsbach<\/li>\n<li>Bernd Kammer\u00adme\u00adier: Stan\u00addorte Templin, Kyritz, Schul\u00adzen\u00addorf, Braun\u00adschweig, D\u00fcssel\u00addorf, Otter\u00adsheim, Leimen. Illu\u00adstra\u00adtion \u201cSaurier\u201d nach dem Bild\u00admo\u00adtiv <a href=\"http:\/\/evolutionsweg.de\/14#Ravensburger\">\u201cFaszi\u00adna\u00adtion Dino\u00adsau\u00adrier\u201d<\/a> (Ravens\u00adbur\u00adger); Illu\u00adstra\u00adtion \u201cZeital\u00adter der S\u00e4uge\u00adtiere\u201d nach einem Bild\u00admo\u00adtiv von Hein\u00adrich Harder (1858\u20131935); Illu\u00adstra\u00adtion \u201cMenschen (Homi\u00adnine)\u201d nach einem Diorama des Nairobi Natio\u00adnal Museum.<\/li>\n<\/ul>\n<h4>Teksty:<\/h4>\n<p>Dr. Karl-Heinz B\u00fcch\u00adner [<span class=\"caps\">KHB<\/span>], Marianne Mauch [<span class=\"caps\">MM<\/span>], Frie\u00addrich Cora\u00addill [<span class=\"caps\">FC<\/span>], Bernd Kammer\u00adme\u00adier [<span class=\"caps\">BK<\/span>]<\/p>\n<h4>T\u0142umaczenia:<\/h4>\n<ul>\n<li>angiel\u00adski: Paul Boldra<\/li>\n<li>fran\u00adcu\u00adski: Marianne Mauch und Anne Cathe\u00adrine&nbsp;Ihrig<\/li>\n<li>polski: Marek Nowakowski<\/li>\n<\/ul>\n<p><!-- - serbsko-chorwacki: Igor Muki\u0107, Silvija Avar, Karlo Schmid--><\/p>\n<h4>Dodatkowy:<\/h4>\n<p>Layout i grafika wekto\u00adrowa: Marianne Mauch<br>\nS\u0142upki do tablic i ich zamo\u00adco\u00adwa\u00adnie: Dr. Karl-Heinz B\u00fcchner<br>\nStrona inter\u00adne\u00adtowa: Stefan Dewald, Marianne Mauch<br>\nOrga\u00adni\u00adza\u00adcja: Frie\u00addrich Coradill<br>\nPublic Rela\u00adtions: Dirk Winkler<\/p>\n<hr>\n<p>Ca\u0142a zawar\u00adto\u015b\u0107 strony jest chro\u00adniona prawem autor\u00adskim, chyba \u017ce pocho\u00addzi ze \u017ar\u00f3d\u0142a obj\u0119\u00adtego licen\u00adcj\u0105 Creative Commons. Je\u015bli chcesz skorzy\u00adsta\u0107 z mate\u00adria\u00ad\u0142\u00f3w, skon\u00adtak\u00adtuj si\u0119 z&nbsp;nami.<\/p>\n","protected":false},"excerpt":{"rendered":"<p>Napisz do&nbsp;nas Stopka redak\u00adcyjna S\u00e4ku\u00adlare Huma\u00adni\u00adsten \u2013 gbs Rhein-Neckar e.&nbsp;V. Post\u00adfach 1151 \u00b7 69208 Eppel\u00adheim Tel.: 0\u200962\u200936\u2009\/\u20094\u200989\u200925\u200940 gbs-rhein-neckar.de Wsp\u00f3\u0142\u00adtw\u00f3rcy Ilustra\u00adcje moty\u00adw\u00f3w: Vivek Pradhan, Chhat\u00adtis\u00adgharh, Indien (@vivek_p03): Stan\u00addorte K\u00f6ln und Egels\u00adbach Bernd Kammer\u00adme\u00adier: Stan\u00addorte Templin, Kyritz, Schul\u00adzen\u00addorf, Braun\u00adschweig, D\u00fcssel\u00addorf, Otter\u00adsheim, Leimen. Illu\u00adstra\u00adtion \u201cSaurier\u201d nach dem Bild\u00admo\u00adtiv \u201cFaszi\u00adna\u00adtion Dino\u00adsau\u00adrier\u201d (Ravens\u00adbur\u00adger); Illu\u00adstra\u00adtion \u201cZeital\u00adter der S\u00e4uge\u00adtiere\u201d nach einem Bild\u00admo\u00adtiv von Hein\u00adrich Harder (1858\u20131935); Illu\u00adstra\u00adtion \u201cMenschen (Homi\u00adnine)\u201d nach einem Diorama des Nairobi Natio\u00adnal Museum. Teksty:\u2026<\/p>\n<p class=\"continue-reading-button\"> <a class=\"continue-reading-link\" href=\"https:\/\/evolutionsweg.de\/pl\/kontakt-impressum\/\">\u2026mehr dazu<i class=\"crycon-right-dir\"><\/i><\/a><\/p>\n","protected":false},"author":3,"featured_media":0,"parent":0,"menu_order":0,"comment_status":"closed","ping_status":"closed","template":"templates\/template-onecolumn.php","meta":{"_lmt_disableupdate":"no","_lmt_disable":"no","wp_typography_post_enhancements_disabled":false,"footnotes":""},"class_list":["post-101","page","type-page","status-publish","hentry"],"translation":{"provider":"WPGlobus","version":"3.0.2","language":"pl","enabled_languages":["de","fr","gb","pl"],"languages":{"de":{"title":true,"content":true,"excerpt":false},"fr":{"title":false,"content":false,"excerpt":false},"gb":{"title":false,"content":false,"excerpt":false},"pl":{"title":true,"content":true,"excerpt":false}}},"_links":{"self":[{"href":"https:\/\/evolutionsweg.de\/pl\/wp-json\/wp\/v2\/pages\/101","targetHints":{"allow":["GET"]}}],"collection":[{"href":"https:\/\/evolutionsweg.de\/pl\/wp-json\/wp\/v2\/pages"}],"about":[{"href":"https:\/\/evolutionsweg.de\/pl\/wp-json\/wp\/v2\/types\/page"}],"author":[{"embeddable":true,"href":"https:\/\/evolutionsweg.de\/pl\/wp-json\/wp\/v2\/users\/3"}],"replies":[{"embeddable":true,"href":"https:\/\/evolutionsweg.de\/pl\/wp-json\/wp\/v2\/comments?post=101"}],"version-history":[{"count":3,"href":"https:\/\/evolutionsweg.de\/pl\/wp-json\/wp\/v2\/pages\/101\/revisions"}],"predecessor-version":[{"id":4811,"href":"https:\/\/evolutionsweg.de\/pl\/wp-json\/wp\/v2\/pages\/101\/revisions\/4811"}],"wp:attachment":[{"href":"https:\/\/evolutionsweg.de\/pl\/wp-json\/wp\/v2\/media?parent=101"}],"curies":[{"name":"wp","href":"https:\/\/api.w.org\/{rel}","templated":true}]}}