{"id":4548,"date":"2025-06-22T15:32:36","date_gmt":"2025-06-22T13:32:36","guid":{"rendered":"https:\/\/evolutionsweg.de\/?page_id=4548"},"modified":"2025-08-18T21:53:37","modified_gmt":"2025-08-18T19:53:37","slug":"hoerspiel","status":"publish","type":"page","link":"https:\/\/evolutionsweg.de\/gb\/hoerspiel\/","title":{"rendered":"H\u00f6rspiel"},"content":{"rendered":"<h4><strong>Sei live&nbsp;dabei!<\/strong><\/h4>\n<p>Begib dich mit unserer Familie auf eine Zeitre\u00adise zu den Anf\u00e4n\u00adgen unseres Sonnensys\u00adtems und entdecke gemein\u00adsam mit den beiden Kindern, ihren Eltern und dem Hund Lupo die Evol\u00adu\u00adtion des Lebens auf der&nbsp;Erde!<\/p>\n<p>Die Entwicklun\u00adgen in der Jetzt-Zeit mitzuer\u00adleben ist viel eindr\u00fcck\u00adlicher, als, wie sonst \u00fcblich, retro\u00adspektiv von ihnen erz\u00e4hlt zu bekom\u00admen. Und mit einer Biolo\u00adgin als Mutter, einem Geolo\u00adgen als Vater und einem wachen Verstand, wie ihn die beiden Kinder haben, kommst du nach knapp einein\u00adhalb Stun\u00adden umfassend informiert wieder in der Gegen\u00adwart&nbsp;an.<br>\nEs gibt Inform\u00ada\u00adtionen zu jedem Wegpunkt und f\u00fcr die ersten, noch weit ausein\u00adander liegenden Stationen, auch f\u00fcr den Weg zwis\u00adchen den Wegpunk\u00adten. Ideal\u00ader\u00adweise h\u00f6rst du das H\u00f6rspiel an, w\u00e4hrend du einen realen Weg abl\u00e4ufst. Deswe\u00adgen haben wir die einzelnen Sequen\u00adzen auf den Wegpunkte-Seiten verlinkt. Wenn du keinen Evol\u00adu\u00adtion\u00adsweg in der N\u00e4he hast, kannst du die Familie aber auch einfach hier auf ihrer Entdeck\u00adung\u00ads\u00adre\u00adise begleiten:<\/p>\n<h4>Intro:<\/h4>\n<audio class=\"wp-audio-shortcode\" id=\"audio-4548-1\" preload=\"none\" style=\"width: 100%;\" controls=\"controls\"><source type=\"audio\/mpeg\" src=\"https:\/\/evolutionsweg.de\/wp-content\/uploads\/H\u00f6rspiel\/00_Intro.mp3?_=1\"><a href=\"https:\/\/evolutionsweg.de\/wp-content\/uploads\/H\u00f6rspiel\/00_Intro.mp3\">https:\/\/evolutionsweg.de\/wp-content\/uploads\/H\u00f6rspiel\/00_Intro.mp3<\/a><\/audio>\n<h4>Startschild und Entstehung der&nbsp;Erde:<\/h4>\n<audio class=\"wp-audio-shortcode\" id=\"audio-4548-2\" preload=\"none\" style=\"width: 100%;\" controls=\"controls\"><source type=\"audio\/mpeg\" src=\"https:\/\/evolutionsweg.de\/wp-content\/uploads\/H\u00f6rspiel\/01_Startschild.mp3?_=2\"><a href=\"https:\/\/evolutionsweg.de\/wp-content\/uploads\/H\u00f6rspiel\/01_Startschild.mp3\">https:\/\/evolutionsweg.de\/wp-content\/uploads\/H\u00f6rspiel\/01_Startschild.mp3<\/a><\/audio>\n<h4>Weg zu Erste Spuren des Lebens:<\/h4>\n<audio class=\"wp-audio-shortcode\" id=\"audio-4548-3\" preload=\"none\" style=\"width: 100%;\" controls=\"controls\"><source type=\"audio\/mpeg\" src=\"https:\/\/evolutionsweg.de\/wp-content\/uploads\/H\u00f6rspiel\/02_Weg_zu_Erstes_Leben.mp3?_=3\"><a href=\"https:\/\/evolutionsweg.de\/wp-content\/uploads\/H\u00f6rspiel\/02_Weg_zu_Erstes_Leben.mp3\">https:\/\/evolutionsweg.de\/wp-content\/uploads\/H\u00f6rspiel\/02_Weg_zu_Erstes_Leben.mp3<\/a><\/audio>\n<h4>Erste Spuren des Lebens und Weg zu Erste Cyanobakterien:<\/h4>\n<audio class=\"wp-audio-shortcode\" id=\"audio-4548-4\" preload=\"none\" style=\"width: 100%;\" controls=\"controls\"><source type=\"audio\/mpeg\" src=\"https:\/\/evolutionsweg.de\/wp-content\/uploads\/H\u00f6rspiel\/03_Erstes_Leben.mp3?_=4\"><a href=\"https:\/\/evolutionsweg.de\/wp-content\/uploads\/H\u00f6rspiel\/03_Erstes_Leben.mp3\">https:\/\/evolutionsweg.de\/wp-content\/uploads\/H\u00f6rspiel\/03_Erstes_Leben.mp3<\/a><\/audio>\n<audio class=\"wp-audio-shortcode\" id=\"audio-4548-5\" preload=\"none\" style=\"width: 100%;\" controls=\"controls\"><source type=\"audio\/mpeg\" src=\"https:\/\/evolutionsweg.de\/wp-content\/uploads\/H\u00f6rspiel\/04_Weg_zu_Cyanobakterien.mp3?_=5\"><a href=\"https:\/\/evolutionsweg.de\/wp-content\/uploads\/H\u00f6rspiel\/04_Weg_zu_Cyanobakterien.mp3\">https:\/\/evolutionsweg.de\/wp-content\/uploads\/H\u00f6rspiel\/04_Weg_zu_Cyanobakterien.mp3<\/a><\/audio>\n<h4>Erste Cyanobakterien:<\/h4>\n<audio class=\"wp-audio-shortcode\" id=\"audio-4548-6\" preload=\"none\" style=\"width: 100%;\" controls=\"controls\"><source type=\"audio\/mpeg\" src=\"https:\/\/evolutionsweg.de\/wp-content\/uploads\/H\u00f6rspiel\/05_Cyanobakterien.mp3?_=6\"><a href=\"https:\/\/evolutionsweg.de\/wp-content\/uploads\/H\u00f6rspiel\/05_Cyanobakterien.mp3\">https:\/\/evolutionsweg.de\/wp-content\/uploads\/H\u00f6rspiel\/05_Cyanobakterien.mp3<\/a><\/audio>\n<h4>Weg zu Photosynthese und Photosynthese:<\/h4>\n<audio class=\"wp-audio-shortcode\" id=\"audio-4548-7\" preload=\"none\" style=\"width: 100%;\" controls=\"controls\"><source type=\"audio\/mpeg\" src=\"https:\/\/evolutionsweg.de\/wp-content\/uploads\/H\u00f6rspiel\/06_Weg_zu_Photosynthese.mp3?_=7\"><a href=\"https:\/\/evolutionsweg.de\/wp-content\/uploads\/H\u00f6rspiel\/06_Weg_zu_Photosynthese.mp3\">https:\/\/evolutionsweg.de\/wp-content\/uploads\/H\u00f6rspiel\/06_Weg_zu_Photosynthese.mp3<\/a><\/audio>\n<h4>Weg zu Zellen mit Zellkern:<\/h4>\n<audio class=\"wp-audio-shortcode\" id=\"audio-4548-8\" preload=\"none\" style=\"width: 100%;\" controls=\"controls\"><source type=\"audio\/mpeg\" src=\"https:\/\/evolutionsweg.de\/wp-content\/uploads\/H\u00f6rspiel\/07_Weg_zu_Zellkern.mp3?_=8\"><a href=\"https:\/\/evolutionsweg.de\/wp-content\/uploads\/H\u00f6rspiel\/07_Weg_zu_Zellkern.mp3\">https:\/\/evolutionsweg.de\/wp-content\/uploads\/H\u00f6rspiel\/07_Weg_zu_Zellkern.mp3<\/a><\/audio>\n<h4>Zellen mit Zellkern:<\/h4>\n<audio class=\"wp-audio-shortcode\" id=\"audio-4548-9\" preload=\"none\" style=\"width: 100%;\" controls=\"controls\"><source type=\"audio\/mpeg\" src=\"https:\/\/evolutionsweg.de\/wp-content\/uploads\/H\u00f6rspiel\/08_Zellkern.mp3?_=9\"><a href=\"https:\/\/evolutionsweg.de\/wp-content\/uploads\/H\u00f6rspiel\/08_Zellkern.mp3\">https:\/\/evolutionsweg.de\/wp-content\/uploads\/H\u00f6rspiel\/08_Zellkern.mp3<\/a><\/audio>\n<h4>St\u00fctz- und Schutzskelette:<\/h4>\n<audio class=\"wp-audio-shortcode\" id=\"audio-4548-10\" preload=\"none\" style=\"width: 100%;\" controls=\"controls\"><source type=\"audio\/mpeg\" src=\"https:\/\/evolutionsweg.de\/wp-content\/uploads\/H\u00f6rspiel\/09_Stuetzskelette.mp3?_=10\"><a href=\"https:\/\/evolutionsweg.de\/wp-content\/uploads\/H\u00f6rspiel\/09_Stuetzskelette.mp3\">https:\/\/evolutionsweg.de\/wp-content\/uploads\/H\u00f6rspiel\/09_Stuetzskelette.mp3<\/a><\/audio>\n<h4>Wirbeltiere:<\/h4>\n<audio class=\"wp-audio-shortcode\" id=\"audio-4548-11\" preload=\"none\" style=\"width: 100%;\" controls=\"controls\"><source type=\"audio\/mpeg\" src=\"https:\/\/evolutionsweg.de\/wp-content\/uploads\/H\u00f6rspiel\/10_Wirbeltiere.mp3?_=11\"><a href=\"https:\/\/evolutionsweg.de\/wp-content\/uploads\/H\u00f6rspiel\/10_Wirbeltiere.mp3\">https:\/\/evolutionsweg.de\/wp-content\/uploads\/H\u00f6rspiel\/10_Wirbeltiere.mp3<\/a><\/audio>\n<h4>Landgang der Pflanzen:<\/h4>\n<audio class=\"wp-audio-shortcode\" id=\"audio-4548-12\" preload=\"none\" style=\"width: 100%;\" controls=\"controls\"><source type=\"audio\/mpeg\" src=\"https:\/\/evolutionsweg.de\/wp-content\/uploads\/H\u00f6rspiel\/11_Landgang_Pflanzen.mp3?_=12\"><a href=\"https:\/\/evolutionsweg.de\/wp-content\/uploads\/H\u00f6rspiel\/11_Landgang_Pflanzen.mp3\">https:\/\/evolutionsweg.de\/wp-content\/uploads\/H\u00f6rspiel\/11_Landgang_Pflanzen.mp3<\/a><\/audio>\n<h4>Kieferbildung der Wirbeltiere:<\/h4>\n<audio class=\"wp-audio-shortcode\" id=\"audio-4548-13\" preload=\"none\" style=\"width: 100%;\" controls=\"controls\"><source type=\"audio\/mpeg\" src=\"https:\/\/evolutionsweg.de\/wp-content\/uploads\/H\u00f6rspiel\/12_Kieferbildung.mp3?_=13\"><a href=\"https:\/\/evolutionsweg.de\/wp-content\/uploads\/H\u00f6rspiel\/12_Kieferbildung.mp3\">https:\/\/evolutionsweg.de\/wp-content\/uploads\/H\u00f6rspiel\/12_Kieferbildung.mp3<\/a><\/audio>\n<h4>Landgang der Wirbeltiere:<\/h4>\n<audio class=\"wp-audio-shortcode\" id=\"audio-4548-14\" preload=\"none\" style=\"width: 100%;\" controls=\"controls\"><source type=\"audio\/mpeg\" src=\"https:\/\/evolutionsweg.de\/wp-content\/uploads\/H\u00f6rspiel\/13_Landgang_Wirbeltiere.mp3?_=14\"><a href=\"https:\/\/evolutionsweg.de\/wp-content\/uploads\/H\u00f6rspiel\/13_Landgang_Wirbeltiere.mp3\">https:\/\/evolutionsweg.de\/wp-content\/uploads\/H\u00f6rspiel\/13_Landgang_Wirbeltiere.mp3<\/a><\/audio>\n<h4>St\u00fctzskelett der Pflanzen:<\/h4>\n<audio class=\"wp-audio-shortcode\" id=\"audio-4548-15\" preload=\"none\" style=\"width: 100%;\" controls=\"controls\"><source type=\"audio\/mpeg\" src=\"https:\/\/evolutionsweg.de\/wp-content\/uploads\/H\u00f6rspiel\/14_Stuetzskelett_Pflanzen.mp3?_=15\"><a href=\"https:\/\/evolutionsweg.de\/wp-content\/uploads\/H\u00f6rspiel\/14_Stuetzskelett_Pflanzen.mp3\">https:\/\/evolutionsweg.de\/wp-content\/uploads\/H\u00f6rspiel\/14_Stuetzskelett_Pflanzen.mp3<\/a><\/audio>\n<h4>Abbau von Pflanzenskeletten:<\/h4>\n<audio class=\"wp-audio-shortcode\" id=\"audio-4548-16\" preload=\"none\" style=\"width: 100%;\" controls=\"controls\"><source type=\"audio\/mpeg\" src=\"https:\/\/evolutionsweg.de\/wp-content\/uploads\/H\u00f6rspiel\/15_Abbau_Pflanzenskelette.mp3?_=16\"><a href=\"https:\/\/evolutionsweg.de\/wp-content\/uploads\/H\u00f6rspiel\/15_Abbau_Pflanzenskelette.mp3\">https:\/\/evolutionsweg.de\/wp-content\/uploads\/H\u00f6rspiel\/15_Abbau_Pflanzenskelette.mp3<\/a><\/audio>\n<h4>Saurier:<\/h4>\n<audio class=\"wp-audio-shortcode\" id=\"audio-4548-17\" preload=\"none\" style=\"width: 100%;\" controls=\"controls\"><source type=\"audio\/mpeg\" src=\"https:\/\/evolutionsweg.de\/wp-content\/uploads\/H\u00f6rspiel\/16_Saurier.mp3?_=17\"><a href=\"https:\/\/evolutionsweg.de\/wp-content\/uploads\/H\u00f6rspiel\/16_Saurier.mp3\">https:\/\/evolutionsweg.de\/wp-content\/uploads\/H\u00f6rspiel\/16_Saurier.mp3<\/a><\/audio>\n<h4>Entstehung der S\u00e4ugetiere:<\/h4>\n<audio class=\"wp-audio-shortcode\" id=\"audio-4548-18\" preload=\"none\" style=\"width: 100%;\" controls=\"controls\"><source type=\"audio\/mpeg\" src=\"https:\/\/evolutionsweg.de\/wp-content\/uploads\/H\u00f6rspiel\/17_Saeugetiere.mp3?_=18\"><a href=\"https:\/\/evolutionsweg.de\/wp-content\/uploads\/H\u00f6rspiel\/17_Saeugetiere.mp3\">https:\/\/evolutionsweg.de\/wp-content\/uploads\/H\u00f6rspiel\/17_Saeugetiere.mp3<\/a><\/audio>\n<h4>Bl\u00fctenpflanzen:<\/h4>\n<audio class=\"wp-audio-shortcode\" id=\"audio-4548-19\" preload=\"none\" style=\"width: 100%;\" controls=\"controls\"><source type=\"audio\/mpeg\" src=\"https:\/\/evolutionsweg.de\/wp-content\/uploads\/H\u00f6rspiel\/18_Bluetenpflanzen.mp3?_=19\"><a href=\"https:\/\/evolutionsweg.de\/wp-content\/uploads\/H\u00f6rspiel\/18_Bluetenpflanzen.mp3\">https:\/\/evolutionsweg.de\/wp-content\/uploads\/H\u00f6rspiel\/18_Bluetenpflanzen.mp3<\/a><\/audio>\n<h4>Zeitalter der S\u00e4ugetiere:<\/h4>\n<audio class=\"wp-audio-shortcode\" id=\"audio-4548-20\" preload=\"none\" style=\"width: 100%;\" controls=\"controls\"><source type=\"audio\/mpeg\" src=\"https:\/\/evolutionsweg.de\/wp-content\/uploads\/H\u00f6rspiel\/19_Zeitalter_Saeugetiere.mp3?_=20\"><a href=\"https:\/\/evolutionsweg.de\/wp-content\/uploads\/H\u00f6rspiel\/19_Zeitalter_Saeugetiere.mp3\">https:\/\/evolutionsweg.de\/wp-content\/uploads\/H\u00f6rspiel\/19_Zeitalter_Saeugetiere.mp3<\/a><\/audio>\n<h4>Menschenartige, Menschen und Moderne Menschen:<\/h4>\n<audio class=\"wp-audio-shortcode\" id=\"audio-4548-21\" preload=\"none\" style=\"width: 100%;\" controls=\"controls\"><source type=\"audio\/mpeg\" src=\"https:\/\/evolutionsweg.de\/wp-content\/uploads\/H\u00f6rspiel\/20_Menschenartige_bis_Homo_sapiens.mp3?_=21\"><a href=\"https:\/\/evolutionsweg.de\/wp-content\/uploads\/H\u00f6rspiel\/20_Menschenartige_bis_Homo_sapiens.mp3\">https:\/\/evolutionsweg.de\/wp-content\/uploads\/H\u00f6rspiel\/20_Menschenartige_bis_Homo_sapiens.mp3<\/a><\/audio>\n<h4>F\u00fcr ihre <strong>Stimmen<\/strong> danken wir<\/h4>\n<ul>\n<li>Alina Schulte (Mutter)<\/li>\n<li>Wolfgang West\u00ader\u00adhaus (Vater)<\/li>\n<li>Mila Dursun (Tochter)<\/li>\n<li>Moritz Nies\u00adner (Sohn).<\/li>\n<\/ul>\n<p>Lupo, die anderen Tiere und die vielen weit\u00aderen Ger\u00e4usche stam\u00admen, sofern sie nicht selbst erzeugt wurden, von Pixabay.<br>\n<strong>Ton<\/strong>: Stefan Dewald<br>\n<strong>Drehbuch, Gesamtlei\u00adtung und Produk\u00adtion<\/strong>: Mari\u00adanne&nbsp;Mauch.<\/p>\n","protected":false},"excerpt":{"rendered":"<p>Sei live&nbsp;dabei! Begib dich mit unserer Familie auf eine Zeitre\u00adise zu den Anf\u00e4n\u00adgen unseres Sonnensys\u00adtems und entdecke gemein\u00adsam mit den beiden Kindern, ihren Eltern und dem Hund Lupo die Evol\u00adu\u00adtion des Lebens auf der&nbsp;Erde! Die Entwicklun\u00adgen in der Jetzt-Zeit mitzuer\u00adleben ist viel eindr\u00fcck\u00adlicher, als, wie sonst \u00fcblich, retro\u00adspektiv von ihnen erz\u00e4hlt zu bekom\u00admen. Und mit einer Biolo\u00adgin als Mutter, einem Geolo\u00adgen als Vater und einem wachen Verstand, wie ihn&nbsp;die\u2026<\/p>\n<p class=\"continue-reading-button\"> <a class=\"continue-reading-link\" href=\"https:\/\/evolutionsweg.de\/gb\/hoerspiel\/\">\u2026mehr dazu<i class=\"crycon-right-dir\"><\/i><\/a><\/p>\n","protected":false},"author":3,"featured_media":0,"parent":0,"menu_order":0,"comment_status":"closed","ping_status":"closed","template":"","meta":{"_lmt_disableupdate":"no","_lmt_disable":"no","wp_typography_post_enhancements_disabled":false,"footnotes":""},"class_list":["post-4548","page","type-page","status-publish","hentry"],"translation":{"provider":"WPGlobus","version":"3.0.2","language":"gb","enabled_languages":["de","fr","gb","pl"],"languages":{"de":{"title":true,"content":true,"excerpt":false},"fr":{"title":false,"content":false,"excerpt":false},"gb":{"title":false,"content":false,"excerpt":false},"pl":{"title":false,"content":false,"excerpt":false}}},"_links":{"self":[{"href":"https:\/\/evolutionsweg.de\/gb\/wp-json\/wp\/v2\/pages\/4548","targetHints":{"allow":["GET"]}}],"collection":[{"href":"https:\/\/evolutionsweg.de\/gb\/wp-json\/wp\/v2\/pages"}],"about":[{"href":"https:\/\/evolutionsweg.de\/gb\/wp-json\/wp\/v2\/types\/page"}],"author":[{"embeddable":true,"href":"https:\/\/evolutionsweg.de\/gb\/wp-json\/wp\/v2\/users\/3"}],"replies":[{"embeddable":true,"href":"https:\/\/evolutionsweg.de\/gb\/wp-json\/wp\/v2\/comments?post=4548"}],"version-history":[{"count":0,"href":"https:\/\/evolutionsweg.de\/gb\/wp-json\/wp\/v2\/pages\/4548\/revisions"}],"wp:attachment":[{"href":"https:\/\/evolutionsweg.de\/gb\/wp-json\/wp\/v2\/media?parent=4548"}],"curies":[{"name":"wp","href":"https:\/\/api.w.org\/{rel}","templated":true}]}}