{"id":4384,"date":"2024-08-14T15:44:55","date_gmt":"2024-08-14T13:44:55","guid":{"rendered":"https:\/\/evolutionsweg.de\/?page_id=4384"},"modified":"2024-09-09T20:58:32","modified_gmt":"2024-09-09T18:58:32","slug":"gablitz-bei-wien-oesterreich","status":"publish","type":"page","link":"https:\/\/evolutionsweg.de\/gb\/standorte\/gablitz-bei-wien-oesterreich\/","title":{"rendered":"Gablitz bei Wien (\u00d6sterreich)"},"content":{"rendered":"<p>Der Evol\u00adu\u00adtion\u00adsweg in Gablitz bei Wien beginnt am <strong>Gener\u00ada\u00adtionen-Fitness-Park<\/strong> in der Hauersteigstra\u00dfe:<\/p>\n<p><iframe loading=\"lazy\" style=\"border: 0;\" src=\"https:\/\/www.google.com\/maps\/embed?pb=!1m18!1m12!1m3!1d3595.569093278688!2d16.144447177040146!3d48.23078444466678!2m3!1f0!2f0!3f0!3m2!1i1024!2i768!4f13.1!3m3!1m2!1s0x476d0b0048d00647%3A0x10b72f42bcc08f7d!2sGenerationen%20Fitness%20Park!5e1!3m2!1sde!2sde!4v1723643050221!5m2!1sde!2sde\" width=\"600\" height=\"450\" allowfullscreen=\"allowfullscreen\"><\/iframe><\/p>\n<p>Der Weg wurde am Samstag, 7.9.2024, er\u00f6ffnet. Er verl\u00e4uft 460&nbsp;m in nord\u00adwest\u00adlicher Richtung.<\/p>\n","protected":false},"excerpt":{"rendered":"<p>Der Evol\u00adu\u00adtion\u00adsweg in Gablitz bei Wien beginnt am Gener\u00ad\u00ada\u00ad\u00adtionen-Fitness-Park in der Hauer\u00adsteigstra\u00dfe: Der Weg wurde am Samstag, 7.9.2024, er\u00f6ffnet. Er verl\u00e4uft 460&nbsp;m in nord\u00adwest\u00adlicher Richtung.<\/p>\n<p class=\"continue-reading-button\"> <a class=\"continue-reading-link\" href=\"https:\/\/evolutionsweg.de\/gb\/standorte\/gablitz-bei-wien-oesterreich\/\">\u2026mehr dazu<i class=\"crycon-right-dir\"><\/i><\/a><\/p>\n","protected":false},"author":3,"featured_media":0,"parent":2039,"menu_order":0,"comment_status":"closed","ping_status":"closed","template":"","meta":{"_lmt_disableupdate":"no","_lmt_disable":"no","wp_typography_post_enhancements_disabled":false,"footnotes":""},"class_list":["post-4384","page","type-page","status-publish","hentry"],"translation":{"provider":"WPGlobus","version":"3.0.2","language":"gb","enabled_languages":["de","fr","gb","pl"],"languages":{"de":{"title":true,"content":true,"excerpt":false},"fr":{"title":false,"content":false,"excerpt":false},"gb":{"title":false,"content":false,"excerpt":false},"pl":{"title":false,"content":false,"excerpt":false}}},"_links":{"self":[{"href":"https:\/\/evolutionsweg.de\/gb\/wp-json\/wp\/v2\/pages\/4384","targetHints":{"allow":["GET"]}}],"collection":[{"href":"https:\/\/evolutionsweg.de\/gb\/wp-json\/wp\/v2\/pages"}],"about":[{"href":"https:\/\/evolutionsweg.de\/gb\/wp-json\/wp\/v2\/types\/page"}],"author":[{"embeddable":true,"href":"https:\/\/evolutionsweg.de\/gb\/wp-json\/wp\/v2\/users\/3"}],"replies":[{"embeddable":true,"href":"https:\/\/evolutionsweg.de\/gb\/wp-json\/wp\/v2\/comments?post=4384"}],"version-history":[{"count":0,"href":"https:\/\/evolutionsweg.de\/gb\/wp-json\/wp\/v2\/pages\/4384\/revisions"}],"up":[{"embeddable":true,"href":"https:\/\/evolutionsweg.de\/gb\/wp-json\/wp\/v2\/pages\/2039"}],"wp:attachment":[{"href":"https:\/\/evolutionsweg.de\/gb\/wp-json\/wp\/v2\/media?parent=4384"}],"curies":[{"name":"wp","href":"https:\/\/api.w.org\/{rel}","templated":true}]}}