{"id":4163,"date":"2023-05-22T13:02:23","date_gmt":"2023-05-22T11:02:23","guid":{"rendered":"https:\/\/evolutionsweg.de\/?page_id=4163"},"modified":"2023-10-23T16:00:01","modified_gmt":"2023-10-23T14:00:01","slug":"bad-freienwalde-brandenburg","status":"publish","type":"page","link":"https:\/\/evolutionsweg.de\/gb\/standorte\/bad-freienwalde-brandenburg\/","title":{"rendered":"Bad Freienwalde (Brandenburg)"},"content":{"rendered":"<p>Der Evol\u00adu\u00adtion\u00adsweg in Bad Frei\u00aden\u00adwalde <span style=\"font-family: 'Segoe UI', Arial, sans-serif;\">beginnt im S\u00fcden an der K\u00f6hlerei (Sonnen\u00adbur\u00adger Stra\u00dfe 3c) und verl\u00e4uft zun\u00e4chst \u00f6stlich und dann Rich\u00adtung Norden zum Fu\u00dfe des Galgenbergs.&nbsp;<\/span><\/p>\n<p><iframe loading=\"lazy\" style=\"border: 0;\" src=\"https:\/\/www.google.com\/maps\/embed?pb=!1m24!1m12!1m3!1d5536.8608385695!2d14.027948276758186!3d52.775209591211414!2m3!1f0!2f0!3f0!3m2!1i1024!2i768!4f13.1!4m9!3e3!4m3!3m2!1d52.7729097!2d14.032103699999999!4m3!3m2!1d52.777985799999996!2d14.0356385!5e1!3m2!1sde!2sde!4v1698068154557!5m2!1sde!2sde\" width=\"600\" height=\"450\" allowfullscreen=\"allowfullscreen\"><\/iframe><\/p>\n<p><span style=\"font-family: 'Segoe UI', Arial, sans-serif;\">Der seit Juni 2023 bestehende Weg ist in den Brosch\u00fcren <\/span><a href=\"https:\/\/bad-freienwalde.de\/wp-content\/uploads\/230308_Stadtverfuehrer_web.pdf\" target=\"_blank\" rel=\"noopener\">\u21d2 Stadtver\u00adf\u00fchrer<\/a><span style=\"font-family: 'Segoe UI', Arial, sans-serif;\"> und <\/span><a href=\"https:\/\/bad-freienwalde.de\/wp-content\/uploads\/230308_Gipfelstuermer_web.pdf\" target=\"_blank\" rel=\"noopener\">\u21d2 Gipfel\u00adst\u00fcrmer<\/a><span style=\"font-family: 'Segoe UI', Arial, sans-serif;\"> bereits aufgef\u00fchrt.<\/span><\/p>\n<p>&nbsp;<\/p>\n<p>Motivil\u00adlus\u00adtra\u00adtionen an diesem Stan\u00addort: Bernd Kammermeier.<\/p>\n","protected":false},"excerpt":{"rendered":"<p>Der Evol\u00adu\u00adtion\u00adsweg in Bad Frei\u00aden\u00adwalde beginnt im S\u00fcden an der K\u00f6hlerei (Sonnen\u00adbur\u00adger Stra\u00dfe 3c) und verl\u00e4uft zun\u00e4chst \u00f6stlich und dann Rich\u00adtung Norden zum Fu\u00dfe des Galgen\u00adbergs.&nbsp; Der seit Juni 2023 bestehende Weg ist in den Brosch\u00fcren \u21d2 Stadtver\u00adf\u00fchrer und \u21d2 Gipfel\u00adst\u00fcrmer bereits aufge\u00adf\u00fchrt. &nbsp; Motivil\u00adlus\u00adtra\u00adtionen an diesem Stan\u00addort: Bernd Kammermeier.<\/p>\n<p class=\"continue-reading-button\"> <a class=\"continue-reading-link\" href=\"https:\/\/evolutionsweg.de\/gb\/standorte\/bad-freienwalde-brandenburg\/\">\u2026mehr dazu<i class=\"crycon-right-dir\"><\/i><\/a><\/p>\n","protected":false},"author":1,"featured_media":0,"parent":2039,"menu_order":0,"comment_status":"closed","ping_status":"closed","template":"","meta":{"_lmt_disableupdate":"no","_lmt_disable":"no","wp_typography_post_enhancements_disabled":false,"footnotes":""},"class_list":["post-4163","page","type-page","status-publish","hentry"],"translation":{"provider":"WPGlobus","version":"3.0.2","language":"gb","enabled_languages":["de","fr","gb","pl"],"languages":{"de":{"title":true,"content":true,"excerpt":false},"fr":{"title":false,"content":false,"excerpt":false},"gb":{"title":false,"content":false,"excerpt":false},"pl":{"title":false,"content":false,"excerpt":false}}},"_links":{"self":[{"href":"https:\/\/evolutionsweg.de\/gb\/wp-json\/wp\/v2\/pages\/4163","targetHints":{"allow":["GET"]}}],"collection":[{"href":"https:\/\/evolutionsweg.de\/gb\/wp-json\/wp\/v2\/pages"}],"about":[{"href":"https:\/\/evolutionsweg.de\/gb\/wp-json\/wp\/v2\/types\/page"}],"author":[{"embeddable":true,"href":"https:\/\/evolutionsweg.de\/gb\/wp-json\/wp\/v2\/users\/1"}],"replies":[{"embeddable":true,"href":"https:\/\/evolutionsweg.de\/gb\/wp-json\/wp\/v2\/comments?post=4163"}],"version-history":[{"count":0,"href":"https:\/\/evolutionsweg.de\/gb\/wp-json\/wp\/v2\/pages\/4163\/revisions"}],"up":[{"embeddable":true,"href":"https:\/\/evolutionsweg.de\/gb\/wp-json\/wp\/v2\/pages\/2039"}],"wp:attachment":[{"href":"https:\/\/evolutionsweg.de\/gb\/wp-json\/wp\/v2\/media?parent=4163"}],"curies":[{"name":"wp","href":"https:\/\/api.w.org\/{rel}","templated":true}]}}