{"id":4055,"date":"2023-03-24T21:25:24","date_gmt":"2023-03-24T20:25:24","guid":{"rendered":"https:\/\/evolutionsweg.de\/?page_id=4055"},"modified":"2025-08-12T16:31:43","modified_gmt":"2025-08-12T14:31:43","slug":"neuruppin-brandenburg","status":"publish","type":"page","link":"https:\/\/evolutionsweg.de\/gb\/standorte\/neuruppin-brandenburg\/","title":{"rendered":"Neuruppin (Brandenburg)"},"content":{"rendered":"<p>Der seit April 2023 bestehende Evol\u00adu\u00adtion\u00adsweg in Neurup\u00adpin beginnt im Norden am Kreisel und verl\u00e4uft der Hein\u00adrich-Rau-Stra\u00dfe entlang nach S\u00fcden. Er ist durch diverse Buslinien der Stadt ganzj\u00e4hrig gut zu erreichen. West\u00adlich des Kreis\u00adverkehrs liegt mit dem <span class=\"caps\">REIZ<\/span> das gr\u00f6\u00dfte Einkauf\u00adszen\u00adtrum der&nbsp;Stadt.<\/p>\n<p><iframe loading=\"lazy\" style=\"border: 0;\" src=\"https:\/\/www.google.com\/maps\/embed?pb=!1m24!1m12!1m3!1d8410.01612019299!2d12.786581227739097!3d52.91493719907027!2m3!1f0!2f0!3f0!3m2!1i1024!2i768!4f13.1!4m9!3e2!4m3!3m2!1d52.9197451!2d12.788402999999999!4m3!3m2!1d52.9104879!2d12.797708199999999!5e0!3m2!1sde!2sde!4v1681401559629!5m2!1sde!2sde\" width=\"600\" height=\"450\" allowfullscreen=\"allowfullscreen\"><\/iframe><\/p>\n<div><\/div>\n<div>\n<div>Der Lehrp\u00adfad liegt in einer Gr\u00fcn\u00adan\u00adlage paral\u00adlel, aber abseits von Stra\u00dfe und Radweg, sodass er gefahr\u00adlos began\u00adgen werden kann.<\/div>\n<div>In unmit\u00adtel\u00adbarer N\u00e4he befinden sich drei Schu\u00adlen, die ihn in den Bio- oder Geoun\u00adter\u00adricht integ\u00adri\u00aderen k\u00f6nnen.<\/div>\n<\/div>\n<div><\/div>\n<div>Motivil\u00adlus\u00adtra\u00adtionen an diesem Stan\u00addort: Bernd Kammermeier.<\/div>\n<p>Der Weg wurde vom <a href=\"https:\/\/www.kreisjagdverband-opr.de\/\" target=\"_blank\" rel=\"noopener\"><strong>Kreis\u00adjag\u00add\u00adverb\u00adand Ostprig\u00adnitz-Ruppin e.V.<\/strong><\/a> errichtet.<\/p>\n<p><a href=\"https:\/\/www.kreisjagdverband-opr.de\/\" target=\"_blank\" rel=\"noopener\"><img loading=\"lazy\" decoding=\"async\" class=\"alignnone wp-image-4059\" src=\"https:\/\/evolutionsweg.de\/wp-content\/uploads\/Neuruppin\/Logo_KJV_OPR_300dpi-300x300.jpg\" alt width=\"300\" height=\"300\" srcset=\"https:\/\/evolutionsweg.de\/wp-content\/uploads\/Neuruppin\/Logo_KJV_OPR_300dpi-300x300.jpg 300w, https:\/\/evolutionsweg.de\/wp-content\/uploads\/Neuruppin\/Logo_KJV_OPR_300dpi-1024x1024.jpg 1024w, https:\/\/evolutionsweg.de\/wp-content\/uploads\/Neuruppin\/Logo_KJV_OPR_300dpi-150x150.jpg 150w, https:\/\/evolutionsweg.de\/wp-content\/uploads\/Neuruppin\/Logo_KJV_OPR_300dpi-768x768.jpg 768w, https:\/\/evolutionsweg.de\/wp-content\/uploads\/Neuruppin\/Logo_KJV_OPR_300dpi-1536x1536.jpg 1536w, https:\/\/evolutionsweg.de\/wp-content\/uploads\/Neuruppin\/Logo_KJV_OPR_300dpi.jpg 1772w\" sizes=\"auto, (max-width: 300px) 100vw, 300px\"><\/a><\/p>\n<p>Wir bedanken uns bei unseren Unterst\u00fcrzern:<\/p>\n<p><a href=\"https:\/\/www.neuruppin.de\/home.html\" target=\"_blank\" rel=\"noopener\"><img loading=\"lazy\" decoding=\"async\" class=\"size-medium wp-image-4094 alignnone\" src=\"https:\/\/evolutionsweg.de\/wp-content\/uploads\/Neuruppin\/Stadt-Neuruppin_logo_trans-300x73.png\" alt width=\"300\" height=\"73\" srcset=\"https:\/\/evolutionsweg.de\/wp-content\/uploads\/Neuruppin\/Stadt-Neuruppin_logo_trans-300x73.png 300w, https:\/\/evolutionsweg.de\/wp-content\/uploads\/Neuruppin\/Stadt-Neuruppin_logo_trans-1024x249.png 1024w, https:\/\/evolutionsweg.de\/wp-content\/uploads\/Neuruppin\/Stadt-Neuruppin_logo_trans-768x187.png 768w, https:\/\/evolutionsweg.de\/wp-content\/uploads\/Neuruppin\/Stadt-Neuruppin_logo_trans-1536x374.png 1536w, https:\/\/evolutionsweg.de\/wp-content\/uploads\/Neuruppin\/Stadt-Neuruppin_logo_trans-2048x498.png 2048w, https:\/\/evolutionsweg.de\/wp-content\/uploads\/Neuruppin\/Stadt-Neuruppin_logo_trans-150x36.png 150w\" sizes=\"auto, (max-width: 300px) 100vw, 300px\"><\/a><\/p>\n<p><a href=\"https:\/\/arr-berlin.de\/\" target=\"_blank\" rel=\"noopener\"><img loading=\"lazy\" decoding=\"async\" class=\"size-medium wp-image-4086 alignnone\" src=\"https:\/\/evolutionsweg.de\/wp-content\/uploads\/Neuruppin\/ARR_Fl-hilfe-300x300.png\" alt width=\"300\" height=\"300\" srcset=\"https:\/\/evolutionsweg.de\/wp-content\/uploads\/Neuruppin\/ARR_Fl-hilfe-300x300.png 300w, https:\/\/evolutionsweg.de\/wp-content\/uploads\/Neuruppin\/ARR_Fl-hilfe-150x150.png 150w, https:\/\/evolutionsweg.de\/wp-content\/uploads\/Neuruppin\/ARR_Fl-hilfe.png 500w\" sizes=\"auto, (max-width: 300px) 100vw, 300px\"><\/a><\/p>\n<p><a href=\"https:\/\/www.bdf-online.de\/\" target=\"_blank\" rel=\"noopener\"><img loading=\"lazy\" decoding=\"async\" class=\"size-medium wp-image-4125 alignnone\" src=\"https:\/\/evolutionsweg.de\/wp-content\/uploads\/Neuruppin\/BDF-300x240.jpg\" alt width=\"300\" height=\"240\" srcset=\"https:\/\/evolutionsweg.de\/wp-content\/uploads\/Neuruppin\/BDF-300x240.jpg 300w, https:\/\/evolutionsweg.de\/wp-content\/uploads\/Neuruppin\/BDF-1024x818.jpg 1024w, https:\/\/evolutionsweg.de\/wp-content\/uploads\/Neuruppin\/BDF-768x614.jpg 768w, https:\/\/evolutionsweg.de\/wp-content\/uploads\/Neuruppin\/BDF-150x120.jpg 150w, https:\/\/evolutionsweg.de\/wp-content\/uploads\/Neuruppin\/BDF.jpg 1086w\" sizes=\"auto, (max-width: 300px) 100vw, 300px\"><\/a><\/p>\n<p><a href=\"https:\/\/www.gbs-berlin.de\/\" target=\"_blank\" rel=\"noopener\"><img loading=\"lazy\" decoding=\"async\" class=\"size-medium wp-image-4091 alignnone\" src=\"https:\/\/evolutionsweg.de\/wp-content\/uploads\/Neuruppin\/EHBB-300x157.png\" alt width=\"300\" height=\"157\" srcset=\"https:\/\/evolutionsweg.de\/wp-content\/uploads\/Neuruppin\/EHBB-300x157.png 300w, https:\/\/evolutionsweg.de\/wp-content\/uploads\/Neuruppin\/EHBB-150x79.png 150w, https:\/\/evolutionsweg.de\/wp-content\/uploads\/Neuruppin\/EHBB.png 500w\" sizes=\"auto, (max-width: 300px) 100vw, 300px\"><\/a><\/p>\n<p><a href=\"https:\/\/forst.brandenburg.de\/lfb\/de\/#\" target=\"_blank\" rel=\"noopener\"><img loading=\"lazy\" decoding=\"async\" class=\"size-medium wp-image-4096 alignnone\" src=\"https:\/\/evolutionsweg.de\/wp-content\/uploads\/Neuruppin\/ForstBB-300x142.png\" alt width=\"300\" height=\"142\" srcset=\"https:\/\/evolutionsweg.de\/wp-content\/uploads\/Neuruppin\/ForstBB-300x142.png 300w, https:\/\/evolutionsweg.de\/wp-content\/uploads\/Neuruppin\/ForstBB-150x71.png 150w, https:\/\/evolutionsweg.de\/wp-content\/uploads\/Neuruppin\/ForstBB.png 500w\" sizes=\"auto, (max-width: 300px) 100vw, 300px\"><\/a><\/p>\n<p><a href=\"https:\/\/grafikdesign-anders.de\/index.html\" target=\"_blank\" rel=\"noopener\"><img loading=\"lazy\" decoding=\"async\" class=\"size-medium wp-image-4124 alignnone\" src=\"https:\/\/evolutionsweg.de\/wp-content\/uploads\/Neuruppin\/Grafikdesign_Anders-300x92.jpg\" alt width=\"300\" height=\"92\" srcset=\"https:\/\/evolutionsweg.de\/wp-content\/uploads\/Neuruppin\/Grafikdesign_Anders-300x92.jpg 300w, https:\/\/evolutionsweg.de\/wp-content\/uploads\/Neuruppin\/Grafikdesign_Anders-150x46.jpg 150w, https:\/\/evolutionsweg.de\/wp-content\/uploads\/Neuruppin\/Grafikdesign_Anders.jpg 400w\" sizes=\"auto, (max-width: 300px) 100vw, 300px\"><\/a><\/p>\n<p><a href=\"https:\/\/www.hnee.de\/de\/Startseite\/HNEEberswalde-Startseite-E9875.htm\" target=\"_blank\" rel=\"noopener\"><img loading=\"lazy\" decoding=\"async\" class=\"size-medium wp-image-4092 alignnone\" src=\"https:\/\/evolutionsweg.de\/wp-content\/uploads\/Neuruppin\/HNEE-300x138.png\" alt width=\"300\" height=\"138\" srcset=\"https:\/\/evolutionsweg.de\/wp-content\/uploads\/Neuruppin\/HNEE-300x138.png 300w, https:\/\/evolutionsweg.de\/wp-content\/uploads\/Neuruppin\/HNEE-150x69.png 150w, https:\/\/evolutionsweg.de\/wp-content\/uploads\/Neuruppin\/HNEE.png 500w\" sizes=\"auto, (max-width: 300px) 100vw, 300px\"><\/a><\/p>\n<p><img loading=\"lazy\" decoding=\"async\" class=\"size-medium wp-image-4087 alignnone\" src=\"https:\/\/evolutionsweg.de\/wp-content\/uploads\/Neuruppin\/HVD_BB-300x300.png\" alt width=\"300\" height=\"300\" srcset=\"https:\/\/evolutionsweg.de\/wp-content\/uploads\/Neuruppin\/HVD_BB-300x300.png 300w, https:\/\/evolutionsweg.de\/wp-content\/uploads\/Neuruppin\/HVD_BB-150x150.png 150w, https:\/\/evolutionsweg.de\/wp-content\/uploads\/Neuruppin\/HVD_BB.png 643w\" sizes=\"auto, (max-width: 300px) 100vw, 300px\"><\/p>\n<p><a href=\"https:\/\/www.pastafari.eu\/\" target=\"_blank\" rel=\"noopener\"><img loading=\"lazy\" decoding=\"async\" class=\"size-full wp-image-1704 alignnone\" src=\"https:\/\/evolutionsweg.de\/wp-content\/uploads\/Kyritz\/Kyritz_Pastafari.png\" alt width=\"300\" height=\"299\" srcset=\"https:\/\/evolutionsweg.de\/wp-content\/uploads\/Kyritz\/Kyritz_Pastafari.png 300w, https:\/\/evolutionsweg.de\/wp-content\/uploads\/Kyritz\/Kyritz_Pastafari-150x150.png 150w\" sizes=\"auto, (max-width: 300px) 100vw, 300px\"><\/a><\/p>\n<p><img loading=\"lazy\" decoding=\"async\" class=\"wp-image-4076 size-medium alignnone\" src=\"https:\/\/evolutionsweg.de\/wp-content\/uploads\/Neuruppin\/Peter_Linke-300x300.png\" alt width=\"300\" height=\"300\" srcset=\"https:\/\/evolutionsweg.de\/wp-content\/uploads\/Neuruppin\/Peter_Linke-300x300.png 300w, https:\/\/evolutionsweg.de\/wp-content\/uploads\/Neuruppin\/Peter_Linke-150x150.png 150w, https:\/\/evolutionsweg.de\/wp-content\/uploads\/Neuruppin\/Peter_Linke.png 500w\" sizes=\"auto, (max-width: 300px) 100vw, 300px\"><\/p>\n<p><a href=\"https:\/\/neuruppin.rotary.de\/\" target=\"_blank\" rel=\"noopener\"><img loading=\"lazy\" decoding=\"async\" class=\"size-medium wp-image-4098 alignnone\" src=\"https:\/\/evolutionsweg.de\/wp-content\/uploads\/Neuruppin\/Rotary-300x109.png\" alt width=\"300\" height=\"109\" srcset=\"https:\/\/evolutionsweg.de\/wp-content\/uploads\/Neuruppin\/Rotary-300x109.png 300w, https:\/\/evolutionsweg.de\/wp-content\/uploads\/Neuruppin\/Rotary-150x55.png 150w, https:\/\/evolutionsweg.de\/wp-content\/uploads\/Neuruppin\/Rotary.png 643w\" sizes=\"auto, (max-width: 300px) 100vw, 300px\"><\/a><\/p>\n<p><a href=\"https:\/\/www.sdw-brandenburg.de\/\" target=\"_blank\" rel=\"noopener\"><img loading=\"lazy\" decoding=\"async\" class=\"size-medium wp-image-4102 alignnone\" src=\"https:\/\/evolutionsweg.de\/wp-content\/uploads\/Neuruppin\/SDW_Logo_LV_Brandenburg_rechts_RGB-300x212.jpg\" alt width=\"300\" height=\"212\" srcset=\"https:\/\/evolutionsweg.de\/wp-content\/uploads\/Neuruppin\/SDW_Logo_LV_Brandenburg_rechts_RGB-300x212.jpg 300w, https:\/\/evolutionsweg.de\/wp-content\/uploads\/Neuruppin\/SDW_Logo_LV_Brandenburg_rechts_RGB-1024x724.jpg 1024w, https:\/\/evolutionsweg.de\/wp-content\/uploads\/Neuruppin\/SDW_Logo_LV_Brandenburg_rechts_RGB-768x543.jpg 768w, https:\/\/evolutionsweg.de\/wp-content\/uploads\/Neuruppin\/SDW_Logo_LV_Brandenburg_rechts_RGB-1536x1086.jpg 1536w, https:\/\/evolutionsweg.de\/wp-content\/uploads\/Neuruppin\/SDW_Logo_LV_Brandenburg_rechts_RGB-2048x1448.jpg 2048w, https:\/\/evolutionsweg.de\/wp-content\/uploads\/Neuruppin\/SDW_Logo_LV_Brandenburg_rechts_RGB-150x106.jpg 150w\" sizes=\"auto, (max-width: 300px) 100vw, 300px\"><\/a><\/p>\n<p><a href=\"https:\/\/www.sparkasse-opr.de\/de\/home.html\" target=\"_blank\" rel=\"noopener\"><img loading=\"lazy\" decoding=\"async\" class=\"size-medium wp-image-4097 alignnone\" src=\"https:\/\/evolutionsweg.de\/wp-content\/uploads\/Neuruppin\/Sparkasse-OPR-Logo-300x111.jpg\" alt width=\"300\" height=\"111\" srcset=\"https:\/\/evolutionsweg.de\/wp-content\/uploads\/Neuruppin\/Sparkasse-OPR-Logo-300x111.jpg 300w, https:\/\/evolutionsweg.de\/wp-content\/uploads\/Neuruppin\/Sparkasse-OPR-Logo-1024x377.jpg 1024w, https:\/\/evolutionsweg.de\/wp-content\/uploads\/Neuruppin\/Sparkasse-OPR-Logo-768x283.jpg 768w, https:\/\/evolutionsweg.de\/wp-content\/uploads\/Neuruppin\/Sparkasse-OPR-Logo-1536x566.jpg 1536w, https:\/\/evolutionsweg.de\/wp-content\/uploads\/Neuruppin\/Sparkasse-OPR-Logo-2048x755.jpg 2048w, https:\/\/evolutionsweg.de\/wp-content\/uploads\/Neuruppin\/Sparkasse-OPR-Logo-150x55.jpg 150w\" sizes=\"auto, (max-width: 300px) 100vw, 300px\"><\/a><\/p>\n<p><a href=\"https:\/\/www.swn.de\/\" target=\"_blank\" rel=\"noopener\"><img loading=\"lazy\" decoding=\"async\" class=\"size-medium wp-image-4095 alignnone\" src=\"https:\/\/evolutionsweg.de\/wp-content\/uploads\/Neuruppin\/Stadtwerke-300x136.png\" alt width=\"300\" height=\"136\" srcset=\"https:\/\/evolutionsweg.de\/wp-content\/uploads\/Neuruppin\/Stadtwerke-300x136.png 300w, https:\/\/evolutionsweg.de\/wp-content\/uploads\/Neuruppin\/Stadtwerke-150x68.png 150w, https:\/\/evolutionsweg.de\/wp-content\/uploads\/Neuruppin\/Stadtwerke.png 500w\" sizes=\"auto, (max-width: 300px) 100vw, 300px\"><\/a><\/p>\n<p><a href=\"https:\/\/stattwerke.de\/\" target=\"_blank\" rel=\"noopener\"><img loading=\"lazy\" decoding=\"async\" class=\"size-medium wp-image-4093 alignnone\" src=\"https:\/\/evolutionsweg.de\/wp-content\/uploads\/Neuruppin\/Stattwerke-300x103.png\" alt width=\"300\" height=\"103\" srcset=\"https:\/\/evolutionsweg.de\/wp-content\/uploads\/Neuruppin\/Stattwerke-300x103.png 300w, https:\/\/evolutionsweg.de\/wp-content\/uploads\/Neuruppin\/Stattwerke-150x51.png 150w, https:\/\/evolutionsweg.de\/wp-content\/uploads\/Neuruppin\/Stattwerke.png 500w\" sizes=\"auto, (max-width: 300px) 100vw, 300px\"><\/a><\/p>\n<p><img loading=\"lazy\" decoding=\"async\" class=\"alignnone wp-image-4657 size-full\" src=\"https:\/\/evolutionsweg.de\/wp-content\/uploads\/Neuruppin\/Stefan_Koch-300x300-1.png\" alt width=\"300\" height=\"322\" srcset=\"https:\/\/evolutionsweg.de\/wp-content\/uploads\/Neuruppin\/Stefan_Koch-300x300-1.png 300w, https:\/\/evolutionsweg.de\/wp-content\/uploads\/Neuruppin\/Stefan_Koch-300x300-1-280x300.png 280w, https:\/\/evolutionsweg.de\/wp-content\/uploads\/Neuruppin\/Stefan_Koch-300x300-1-140x150.png 140w\" sizes=\"auto, (max-width: 300px) 100vw, 300px\"><\/p>\n<p>&nbsp;<\/p>\n<p><img loading=\"lazy\" decoding=\"async\" class=\"alignleft size-medium wp-image-4079\" src=\"https:\/\/evolutionsweg.de\/wp-content\/uploads\/Neuruppin\/Wolfgang_Weiss-300x300.png\" alt width=\"300\" height=\"300\" srcset=\"https:\/\/evolutionsweg.de\/wp-content\/uploads\/Neuruppin\/Wolfgang_Weiss-300x300.png 300w, https:\/\/evolutionsweg.de\/wp-content\/uploads\/Neuruppin\/Wolfgang_Weiss-150x150.png 150w, https:\/\/evolutionsweg.de\/wp-content\/uploads\/Neuruppin\/Wolfgang_Weiss.png 500w\" sizes=\"auto, (max-width: 300px) 100vw, 300px\"><\/p>\n","protected":false},"excerpt":{"rendered":"<p>Der seit April 2023 bestehende Evol\u00adu\u00adtion\u00adsweg in Neurup\u00adpin beginnt im Norden am Kreisel und verl\u00e4uft der Hein\u00adrich-Rau-Stra\u00dfe entlang nach S\u00fcden. Er ist durch diverse Buslinien der Stadt ganzj\u00e4hrig gut zu erreichen. West\u00adlich des Kreis\u00adverkehrs liegt mit dem <span class=\"caps\">REIZ<\/span> das gr\u00f6\u00dfte Einkauf\u00adszen\u00adtrum der&nbsp;Stadt. Der Lehrp\u00adfad liegt in einer Gr\u00fcn\u00adan\u00adlage paral\u00adlel, aber abseits von Stra\u00dfe und Radweg, sodass er gefahr\u00adlos began\u00adgen werden kann. In unmit\u00adtel\u00adbarer N\u00e4he befinden sich drei Schu\u00adlen, die&nbsp;ihn\u2026<\/p>\n<p class=\"continue-reading-button\"> <a class=\"continue-reading-link\" href=\"https:\/\/evolutionsweg.de\/gb\/standorte\/neuruppin-brandenburg\/\">\u2026mehr dazu<i class=\"crycon-right-dir\"><\/i><\/a><\/p>\n","protected":false},"author":3,"featured_media":0,"parent":2039,"menu_order":0,"comment_status":"closed","ping_status":"closed","template":"","meta":{"_lmt_disableupdate":"no","_lmt_disable":"no","wp_typography_post_enhancements_disabled":false,"footnotes":""},"class_list":["post-4055","page","type-page","status-publish","hentry"],"translation":{"provider":"WPGlobus","version":"3.0.2","language":"gb","enabled_languages":["de","fr","gb","pl"],"languages":{"de":{"title":true,"content":true,"excerpt":false},"fr":{"title":false,"content":false,"excerpt":false},"gb":{"title":false,"content":false,"excerpt":false},"pl":{"title":false,"content":false,"excerpt":false}}},"_links":{"self":[{"href":"https:\/\/evolutionsweg.de\/gb\/wp-json\/wp\/v2\/pages\/4055","targetHints":{"allow":["GET"]}}],"collection":[{"href":"https:\/\/evolutionsweg.de\/gb\/wp-json\/wp\/v2\/pages"}],"about":[{"href":"https:\/\/evolutionsweg.de\/gb\/wp-json\/wp\/v2\/types\/page"}],"author":[{"embeddable":true,"href":"https:\/\/evolutionsweg.de\/gb\/wp-json\/wp\/v2\/users\/3"}],"replies":[{"embeddable":true,"href":"https:\/\/evolutionsweg.de\/gb\/wp-json\/wp\/v2\/comments?post=4055"}],"version-history":[{"count":0,"href":"https:\/\/evolutionsweg.de\/gb\/wp-json\/wp\/v2\/pages\/4055\/revisions"}],"up":[{"embeddable":true,"href":"https:\/\/evolutionsweg.de\/gb\/wp-json\/wp\/v2\/pages\/2039"}],"wp:attachment":[{"href":"https:\/\/evolutionsweg.de\/gb\/wp-json\/wp\/v2\/media?parent=4055"}],"curies":[{"name":"wp","href":"https:\/\/api.w.org\/{rel}","templated":true}]}}