{"id":3400,"date":"2021-07-21T01:46:51","date_gmt":"2021-07-20T23:46:51","guid":{"rendered":"https:\/\/evolutionsweg.de\/?page_id=3400"},"modified":"2023-07-31T21:46:22","modified_gmt":"2023-07-31T19:46:22","slug":"weitere-evolutionswege","status":"publish","type":"page","link":"https:\/\/evolutionsweg.de\/gb\/standorte\/weitere-evolutionswege\/","title":{"rendered":"weitere Evolutionswege"},"content":{"rendered":"<h3>Pl\u00f6n (Schleswig-Holstein)<\/h3>\n<p>Am 14.9.2018 wurde im Rahmen des 70. Jubil\u00e4ums der Max-Planck-Gesell\u00adschaft am Strandweg des Gro\u00dfen Pl\u00f6ner Sees in Schleswig-Holstein ein Lehrp\u00adfad zur Evol\u00adu\u00adtion er\u00f6ffnet. Entwick\u00adelt wurde er von Prof. Dr. Dieth\u00adard Tautz und Dr. Kerstin Mehnert vom Max-Planck-Insti\u00adtut f\u00fcr Entwicklungs\u00adbio\u00adlo\u00adgie in&nbsp;Pl\u00f6n.<\/p>\n<p>Der Pfad f\u00fchrt entlang des Seeufers \u00fcber die Eutin\u00ader\u00adstra\u00dfe bis zum Max-Planck-Insti\u00adtut und stellt in 11 Stationen die Geschichte und Evol\u00adu\u00adtion des Lebens auf der Erde dar. Weit\u00adere Informationen:<\/p>\n<p><a href=\"https:\/\/www.evolbio.mpg.de\/evolutionspfad\" target=\"_blank\" rel=\"noopener noreferrer\">\u21d2 evolbio.mpg.de\/evolutionspfad<\/a><\/p>\n<hr>\n<h3>Lauf a. d. Pegnitz (Bayern)<\/h3>\n<p>Der <strong>Lehrp\u00adfad zur Evol\u00adu\u00adtion <\/strong>in Lauf verfolgt ein anderes didakt\u00adisches Konzept, enth\u00e4lt nicht die Schilder\/Illustrationen der hier beschriebenen Wegpunkte, und er ist auch wesent\u00adlich k\u00fcrzer. Dennoch beschreibt auch dieser Weg nat\u00fcr\u00adlich \u00fcber\u00adwie\u00adgend dies\u00adel\u00adben Ereign\u00adisse und Entwicklun\u00adgen, weshalb hier gerne auf ihn hingew\u00adiesen sein&nbsp;soll.<\/p>\n<p>Der Weg entstand im Rahmen des P\u2011Seminars \u201eUrknall \u2014 Stein\u00adzeit \u2014 Welt\u00admod\u00adell: Wir machen Wissenschaft begre\u00adif\u00adbar\u201c im Zeitraum zwis\u00adchen 2015 bis&nbsp;2017.<\/p>\n<p><a href=\"http:\/\/www.physik.de.rs\/schule\/evolution\" target=\"_blank\" rel=\"noopener\">\u21d2 physik.de.rs\/schule\/evolution<\/a><\/p>\n<p>Er beginnt vor 13,8 Mrd. Jahren mit der Entstehung des Kosmos, der physikalis\u00adchen Evol\u00adu\u00adtion, und reicht nach der biolo\u00adgis\u00adchen Evol\u00adu\u00adtion noch \u00fcber die Gegen\u00adwart hinaus. Die <strong>Zeit seit dem Urknall<\/strong>&nbsp;ist linear auf eine Strecke von <strong>276 Metern<\/strong> skaliert:&nbsp;<strong>Einem Meter ents\u00adprechen 50 Mio. Jahre<\/strong>.<\/p>\n<p>Dieser Evol\u00adu\u00adtion\u00adsweg ist \u201e<strong>hands on<\/strong>\u201c, das hei\u00dft, er bezieht d\u00ede Besucher&nbsp;<strong>interaktiv<\/strong> mit ein: Indem sie Puzzleteile passend zusam\u00admen\u00adle\u00adgen, erschlie\u00dfen sie sich selbst die richtige Reihen\u00adfolge oder die kaus\u00adalen Zusammenh\u00e4nge.<\/p>\n<p>Aufges\u00adtellt sind die Tafeln in 91207&nbsp;<strong>Lauf a. d. Pegnitz<\/strong>&nbsp;n\u00f6rd\u00adlich der Akademie der Bundesagen\u00adtur f\u00fcr Arbeit.<\/p>\n<hr>\n<h3>Zeiningen (Aargau\/Schweiz)<\/h3>\n<p>Dieser vom Jura\u00adpark Aargau entwick\u00adelte Evol\u00adu\u00adtion\u00adsp\u00adfad ist 4,5&nbsp;km lang (ab der Entstehung unseres Sonnensys\u00adtems) und beginnt in Zein\u00adin\u00adgen. Er ist einge\u00adb\u00adettet in einen l\u00e4ngeren Lehrp\u00adfad, der die Zeit seit dem Urknall umfasst, insges\u00adamt 14&nbsp;km misst und in Rhein\u00adfelden beginnt.<\/p>\n<p><a href=\"https:\/\/aargautourismus.ch\/erleben\/themenwege\/evolutionspfad\" target=\"_blank\" rel=\"noopener\">\u21d2 aargautourismus.ch\/erleben\/themenwege\/evolutionspfad<\/a><\/p>\n","protected":false},"excerpt":{"rendered":"<p>Pl\u00f6n (Schleswig-Holstein) Am 14.9.2018 wurde im Rahmen des 70. Jubil\u00e4ums der Max-Planck-Gesell\u00adschaft am Strandweg des Gro\u00dfen Pl\u00f6ner Sees in Schleswig-Holstein ein Lehrp\u00adfad zur Evol\u00adu\u00adtion er\u00f6ffnet. Entwick\u00adelt wurde er von Prof. Dr. Dieth\u00adard Tautz und Dr. Kerstin Mehnert vom Max-Planck-Insti\u00ad\u00adtut f\u00fcr Entwicklungs\u00adbio\u00adlo\u00adgie in&nbsp;Pl\u00f6n. Der Pfad f\u00fchrt entlang des Seeufers \u00fcber die Eutin\u00ader\u00adstra\u00dfe bis zum Max-Planck-Insti\u00ad\u00adtut und stellt in 11 Stationen die Geschichte und Evol\u00adu\u00adtion des Lebens auf der Erde dar. Weitere\u2026<\/p>\n<p class=\"continue-reading-button\"> <a class=\"continue-reading-link\" href=\"https:\/\/evolutionsweg.de\/gb\/standorte\/weitere-evolutionswege\/\">\u2026mehr dazu<i class=\"crycon-right-dir\"><\/i><\/a><\/p>\n","protected":false},"author":3,"featured_media":0,"parent":2039,"menu_order":0,"comment_status":"closed","ping_status":"closed","template":"","meta":{"_lmt_disableupdate":"no","_lmt_disable":"no","wp_typography_post_enhancements_disabled":false,"footnotes":""},"class_list":["post-3400","page","type-page","status-publish","hentry"],"translation":{"provider":"WPGlobus","version":"3.0.2","language":"gb","enabled_languages":["de","fr","gb","pl"],"languages":{"de":{"title":true,"content":true,"excerpt":false},"fr":{"title":false,"content":false,"excerpt":false},"gb":{"title":false,"content":false,"excerpt":false},"pl":{"title":false,"content":false,"excerpt":false}}},"_links":{"self":[{"href":"https:\/\/evolutionsweg.de\/gb\/wp-json\/wp\/v2\/pages\/3400","targetHints":{"allow":["GET"]}}],"collection":[{"href":"https:\/\/evolutionsweg.de\/gb\/wp-json\/wp\/v2\/pages"}],"about":[{"href":"https:\/\/evolutionsweg.de\/gb\/wp-json\/wp\/v2\/types\/page"}],"author":[{"embeddable":true,"href":"https:\/\/evolutionsweg.de\/gb\/wp-json\/wp\/v2\/users\/3"}],"replies":[{"embeddable":true,"href":"https:\/\/evolutionsweg.de\/gb\/wp-json\/wp\/v2\/comments?post=3400"}],"version-history":[{"count":0,"href":"https:\/\/evolutionsweg.de\/gb\/wp-json\/wp\/v2\/pages\/3400\/revisions"}],"up":[{"embeddable":true,"href":"https:\/\/evolutionsweg.de\/gb\/wp-json\/wp\/v2\/pages\/2039"}],"wp:attachment":[{"href":"https:\/\/evolutionsweg.de\/gb\/wp-json\/wp\/v2\/media?parent=3400"}],"curies":[{"name":"wp","href":"https:\/\/api.w.org\/{rel}","templated":true}]}}