{"id":2068,"date":"2020-07-13T12:25:52","date_gmt":"2020-07-13T10:25:52","guid":{"rendered":"https:\/\/evolutionsweg.de\/?page_id=2068"},"modified":"2021-02-26T09:13:20","modified_gmt":"2021-02-26T08:13:20","slug":"deine-stadt","status":"publish","type":"page","link":"https:\/\/evolutionsweg.de\/gb\/standorte\/deine-stadt\/","title":{"rendered":"Deine Stadt"},"content":{"rendered":"<p>Du m\u00f6cht\u00adest den Evol\u00adu\u00adtion\u00adsweg auch in deiner Stadt&nbsp;haben?<br>\n<strong>Dabei unter\u00adst\u00fctzen wir dich gerne!<\/strong> Bitte nimm <a href=\"\/kontakt-impressum\">Kontakt<\/a> mit uns auf, wir schicken dir dann Infoma\u00adter\u00adi\u00adalien, die dir und deiner Gemeinde bei der Entscheidung f\u00fcr die Einrich\u00adtung des Weges helfen k\u00f6nnen.<\/p>\n<p><span class=\"vertieft\"><strong>Orientier\u00adung zum Kosten\u00adrah\u00admen:<\/strong> Wir erheben von anderen Betreibern f\u00fcr jeden errichteten Weg eine <strong>Lizen\u00adzge\u00adb\u00fchr<\/strong> in H\u00f6he von 800 Euro. Diese Geb\u00fchr flie\u00dft komplett an den Verein gbs Rhein-Neckar, geht also nicht an die Giord\u00adano Bruno Stif\u00adtung. F\u00fcr Vereine, die eben\u00adfalls im F\u00f6rder\u00adkreis der Giord\u00adano Bruno Stif\u00adtung sind oder eben\u00adfalls eine human\u00adistische Ausrich\u00adtung haben, ist diese Geb\u00fchr auf 600 Euro reduziert. Der Betrag dient als Aufwand\u00adsentsch\u00e4di\u00adgung f\u00fcr die Unter\u00adst\u00fctzung bei der Einrich\u00adtung weit\u00aderer Wege, die Erstel\u00adlung der Druck\u00advor\u00adla\u00adgen f\u00fcr die neuen Schilder mit den Logos der jewei\u00adli\u00adgen Betreiber sowie f\u00fcr die Einbindung des neuen Stan\u00addorts mit den jeweils beteiligten Sponsoren auf evolutionsweg.de.<\/span><\/p>\n<p><span class=\"vertieft\">Die <strong>Mater\u00adialkos\u00adten<\/strong> (Halter\u00adungen, Schilder\u00adplat\u00adten und Druck der Schilder) summieren sich \u00fcblich\u00ader\u00adweise auf ca. 1700 bis 2000 Euro, die vom Betreiber zu tragen sind. Die Betonier\u00adung der Funda\u00admente f\u00fcr die Bode\u00adnanker erfolgt in aller Regel durch den \u00f6rtlichen Bauhof, f\u00fcr den das Alltags\u00adgesch\u00e4ft ist.<\/span><\/p>\n","protected":false},"excerpt":{"rendered":"<p>Du m\u00f6cht\u00adest den Evol\u00adu\u00adtion\u00adsweg auch in deiner Stadt&nbsp;haben? Dabei unter\u00adst\u00fctzen wir dich gerne! Bitte nimm Kontakt mit uns auf, wir schicken dir dann Infoma\u00adter\u00adi\u00adalien, die dir und deiner Gemeinde bei der Entscheidung f\u00fcr die Einrich\u00adtung des Weges helfen k\u00f6nnen. Orientier\u00adung zum Kosten\u00adrah\u00admen: Wir erheben von anderen Betreibern f\u00fcr jeden errichteten Weg eine Lizen\u00adzge\u00adb\u00fchr in H\u00f6he von 800 Euro. Diese Geb\u00fchr flie\u00dft komplett an den Verein gbs Rhein-Neckar, geht also&nbsp;nicht\u2026<\/p>\n<p class=\"continue-reading-button\"> <a class=\"continue-reading-link\" href=\"https:\/\/evolutionsweg.de\/gb\/standorte\/deine-stadt\/\">\u2026mehr dazu<i class=\"crycon-right-dir\"><\/i><\/a><\/p>\n","protected":false},"author":1,"featured_media":0,"parent":2039,"menu_order":0,"comment_status":"closed","ping_status":"closed","template":"","meta":{"_lmt_disableupdate":"no","_lmt_disable":"no","wp_typography_post_enhancements_disabled":false,"footnotes":""},"class_list":["post-2068","page","type-page","status-publish","hentry"],"translation":{"provider":"WPGlobus","version":"3.0.2","language":"gb","enabled_languages":["de","fr","gb","pl"],"languages":{"de":{"title":true,"content":true,"excerpt":false},"fr":{"title":false,"content":false,"excerpt":false},"gb":{"title":false,"content":false,"excerpt":false},"pl":{"title":true,"content":true,"excerpt":false}}},"_links":{"self":[{"href":"https:\/\/evolutionsweg.de\/gb\/wp-json\/wp\/v2\/pages\/2068","targetHints":{"allow":["GET"]}}],"collection":[{"href":"https:\/\/evolutionsweg.de\/gb\/wp-json\/wp\/v2\/pages"}],"about":[{"href":"https:\/\/evolutionsweg.de\/gb\/wp-json\/wp\/v2\/types\/page"}],"author":[{"embeddable":true,"href":"https:\/\/evolutionsweg.de\/gb\/wp-json\/wp\/v2\/users\/1"}],"replies":[{"embeddable":true,"href":"https:\/\/evolutionsweg.de\/gb\/wp-json\/wp\/v2\/comments?post=2068"}],"version-history":[{"count":0,"href":"https:\/\/evolutionsweg.de\/gb\/wp-json\/wp\/v2\/pages\/2068\/revisions"}],"up":[{"embeddable":true,"href":"https:\/\/evolutionsweg.de\/gb\/wp-json\/wp\/v2\/pages\/2039"}],"wp:attachment":[{"href":"https:\/\/evolutionsweg.de\/gb\/wp-json\/wp\/v2\/media?parent=2068"}],"curies":[{"name":"wp","href":"https:\/\/api.w.org\/{rel}","templated":true}]}}