{"id":2064,"date":"2020-07-13T12:24:41","date_gmt":"2020-07-13T10:24:41","guid":{"rendered":"https:\/\/evolutionsweg.de\/?page_id=2064"},"modified":"2025-12-27T18:54:53","modified_gmt":"2025-12-27T17:54:53","slug":"duesseldorf-nordrhein-westfalen","status":"publish","type":"page","link":"https:\/\/evolutionsweg.de\/gb\/standorte\/duesseldorf-nordrhein-westfalen\/","title":{"rendered":"D\u00fcsseldorf (Nordrhein-Westfalen)"},"content":{"rendered":"<p>Der Evol\u00adu\u00adtion\u00adsweg im D\u00fcssel\u00addor\u00adfer Nord\u00adpark beginnt am Aqua\u00adzoo L\u00f6bbecke Museum (Kais\u00ader\u00adswer\u00adther Str. 380, 40474 D\u00fcssel\u00addorf) und folgt der Gr\u00fcne\u00adwald\u00adstra\u00dfe bis zum&nbsp;Rhein.<\/p>\n<p>In D\u00fcssel\u00addorf ist der Weg 460 Meter lang, jeder Milli\u00admeter ents\u00adpricht also der Zeit\u00addauer von 10.000 Jahren.<br>\nDie&nbsp;<strong>4 Milliarden Jahre<\/strong> lange Geschichte des Lebens wird auf diese Weise <strong>auf 400 Metern<\/strong> nachvollzogen.<br>\nDie Meter-Angaben auf den D\u00fcssel\u00addor\u00adfer Schildern sind an diese verk\u00fcrzte Wegf\u00fchrung angepasst.<\/p>\n<p><iframe loading=\"lazy\" style=\"border: 0;\" tabindex=\"0\" src=\"https:\/\/www.google.com\/maps\/embed?pb=!1m24!1m12!1m3!1d1603.6220227433166!2d6.747938227924529!3d51.25504224106979!2m3!1f0!2f0!3f0!3m2!1i1024!2i768!4f13.1!4m9!3e2!4m3!3m2!1d51.2559344!2d6.7507075!4m3!3m2!1d51.2538195!2d6.7469277!5e0!3m2!1sde!2sde!4v1584221076697!5m2!1sde!2sde\" width=\"600\" height=\"450\" frameborder=\"0\" allowfullscreen=\"allowfullscreen\" aria-hidden=\"false\"><\/iframe><\/p>\n<p>Auf dem Weg in D\u00fcssel\u00addorf werden regel\u00adm\u00e4\u00dfig <strong>F\u00fchrungen <\/strong>ange\u00adboten \u2014 Inform\u00ada\u00adtionen dazu find\u00adest du auf den Seiten des Betreibers: <a href=\"https:\/\/aufklaerungsdienst.de\/wissenschaft\/evolutionsweg\/\" target=\"_blank\" rel=\"noopener\">https:\/\/aufklaerungsdienst.de\/wissenschaft\/evolutionsweg\/<\/a><\/p>\n<h3>Betreiber<\/h3>\n<p>des Evol\u00adu\u00adtion\u00adswegs D\u00fcssel\u00addorf ist der Verein <a href=\"https:\/\/aufklaerungsdienst.de\/\" target=\"_blank\" rel=\"noopener noreferrer\"><strong>gbs D\u00fcssel\u00addorf \u2014 D\u00fcssel\u00addor\u00adfer Aufkl\u00e4rungs\u00addi\u00adenst e.V.<\/strong><\/a><\/p>\n<p><a href=\"https:\/\/aufklaerungsdienst.de\/\" target=\"_blank\" rel=\"noopener noreferrer\"><img loading=\"lazy\" decoding=\"async\" class=\"size-full wp-image-1791 alignnone\" src=\"https:\/\/evolutionsweg.de\/wp-content\/uploads\/D\u00fcsseldorf\/DD_Logo_DA.jpg\" alt width=\"167\" height=\"158\" srcset=\"https:\/\/evolutionsweg.de\/wp-content\/uploads\/D\u00fcsseldorf\/DD_Logo_DA.jpg 167w, https:\/\/evolutionsweg.de\/wp-content\/uploads\/D\u00fcsseldorf\/DD_Logo_DA-150x142.jpg 150w\" sizes=\"auto, (max-width: 167px) 100vw, 167px\"><\/a><\/p>\n<p>Motivil\u00adlus\u00adtra\u00adtionen an diesem Stan\u00addort: Bernd Kammermeier.<\/p>\n<p><strong><span class=\"\u00dc2\">Wir danken<\/span><\/strong><br>\n1. unserer Part\u00adner-Region\u00adal\u00adgruppe&nbsp;<b class>gbs-Rhein-Neckar<\/b><br>\nf\u00fcr die ehrenamt\u00adliche Konzep\u00adtion und Real\u00adis\u00adier\u00adung dieses wunderbaren Lehrpfades<\/p>\n<p>2. Der&nbsp;<b class>Stadt D\u00fcssel\u00addorf<\/b>&nbsp;und dem&nbsp;<b class>Garte\u00adnamt D\u00fcsseldorf&nbsp;<\/b><br>\nf\u00fcr die zur Verf\u00fc\u00adgung gestellte Wegstrecke sowie die Unter\u00adst\u00fctzung und das Entge\u00adgen\u00adkom\u00admen bei der Realisierung<\/p>\n<p>3. Unseren <strong>Schild\u00adpaten<\/strong><br>\nf\u00fcr die durch ihre Patenschaft sicher gestellte Pflege des&nbsp;Weges:<\/p>\n<p>Schild 3 \u2014 Iris Witt und J\u00fcrgen Jansen<\/p>\n<p><a href=\"https:\/\/aufklaerungsdienst.de\/\" target=\"_blank\" rel=\"noopener noreferrer\"><img loading=\"lazy\" decoding=\"async\" class=\"alignnone wp-image-2293\" src=\"https:\/\/evolutionsweg.de\/wp-content\/uploads\/D\u00fcsseldorf\/DD_Iris_Witt_Juergen_Jansen-300x300.jpg\" alt width=\"240\" height=\"240\" srcset=\"https:\/\/evolutionsweg.de\/wp-content\/uploads\/D\u00fcsseldorf\/DD_Iris_Witt_Juergen_Jansen-300x300.jpg 300w, https:\/\/evolutionsweg.de\/wp-content\/uploads\/D\u00fcsseldorf\/DD_Iris_Witt_Juergen_Jansen-1024x1024.jpg 1024w, https:\/\/evolutionsweg.de\/wp-content\/uploads\/D\u00fcsseldorf\/DD_Iris_Witt_Juergen_Jansen-150x150.jpg 150w, https:\/\/evolutionsweg.de\/wp-content\/uploads\/D\u00fcsseldorf\/DD_Iris_Witt_Juergen_Jansen-768x768.jpg 768w, https:\/\/evolutionsweg.de\/wp-content\/uploads\/D\u00fcsseldorf\/DD_Iris_Witt_Juergen_Jansen.jpg 1182w\" sizes=\"auto, (max-width: 240px) 100vw, 240px\"><\/a><\/p>\n<p>Schild 4 \u2014 Britta Schwenk-Bl\u00f6mkes<\/p>\n<p><img loading=\"lazy\" decoding=\"async\" class=\"alignnone wp-image-4846\" src=\"https:\/\/evolutionsweg.de\/wp-content\/uploads\/D\u00fcsseldorf\/Aufkleber_Britta-300x300.jpeg\" alt width=\"240\" height=\"240\" srcset=\"https:\/\/evolutionsweg.de\/wp-content\/uploads\/D\u00fcsseldorf\/Aufkleber_Britta-300x300.jpeg 300w, https:\/\/evolutionsweg.de\/wp-content\/uploads\/D\u00fcsseldorf\/Aufkleber_Britta-150x150.jpeg 150w, https:\/\/evolutionsweg.de\/wp-content\/uploads\/D\u00fcsseldorf\/Aufkleber_Britta.jpeg 480w\" sizes=\"auto, (max-width: 240px) 100vw, 240px\"><\/p>\n<p>Schild 5 \u2014 Gerlind Niehoff-Dechene und Rolf Niehoff<\/p>\n<p><img loading=\"lazy\" decoding=\"async\" class=\"wp-image-3435 alignnone\" src=\"https:\/\/evolutionsweg.de\/wp-content\/uploads\/D\u00fcsseldorf\/DD_05_Niehoff_Dechene-300x300.jpg\" alt width=\"240\" height=\"240\" srcset=\"https:\/\/evolutionsweg.de\/wp-content\/uploads\/D\u00fcsseldorf\/DD_05_Niehoff_Dechene-300x300.jpg 300w, https:\/\/evolutionsweg.de\/wp-content\/uploads\/D\u00fcsseldorf\/DD_05_Niehoff_Dechene-1024x1024.jpg 1024w, https:\/\/evolutionsweg.de\/wp-content\/uploads\/D\u00fcsseldorf\/DD_05_Niehoff_Dechene-150x150.jpg 150w, https:\/\/evolutionsweg.de\/wp-content\/uploads\/D\u00fcsseldorf\/DD_05_Niehoff_Dechene-768x768.jpg 768w, https:\/\/evolutionsweg.de\/wp-content\/uploads\/D\u00fcsseldorf\/DD_05_Niehoff_Dechene.jpg 1182w\" sizes=\"auto, (max-width: 240px) 100vw, 240px\"><\/p>\n<p>Schild 6 \u2014 Joachim und Patri\u00adcia Affeldt<\/p>\n<p><img loading=\"lazy\" decoding=\"async\" class=\"wp-image-3437 alignnone\" src=\"https:\/\/evolutionsweg.de\/wp-content\/uploads\/D\u00fcsseldorf\/DD_06_Affeldt-300x300.jpg\" alt width=\"240\" height=\"240\" srcset=\"https:\/\/evolutionsweg.de\/wp-content\/uploads\/D\u00fcsseldorf\/DD_06_Affeldt-300x300.jpg 300w, https:\/\/evolutionsweg.de\/wp-content\/uploads\/D\u00fcsseldorf\/DD_06_Affeldt-1024x1024.jpg 1024w, https:\/\/evolutionsweg.de\/wp-content\/uploads\/D\u00fcsseldorf\/DD_06_Affeldt-150x150.jpg 150w, https:\/\/evolutionsweg.de\/wp-content\/uploads\/D\u00fcsseldorf\/DD_06_Affeldt-768x768.jpg 768w, https:\/\/evolutionsweg.de\/wp-content\/uploads\/D\u00fcsseldorf\/DD_06_Affeldt.jpg 1182w\" sizes=\"auto, (max-width: 240px) 100vw, 240px\"><\/p>\n<p>Schild 7 \u2014 D\u00fcssel\u00addor\u00adfer Jonges<\/p>\n<p><a href=\"https:\/\/www.duesseldorferjonges.de\" target=\"_blank\" rel=\"noopener\"><img loading=\"lazy\" decoding=\"async\" class=\"alignnone wp-image-3624\" src=\"https:\/\/evolutionsweg.de\/wp-content\/uploads\/D\u00fcsseldorf\/DD_07_jonges.jpg\" alt width=\"240\" height=\"240\" srcset=\"https:\/\/evolutionsweg.de\/wp-content\/uploads\/D\u00fcsseldorf\/DD_07_jonges.jpg 480w, https:\/\/evolutionsweg.de\/wp-content\/uploads\/D\u00fcsseldorf\/DD_07_jonges-300x300.jpg 300w, https:\/\/evolutionsweg.de\/wp-content\/uploads\/D\u00fcsseldorf\/DD_07_jonges-150x150.jpg 150w\" sizes=\"auto, (max-width: 240px) 100vw, 240px\"><\/a><\/p>\n<p>Schild 9 \u2014 Marc und Mech\u00adthild Zimmermann<\/p>\n<p><img loading=\"lazy\" decoding=\"async\" class=\"alignnone wp-image-3438\" src=\"https:\/\/evolutionsweg.de\/wp-content\/uploads\/D\u00fcsseldorf\/DD_09_zimmermann-300x300.png\" alt width=\"240\" height=\"240\" srcset=\"https:\/\/evolutionsweg.de\/wp-content\/uploads\/D\u00fcsseldorf\/DD_09_zimmermann-300x300.png 300w, https:\/\/evolutionsweg.de\/wp-content\/uploads\/D\u00fcsseldorf\/DD_09_zimmermann-1024x1024.png 1024w, https:\/\/evolutionsweg.de\/wp-content\/uploads\/D\u00fcsseldorf\/DD_09_zimmermann-150x150.png 150w, https:\/\/evolutionsweg.de\/wp-content\/uploads\/D\u00fcsseldorf\/DD_09_zimmermann-768x768.png 768w, https:\/\/evolutionsweg.de\/wp-content\/uploads\/D\u00fcsseldorf\/DD_09_zimmermann-1536x1536.png 1536w, https:\/\/evolutionsweg.de\/wp-content\/uploads\/D\u00fcsseldorf\/DD_09_zimmermann-2048x2048.png 2048w\" sizes=\"auto, (max-width: 240px) 100vw, 240px\"><\/p>\n<p>Schild 10 \u2014 Lea&nbsp;Nadic<\/p>\n<p><a href=\"https:\/\/aufklaerungsdienst.de\/\" target=\"_blank\" rel=\"noopener noreferrer\"><img loading=\"lazy\" decoding=\"async\" class=\"alignnone wp-image-1860\" src=\"https:\/\/evolutionsweg.de\/wp-content\/uploads\/D\u00fcsseldorf\/DD_Nadic_Lea-300x300.jpg\" alt width=\"240\" height=\"240\" srcset=\"https:\/\/evolutionsweg.de\/wp-content\/uploads\/D\u00fcsseldorf\/DD_Nadic_Lea-300x300.jpg 300w, https:\/\/evolutionsweg.de\/wp-content\/uploads\/D\u00fcsseldorf\/DD_Nadic_Lea-150x150.jpg 150w, https:\/\/evolutionsweg.de\/wp-content\/uploads\/D\u00fcsseldorf\/DD_Nadic_Lea.jpg 378w\" sizes=\"auto, (max-width: 240px) 100vw, 240px\"><\/a><\/p>\n<p>Schild 11 \u2014 Aqua\u00adzoo L\u00f6bbecke Museum<\/p>\n<p><a href=\"https:\/\/www.duesseldorf.de\/aquazoo\" target=\"_blank\" rel=\"noopener noreferrer\"><img loading=\"lazy\" decoding=\"async\" class=\"wp-image-1925 alignnone\" src=\"https:\/\/evolutionsweg.de\/wp-content\/uploads\/D\u00fcsseldorf\/DD_Aquazoo-300x300.jpg\" alt width=\"240\" height=\"240\" srcset=\"https:\/\/evolutionsweg.de\/wp-content\/uploads\/D\u00fcsseldorf\/DD_Aquazoo-300x300.jpg 300w, https:\/\/evolutionsweg.de\/wp-content\/uploads\/D\u00fcsseldorf\/DD_Aquazoo-1024x1024.jpg 1024w, https:\/\/evolutionsweg.de\/wp-content\/uploads\/D\u00fcsseldorf\/DD_Aquazoo-150x150.jpg 150w, https:\/\/evolutionsweg.de\/wp-content\/uploads\/D\u00fcsseldorf\/DD_Aquazoo-768x768.jpg 768w, https:\/\/evolutionsweg.de\/wp-content\/uploads\/D\u00fcsseldorf\/DD_Aquazoo.jpg 1323w\" sizes=\"auto, (max-width: 240px) 100vw, 240px\"><\/a><\/p>\n<p>Schild 13 \u2014 Hanns Misiak<\/p>\n<p><img loading=\"lazy\" decoding=\"async\" class=\"alignnone wp-image-4845\" src=\"https:\/\/evolutionsweg.de\/wp-content\/uploads\/D\u00fcsseldorf\/240902_Aufkleber_Hanns-300x300.jpeg\" alt width=\"240\" height=\"240\" srcset=\"https:\/\/evolutionsweg.de\/wp-content\/uploads\/D\u00fcsseldorf\/240902_Aufkleber_Hanns-300x300.jpeg 300w, https:\/\/evolutionsweg.de\/wp-content\/uploads\/D\u00fcsseldorf\/240902_Aufkleber_Hanns-150x150.jpeg 150w, https:\/\/evolutionsweg.de\/wp-content\/uploads\/D\u00fcsseldorf\/240902_Aufkleber_Hanns.jpeg 480w\" sizes=\"auto, (max-width: 240px) 100vw, 240px\"><\/p>\n<p>Schild 14 \u2014 Evokids<\/p>\n<p><a href=\"https:\/\/evokids.de\/\" target=\"_blank\" rel=\"noopener noreferrer\"><img loading=\"lazy\" decoding=\"async\" class=\"size-full wp-image-1840 alignnone\" src=\"https:\/\/evolutionsweg.de\/wp-content\/uploads\/D\u00fcsseldorf\/DD_evokids.jpeg\" alt width=\"240\" height=\"240\" srcset=\"https:\/\/evolutionsweg.de\/wp-content\/uploads\/D\u00fcsseldorf\/DD_evokids.jpeg 240w, https:\/\/evolutionsweg.de\/wp-content\/uploads\/D\u00fcsseldorf\/DD_evokids-150x150.jpeg 150w\" sizes=\"auto, (max-width: 240px) 100vw, 240px\"><\/a><\/p>\n<p>Schild 16 \u2014 Pro D\u00fcssel\u00addorf e.V.<\/p>\n<p><a href=\"https:\/\/www.pro-duesseldorf.de\/\" target=\"_blank\" rel=\"noopener\"><img loading=\"lazy\" decoding=\"async\" class=\"alignnone wp-image-4843\" src=\"https:\/\/evolutionsweg.de\/wp-content\/uploads\/D\u00fcsseldorf\/pro_duesseldorf-285x300.jpeg\" alt width=\"240\" height=\"253\" srcset=\"https:\/\/evolutionsweg.de\/wp-content\/uploads\/D\u00fcsseldorf\/pro_duesseldorf-285x300.jpeg 285w, https:\/\/evolutionsweg.de\/wp-content\/uploads\/D\u00fcsseldorf\/pro_duesseldorf-143x150.jpeg 143w, https:\/\/evolutionsweg.de\/wp-content\/uploads\/D\u00fcsseldorf\/pro_duesseldorf.jpeg 480w\" sizes=\"auto, (max-width: 240px) 100vw, 240px\"><\/a><\/p>\n<p>Schild 17 \u2014 Achim&nbsp;Horn<\/p>\n<p><a href=\"https:\/\/aufklaerungsdienst.de\/\" target=\"_blank\" rel=\"noopener noreferrer\"><img loading=\"lazy\" decoding=\"async\" class=\"alignnone wp-image-1859\" src=\"https:\/\/evolutionsweg.de\/wp-content\/uploads\/D\u00fcsseldorf\/DD_Horn_Achim-300x300.jpg\" alt width=\"240\" height=\"240\" srcset=\"https:\/\/evolutionsweg.de\/wp-content\/uploads\/D\u00fcsseldorf\/DD_Horn_Achim-300x300.jpg 300w, https:\/\/evolutionsweg.de\/wp-content\/uploads\/D\u00fcsseldorf\/DD_Horn_Achim-1024x1024.jpg 1024w, https:\/\/evolutionsweg.de\/wp-content\/uploads\/D\u00fcsseldorf\/DD_Horn_Achim-150x150.jpg 150w, https:\/\/evolutionsweg.de\/wp-content\/uploads\/D\u00fcsseldorf\/DD_Horn_Achim-768x768.jpg 768w, https:\/\/evolutionsweg.de\/wp-content\/uploads\/D\u00fcsseldorf\/DD_Horn_Achim.jpg 1186w\" sizes=\"auto, (max-width: 240px) 100vw, 240px\"><\/a><\/p>\n<p>Schild 18 \u2014 Quart\u00adier 8 e.V.<\/p>\n<p><a href=\"https:\/\/www.quartier8flingern.de\/\" target=\"_blank\" rel=\"noopener\"><img loading=\"lazy\" decoding=\"async\" class=\"alignnone wp-image-4834\" src=\"https:\/\/evolutionsweg.de\/wp-content\/uploads\/D\u00fcsseldorf\/quartier_8-300x300.webp\" alt width=\"240\" height=\"240\" srcset=\"https:\/\/evolutionsweg.de\/wp-content\/uploads\/D\u00fcsseldorf\/quartier_8-300x300.webp 300w, https:\/\/evolutionsweg.de\/wp-content\/uploads\/D\u00fcsseldorf\/quartier_8-1024x1024.webp 1024w, https:\/\/evolutionsweg.de\/wp-content\/uploads\/D\u00fcsseldorf\/quartier_8-150x150.webp 150w, https:\/\/evolutionsweg.de\/wp-content\/uploads\/D\u00fcsseldorf\/quartier_8-768x768.webp 768w, https:\/\/evolutionsweg.de\/wp-content\/uploads\/D\u00fcsseldorf\/quartier_8-1536x1536.webp 1536w, https:\/\/evolutionsweg.de\/wp-content\/uploads\/D\u00fcsseldorf\/quartier_8.webp 1920w\" sizes=\"auto, (max-width: 240px) 100vw, 240px\"><\/a><\/p>\n<p>Schild 19 \u2014 Ver.di Bezirk D\u00fcssel-Rhein-Wupper<\/p>\n<p><a href=\"https:\/\/duessel-rhein-wupper.verdi.de\/\" target=\"_blank\" rel=\"noopener\"><img loading=\"lazy\" decoding=\"async\" class=\"alignnone wp-image-4839\" src=\"https:\/\/evolutionsweg.de\/wp-content\/uploads\/D\u00fcsseldorf\/ver.di_klein-300x300.png\" alt width=\"240\" height=\"239\" srcset=\"https:\/\/evolutionsweg.de\/wp-content\/uploads\/D\u00fcsseldorf\/ver.di_klein-300x300.png 300w, https:\/\/evolutionsweg.de\/wp-content\/uploads\/D\u00fcsseldorf\/ver.di_klein-150x150.png 150w, https:\/\/evolutionsweg.de\/wp-content\/uploads\/D\u00fcsseldorf\/ver.di_klein.png 480w\" sizes=\"auto, (max-width: 240px) 100vw, 240px\"><\/a><\/p>\n<p>Schild 20 \u2014 Partei der Human\u00adis\u00adten&nbsp;<span class=\"caps\">NRW<\/span><\/p>\n<p><a href=\"https:\/\/www.pdh.eu\/\" target=\"_blank\" rel=\"noopener\"><img loading=\"lazy\" decoding=\"async\" class=\"alignleft wp-image-4852\" src=\"https:\/\/evolutionsweg.de\/wp-content\/uploads\/PdH-NRW-268x300.png\" alt width=\"240\" height=\"269\" srcset=\"https:\/\/evolutionsweg.de\/wp-content\/uploads\/PdH-NRW-268x300.png 268w, https:\/\/evolutionsweg.de\/wp-content\/uploads\/PdH-NRW-915x1024.png 915w, https:\/\/evolutionsweg.de\/wp-content\/uploads\/PdH-NRW-768x860.png 768w, https:\/\/evolutionsweg.de\/wp-content\/uploads\/PdH-NRW-1372x1536.png 1372w, https:\/\/evolutionsweg.de\/wp-content\/uploads\/PdH-NRW-134x150.png 134w, https:\/\/evolutionsweg.de\/wp-content\/uploads\/PdH-NRW.png 1500w\" sizes=\"auto, (max-width: 240px) 100vw, 240px\"><\/a><\/p>\n","protected":false},"excerpt":{"rendered":"<p>Der Evol\u00adu\u00adtion\u00adsweg im D\u00fcssel\u00addor\u00adfer Nord\u00adpark beginnt am Aqua\u00adzoo L\u00f6bbecke Museum (Kais\u00ader\u00adswer\u00adther Str. 380, 40474 D\u00fcssel\u00addorf) und folgt der Gr\u00fcne\u00adwald\u00adstra\u00dfe bis zum&nbsp;Rhein. In D\u00fcssel\u00addorf ist der Weg 460 Meter lang, jeder Milli\u00admeter ents\u00adpricht also der Zeit\u00addauer von 10.000 Jahren. Die&nbsp;4 Milliarden Jahre lange Geschichte des Lebens wird auf diese Weise auf 400 Metern nachvollzo\u00adgen. Die Meter-Angaben auf den D\u00fcssel\u00addor\u00adfer Schildern sind an diese verk\u00fcrzte Wegf\u00fchrung ange\u00adpasst. Auf dem Weg in D\u00fcsseldorf\u2026<\/p>\n<p class=\"continue-reading-button\"> <a class=\"continue-reading-link\" href=\"https:\/\/evolutionsweg.de\/gb\/standorte\/duesseldorf-nordrhein-westfalen\/\">\u2026mehr dazu<i class=\"crycon-right-dir\"><\/i><\/a><\/p>\n","protected":false},"author":1,"featured_media":0,"parent":2039,"menu_order":0,"comment_status":"closed","ping_status":"closed","template":"","meta":{"_lmt_disableupdate":"no","_lmt_disable":"no","wp_typography_post_enhancements_disabled":false,"footnotes":""},"class_list":["post-2064","page","type-page","status-publish","hentry"],"translation":{"provider":"WPGlobus","version":"3.0.2","language":"gb","enabled_languages":["de","fr","gb","pl"],"languages":{"de":{"title":true,"content":true,"excerpt":false},"fr":{"title":false,"content":false,"excerpt":false},"gb":{"title":false,"content":false,"excerpt":false},"pl":{"title":true,"content":true,"excerpt":false}}},"_links":{"self":[{"href":"https:\/\/evolutionsweg.de\/gb\/wp-json\/wp\/v2\/pages\/2064","targetHints":{"allow":["GET"]}}],"collection":[{"href":"https:\/\/evolutionsweg.de\/gb\/wp-json\/wp\/v2\/pages"}],"about":[{"href":"https:\/\/evolutionsweg.de\/gb\/wp-json\/wp\/v2\/types\/page"}],"author":[{"embeddable":true,"href":"https:\/\/evolutionsweg.de\/gb\/wp-json\/wp\/v2\/users\/1"}],"replies":[{"embeddable":true,"href":"https:\/\/evolutionsweg.de\/gb\/wp-json\/wp\/v2\/comments?post=2064"}],"version-history":[{"count":10,"href":"https:\/\/evolutionsweg.de\/gb\/wp-json\/wp\/v2\/pages\/2064\/revisions"}],"predecessor-version":[{"id":4829,"href":"https:\/\/evolutionsweg.de\/gb\/wp-json\/wp\/v2\/pages\/2064\/revisions\/4829"}],"up":[{"embeddable":true,"href":"https:\/\/evolutionsweg.de\/gb\/wp-json\/wp\/v2\/pages\/2039"}],"wp:attachment":[{"href":"https:\/\/evolutionsweg.de\/gb\/wp-json\/wp\/v2\/media?parent=2064"}],"curies":[{"name":"wp","href":"https:\/\/api.w.org\/{rel}","templated":true}]}}