{"id":101,"date":"2018-07-07T13:26:56","date_gmt":"2018-07-07T11:26:56","guid":{"rendered":"http:\/\/baustelle.evolutionsweg.de\/?page_id=101"},"modified":"2025-10-13T22:25:17","modified_gmt":"2025-10-13T20:25:17","slug":"kontakt-impressum","status":"publish","type":"page","link":"https:\/\/evolutionsweg.de\/gb\/kontakt-impressum\/","title":{"rendered":"{:de}Kontakt <span class=\"amp\">&amp;<\/span> Impressum"},"content":{"rendered":"<p>{:de}<\/p>\n<h2>Kontaktformular<\/h2>\n\n<div class=\"wpcf7 no-js\" id=\"wpcf7-f201-o1\" lang=\"de-DE\" dir=\"ltr\" data-wpcf7-id=\"201\">\n<div class=\"screen-reader-response\"><p role=\"status\" aria-live=\"polite\" aria-atomic=\"true\"><\/p> <ul><\/ul><\/div>\n<form action=\"\/gb\/wp-json\/wp\/v2\/pages\/101#wpcf7-f201-o1\" method=\"post\" class=\"wpcf7-form init\" aria-label=\"Contact form\" novalidate=\"novalidate\" data-status=\"init\">\n<fieldset class=\"hidden-fields-container\"><input type=\"hidden\" name=\"_wpcf7\" value=\"201\"><input type=\"hidden\" name=\"_wpcf7_version\" value=\"6.1.5\"><input type=\"hidden\" name=\"_wpcf7_locale\" value=\"de_DE\"><input type=\"hidden\" name=\"_wpcf7_unit_tag\" value=\"wpcf7-f201-o1\"><input type=\"hidden\" name=\"_wpcf7_container_post\" value=\"0\"><input type=\"hidden\" name=\"_wpcf7_posted_data_hash\" value>\n<\/fieldset>\n<p><span id=\"wpcf7-69d1c6fc7372a-wrapper\" class=\"wpcf7-form-control-wrap your-first-name-wrap\" style=\"display:none !important; visibility:hidden !important;\"><input type=\"hidden\" name=\"your-first-name-time-start\" value=\"1775355644\"><input type=\"hidden\" name=\"your-first-name-time-check\" value=\"4\"><label for=\"wpcf7-69d1c6fc7372a-field\" class=\"hp-message\">Please leave this field&nbsp;empty.<\/label><input id=\"wpcf7-69d1c6fc7372a-field\" class=\"wpcf7-form-control wpcf7-text\" type=\"text\" name=\"your-first-name\" value size=\"40\" tabindex=\"-1\" autocomplete=\"new-password\"><\/span><br>\n<span id=\"wpcf7-69d1c6fc7378d-wrapper\" class=\"wpcf7-form-control-wrap your-last-name-wrap\" style=\"display:none !important; visibility:hidden !important;\"><input type=\"hidden\" name=\"your-last-name-time-start\" value=\"1775355644\"><input type=\"hidden\" name=\"your-last-name-time-check\" value=\"4\"><label for=\"wpcf7-69d1c6fc7378d-field\" class=\"hp-message\">Please leave this field&nbsp;empty.<\/label><input id=\"wpcf7-69d1c6fc7378d-field\" class=\"wpcf7-form-control wpcf7-text\" type=\"text\" name=\"your-last-name\" value size=\"40\" tabindex=\"-1\" autocomplete=\"new-password\"><\/span>\n<\/p>\n<p><label>Dein Name (Pflicht\u00adfeld)<br>\n<span class=\"wpcf7-form-control-wrap\" data-name=\"your-name\"><input size=\"40\" maxlength=\"400\" class=\"wpcf7-form-control wpcf7-text wpcf7-validates-as-required\" aria-required=\"true\" aria-invalid=\"false\" value type=\"text\" name=\"your-name\"><\/span> <\/label>\n<\/p>\n<p><label>Deine E\u2011Mail-Adresse (Pflicht\u00adfeld)<br>\n<span class=\"wpcf7-form-control-wrap\" data-name=\"your-email\"><input size=\"40\" maxlength=\"400\" class=\"wpcf7-form-control wpcf7-email wpcf7-validates-as-required wpcf7-text wpcf7-validates-as-email\" aria-required=\"true\" aria-invalid=\"false\" value type=\"email\" name=\"your-email\"><\/span> <\/label>\n<\/p>\n<p><label>Bitte noch einmal Deine E\u2011Mail-Adresse als Hilfe gegen Schreibfehler<\/label><br>\n<span class=\"wpcf7-form-control-wrap\" data-name=\"your-email-confirm\"><input size=\"40\" maxlength=\"400\" class=\"wpcf7-form-control wpcf7-email wpcf7-validates-as-required wpcf7-text wpcf7-validates-as-email\" aria-required=\"true\" aria-invalid=\"false\" value type=\"email\" name=\"your-email-confirm\"><\/span>\n<\/p>\n<p><label>Dein Betreff<br>\n<span class=\"wpcf7-form-control-wrap\" data-name=\"your-subject\"><input size=\"40\" maxlength=\"400\" class=\"wpcf7-form-control wpcf7-text\" aria-invalid=\"false\" value type=\"text\" name=\"your-subject\"><\/span> <\/label>\n<\/p>\n<p><label>Deine Nachricht<br>\n<span class=\"wpcf7-form-control-wrap\" data-name=\"your-message\"><textarea cols=\"40\" rows=\"10\" maxlength=\"2000\" class=\"wpcf7-form-control wpcf7-textarea\" aria-invalid=\"false\" name=\"your-message\"><\/textarea><\/span> <\/label>\n<\/p>\n<p><input class=\"wpcf7-form-control wpcf7-submit has-spinner\" type=\"submit\" value=\"Senden\">\n<\/p><div class=\"wpcf7-response-output\" aria-hidden=\"true\"><\/div>\n<\/form>\n<\/div>\n\n<hr>\n<h2>Impressum<\/h2>\n<p>S\u00e4ku\u00adlare Human\u00adis\u00adten \u2013 gbs Rhein-Neckar e.&nbsp;V.<br>\nPost\u00adfach 1151 \u00b7 69208 Eppelheim<br>\nTel.: 0\u200962\u200936\u2009\/\u20094\u200989\u200925\u200940<br>\n<a href=\"https:\/\/gbs-rhein-neckar.de\/Impressum\/\" target=\"_blank\" rel=\"noopener noreferrer\">gbs-rhein-neckar.de<\/a><\/p>\n<h4>Unser Selbstverst\u00e4ndnis:<\/h4>\n<p>Wir vertre\u00adten die Posi\u00adtion des \u201eEvol\u00adu\u00adtion\u00e4ren Human\u00adis\u00admus\u201c mit der ethis\u00adchen Grundlage des \u201ePrin\u00adzips der gleichen Ber\u00fcck\u00adsich\u00adti\u00adgung glei\u00adchrangiger Interessen\u201c. Daher sind diskrimin\u00adi\u00ader\u00adende Ideo\u00adlo\u00adgien mit unserer Weltan\u00adschauung unver\u00adein\u00adbar. Wir sind \u00fcberzeugt, dass alles im Univer\u00adsum mit rechten Dingen zugeht und dass dessen s\u00e4mt\u00adliche Zust\u00e4nde, Vorg\u00e4nge und Eigenschaften nat\u00fcr\u00adlichen Ursprungs sind \u2014 so auch die Evolution.<\/p>\n<hr>\n<h2 id=\"Mitwirkende\">Mitwirkende<\/h2>\n<h4>Motivillustrationen:<\/h4>\n<ul>\n<li>Vivek Pradhan, Chhat\u00adtisgharh, Indien (@vivek_p03): Stan\u00addorte Egels\u00adbach, Gablitz, Heiden\u00adheim, K\u00f6ln, Schiffweiler.<\/li>\n<li>Bernd Kammer\u00admeier: Stan\u00addorte Bad Frei\u00aden\u00adwalde, Braun\u00adsch\u00adweig, D\u00fcssel\u00addorf, Kyritz, Leimen, Neurup\u00adpin, Otter\u00adsheim, Schulzen\u00addorf, Templin. Illus\u00adtra\u00adtion \u201cSaur\u00adier\u201d nach dem Bild\u00admotiv <a href=\"http:\/\/evolutionsweg.de\/14#Ravensburger\">\u201cFasz\u00adin\u00ada\u00adtion Dino\u00adsaur\u00adier\u201d<\/a> (Ravens\u00adbur\u00adger); Illus\u00adtra\u00adtion \u201cZeit\u00adal\u00adter der S\u00e4ugetiere\u201d nach einem Bild\u00admotiv von Hein\u00adrich Harder (1858\u20131935); Illus\u00adtra\u00adtion \u201cMenschen (Homin\u00adine)\u201d nach einem Diorama des Nairobi National Museum.<\/li>\n<\/ul>\n<h4>Texte:<\/h4>\n<p>Dr. Karl-Heinz B\u00fcch\u00adner [<span class=\"caps\">KHB<\/span>], Mari\u00adanne Mauch [<span class=\"caps\">MM<\/span>], Friedrich Cora\u00addill [<span class=\"caps\">FC<\/span>], Bernd Kammer\u00admeier [<span class=\"caps\">BK<\/span>]<\/p>\n<h4>\u00dcbersetzungen:<\/h4>\n<ul>\n<li style=\"list-style-type: none;\">\n<ul>\n<li>Englisch: Paul Boldra<\/li>\n<li>Fran\u00adz\u00f6s\u00adisch: Mari\u00adanne Mauch und Anne Cath\u00ader\u00adine&nbsp;Ihrig<\/li>\n<li>Polnisch: Marek Nowakowski<\/li>\n<\/ul>\n<\/li>\n<\/ul>\n<h4>Weiteres:<\/h4>\n<p>Layout und Vekt\u00ador\u00adgrafiken: Mari\u00adanne&nbsp;Mauch<br>\nSchild\u00adp\u00adfos\u00adten und \u2011anker: Dr. Karl-Heinz B\u00fcchner<br>\nWebsite: Stefan Dewald, Mari\u00adanne&nbsp;Mauch<br>\nOrgan\u00adisa\u00adtion: Friedrich Coradill<br>\n\u00d6ffent\u00adlich\u00adkeit\u00adsarbeit: Dirk Winkler<br>\nBasi\u00ader\u00adend auf einer Initi\u00adat\u00adive von Dr. Martin Thei\u00df.<\/p>\n<hr>\n<p>Alle Inhalte sind urhe\u00adber\u00adrecht\u00adlich gesch\u00fctzt, sofern sie nicht aus einer Quelle stam\u00admen, die der Creat\u00adive Commons Lizenz unter\u00adliegt. Soll\u00adtest du Mater\u00adi\u00adalien verwenden wollen, setze dich bitte mit uns in Verbindung.<\/p>\n<p>Wir bitten darum, Anfra\u00adgen m\u00f6glichst in deutscher oder englischer Sprache zu stellen.<\/p>\n","protected":false},"excerpt":{"rendered":"<p>{:de} Kontakt\u00adfor\u00admu\u00adlar Impres\u00adsum S\u00e4ku\u00adlare Human\u00adis\u00adten \u2013 gbs Rhein-Neckar e.&nbsp;V. Post\u00adfach 1151 \u00b7 69208 Eppel\u00adheim Tel.: 0\u200962\u200936\u2009\/\u20094\u200989\u200925\u200940 gbs-rhein-neckar.de Unser Selb\u00adstver\u00adst\u00e4nd\u00adnis: Wir vertre\u00adten die Posi\u00adtion des \u201eEvol\u00adu\u00adtion\u00e4ren Human\u00adis\u00admus\u201c mit der ethis\u00adchen Grundlage des \u201ePrin\u00adzips der gleichen Ber\u00fcck\u00adsich\u00adti\u00adgung glei\u00adchrangiger Interessen\u201c. Daher sind diskrimin\u00adi\u00ader\u00adende Ideo\u00adlo\u00adgien mit unserer Weltan\u00adschauung unver\u00adein\u00adbar. Wir sind \u00fcberzeugt, dass alles im Univer\u00adsum mit rechten Dingen zugeht und dass dessen s\u00e4mt\u00adliche Zust\u00e4nde, Vorg\u00e4nge und Eigenschaften nat\u00fcr\u00adlichen Ursprungs sind \u2014 so&nbsp;auch\u2026<\/p>\n<p class=\"continue-reading-button\"> <a class=\"continue-reading-link\" href=\"https:\/\/evolutionsweg.de\/gb\/kontakt-impressum\/\">\u2026mehr dazu<i class=\"crycon-right-dir\"><\/i><\/a><\/p>\n","protected":false},"author":3,"featured_media":0,"parent":0,"menu_order":0,"comment_status":"closed","ping_status":"closed","template":"templates\/template-onecolumn.php","meta":{"_lmt_disableupdate":"no","_lmt_disable":"no","wp_typography_post_enhancements_disabled":false,"footnotes":""},"class_list":["post-101","page","type-page","status-publish","hentry"],"translation":{"provider":"WPGlobus","version":"3.0.2","language":"gb","enabled_languages":["de","fr","gb","pl"],"languages":{"de":{"title":true,"content":true,"excerpt":false},"fr":{"title":false,"content":false,"excerpt":false},"gb":{"title":false,"content":false,"excerpt":false},"pl":{"title":true,"content":true,"excerpt":false}}},"_links":{"self":[{"href":"https:\/\/evolutionsweg.de\/gb\/wp-json\/wp\/v2\/pages\/101","targetHints":{"allow":["GET"]}}],"collection":[{"href":"https:\/\/evolutionsweg.de\/gb\/wp-json\/wp\/v2\/pages"}],"about":[{"href":"https:\/\/evolutionsweg.de\/gb\/wp-json\/wp\/v2\/types\/page"}],"author":[{"embeddable":true,"href":"https:\/\/evolutionsweg.de\/gb\/wp-json\/wp\/v2\/users\/3"}],"replies":[{"embeddable":true,"href":"https:\/\/evolutionsweg.de\/gb\/wp-json\/wp\/v2\/comments?post=101"}],"version-history":[{"count":2,"href":"https:\/\/evolutionsweg.de\/gb\/wp-json\/wp\/v2\/pages\/101\/revisions"}],"predecessor-version":[{"id":4811,"href":"https:\/\/evolutionsweg.de\/gb\/wp-json\/wp\/v2\/pages\/101\/revisions\/4811"}],"wp:attachment":[{"href":"https:\/\/evolutionsweg.de\/gb\/wp-json\/wp\/v2\/media?parent=101"}],"curies":[{"name":"wp","href":"https:\/\/api.w.org\/{rel}","templated":true}]}}