{"id":3361,"date":"2021-07-21T00:41:12","date_gmt":"2021-07-20T22:41:12","guid":{"rendered":"https:\/\/evolutionsweg.de\/?page_id=3361"},"modified":"2024-04-21T22:13:35","modified_gmt":"2024-04-21T20:13:35","slug":"ottersheim-rheinland-pfalz","status":"publish","type":"page","link":"https:\/\/evolutionsweg.de\/fr\/standorte\/ottersheim-rheinland-pfalz\/","title":{"rendered":"Ottersheim (Rheinland\/Pfalz)"},"content":{"rendered":"<p>Der Weg beginnt im Norden an der Haupts\u00adtra\u00dfe und f\u00fchrt nach S\u00fcden am Ammel\u00adbach entlang und dann an der Einm\u00fcn\u00addung des Wiesen\u00adbrun\u00adnen\u00adbaches weiter nach Westen bis zur Gemar\u00adkung\u00adsgrenze mit R\u00fcssingen.<\/p>\n<p><iframe loading=\"lazy\" style=\"border: 0;\" src=\"https:\/\/www.google.com\/maps\/embed?pb=!1m25!1m12!1m3!1d4024.7745813826577!2d8.1083102855869!3d49.621508811838055!2m3!1f0!2f0!3f0!3m2!1i1024!2i768!4f13.1!4m10!3e2!4m4!2s49.624045%2C%208.111966!3m2!1d49.624044999999995!2d8.111965999999999!4m3!3m2!1d49.6176536!2d8.1058384!5e0!3m2!1sde!2sde!4v1629376367820!5m2!1sde!2sde\" width=\"600\" height=\"450\" allowfullscreen=\"allowfullscreen\"><\/iframe><\/p>\n<p>An dem Weg in Otter\u00adsheim werden regelm\u00e4\u00dfig <strong>F\u00fchrun\u00adgen<\/strong> ange\u00adbo\u00adten. Bitte nimm einfach <a href=\"https:\/\/evolutionsweg.de\/kontakt-impressum\/\">Kontakt<\/a> mit uns auf&nbsp;! Mindest\u00adteil\u00adneh\u00admer\u00adzahl f\u00fcr die regelm\u00e4\u00dfi\u00adgen F\u00fchrun\u00adgen&nbsp;: 5 Perso\u00adnen.&nbsp;Anmel\u00addung jeweils bis Frei\u00adtag 12 h erforderlich.<\/p>\n<p>Gerne f\u00fchren wir auch au\u00dfe\u00adrhalb der regelm\u00e4\u00dfi\u00adgen Termine Besu\u00adcher\u00adgrup\u00adpen ab ca. 10 Perso\u00adnen durch die Evolu\u00adtion \u2013 z.B. anl\u00e4ss\u00adlich eines Betrieb\u00adsaus\u00adflugs oder eines Schulklassenausflugs.<\/p>\n<h3>Betreiber<\/h3>\n<p>des Evolu\u00adtions\u00adwegs Otter\u00adsheim ist der Verein <a href=\"http:\/\/gbs-rhein-neckar.de\/\" target=\"_blank\" rel=\"noopener noreferrer\"><strong>S\u00e4ku\u00adlare Huma\u00adnis\u00adten \u00b7 gbs Rhein-Neckar e.&nbsp;V.<\/strong><\/a><\/p>\n<p><img loading=\"lazy\" decoding=\"async\" class=\"alignnone wp-image-1757\" src=\"https:\/\/evolutionsweg.de\/wp-content\/uploads\/LOGO-gbs-Rhein-Neckar_RGB-300x150.png\" alt width=\"250\" height=\"125\" srcset=\"https:\/\/evolutionsweg.de\/wp-content\/uploads\/LOGO-gbs-Rhein-Neckar_RGB-300x150.png 300w, https:\/\/evolutionsweg.de\/wp-content\/uploads\/LOGO-gbs-Rhein-Neckar_RGB-1024x513.png 1024w, https:\/\/evolutionsweg.de\/wp-content\/uploads\/LOGO-gbs-Rhein-Neckar_RGB-768x385.png 768w, https:\/\/evolutionsweg.de\/wp-content\/uploads\/LOGO-gbs-Rhein-Neckar_RGB-1536x769.png 1536w, https:\/\/evolutionsweg.de\/wp-content\/uploads\/LOGO-gbs-Rhein-Neckar_RGB-150x75.png 150w, https:\/\/evolutionsweg.de\/wp-content\/uploads\/LOGO-gbs-Rhein-Neckar_RGB.png 1817w\" sizes=\"auto, (max-width: 250px) 100vw, 250px\"><\/p>\n<p>Moti\u00advil\u00adlus\u00adtra\u00adtio\u00adnen an diesem Stan\u00addort&nbsp;: Bernd Kammermeier.<\/p>\n<p><strong><span class=\"\u00dc2\">Unser Dank<\/span><\/strong><\/p>\n<p>geht \u2013 allen voran \u2013 an die Gemeinde Otter\u00adsheim im <a href=\"https:\/\/www.donnersberg.de\/donnersbergkreis\/\" target=\"_blank\" rel=\"noopener\">Donners\u00adberg\u00adkreis<\/a> und die freund\u00adli\u00adchen Mitar\u00adbei\u00adter aus der Gemeinde, die uns die Errich\u00adtung dieses Weges erm\u00f6\u00adglicht und uns dabei tatkr\u00e4f\u00adtig unterst\u00fctzt haben.<\/p>\n<p>Au\u00dfer\u00addem danken wir unse\u00adren Unterst\u00fct\u00adzern wie auch den nicht nament\u00adlich genann\u00adten Spendern.<\/p>\n<p><img loading=\"lazy\" decoding=\"async\" class=\"size-medium wp-image-3379 alignnone\" src=\"https:\/\/evolutionsweg.de\/wp-content\/uploads\/Ottersheim\/01_Dank_an_alle_gbs-RN-300x300.jpg\" alt width=\"300\" height=\"300\" srcset=\"https:\/\/evolutionsweg.de\/wp-content\/uploads\/Ottersheim\/01_Dank_an_alle_gbs-RN-300x300.jpg 300w, https:\/\/evolutionsweg.de\/wp-content\/uploads\/Ottersheim\/01_Dank_an_alle_gbs-RN-1024x1024.jpg 1024w, https:\/\/evolutionsweg.de\/wp-content\/uploads\/Ottersheim\/01_Dank_an_alle_gbs-RN-150x150.jpg 150w, https:\/\/evolutionsweg.de\/wp-content\/uploads\/Ottersheim\/01_Dank_an_alle_gbs-RN-768x768.jpg 768w, https:\/\/evolutionsweg.de\/wp-content\/uploads\/Ottersheim\/01_Dank_an_alle_gbs-RN.jpg 1122w\" sizes=\"auto, (max-width: 300px) 100vw, 300px\"><\/p>\n<hr>\n<p><img loading=\"lazy\" decoding=\"async\" class=\"wp-image-3477 size-medium alignnone\" src=\"https:\/\/evolutionsweg.de\/wp-content\/uploads\/Ottersheim\/02_Niesner-300x300.jpg\" alt width=\"300\" height=\"300\" srcset=\"https:\/\/evolutionsweg.de\/wp-content\/uploads\/Ottersheim\/02_Niesner-300x300.jpg 300w, https:\/\/evolutionsweg.de\/wp-content\/uploads\/Ottersheim\/02_Niesner-1024x1024.jpg 1024w, https:\/\/evolutionsweg.de\/wp-content\/uploads\/Ottersheim\/02_Niesner-150x150.jpg 150w, https:\/\/evolutionsweg.de\/wp-content\/uploads\/Ottersheim\/02_Niesner-768x768.jpg 768w, https:\/\/evolutionsweg.de\/wp-content\/uploads\/Ottersheim\/02_Niesner.jpg 1123w\" sizes=\"auto, (max-width: 300px) 100vw, 300px\"><\/p>\n<hr>\n<p><img loading=\"lazy\" decoding=\"async\" class=\"size-medium wp-image-3370 alignnone\" src=\"https:\/\/evolutionsweg.de\/wp-content\/uploads\/Ottersheim\/03_K-H_Buechner-300x300.jpg\" alt width=\"300\" height=\"300\" srcset=\"https:\/\/evolutionsweg.de\/wp-content\/uploads\/Ottersheim\/03_K-H_Buechner-300x300.jpg 300w, https:\/\/evolutionsweg.de\/wp-content\/uploads\/Ottersheim\/03_K-H_Buechner-1024x1024.jpg 1024w, https:\/\/evolutionsweg.de\/wp-content\/uploads\/Ottersheim\/03_K-H_Buechner-150x150.jpg 150w, https:\/\/evolutionsweg.de\/wp-content\/uploads\/Ottersheim\/03_K-H_Buechner-768x768.jpg 768w, https:\/\/evolutionsweg.de\/wp-content\/uploads\/Ottersheim\/03_K-H_Buechner.jpg 1122w\" sizes=\"auto, (max-width: 300px) 100vw, 300px\"><\/p>\n<hr>\n<p><img loading=\"lazy\" decoding=\"async\" class=\"size-medium wp-image-3378 alignnone\" src=\"https:\/\/evolutionsweg.de\/wp-content\/uploads\/Ottersheim\/05_MuR_Kragl-300x300.jpg\" alt width=\"300\" height=\"300\" srcset=\"https:\/\/evolutionsweg.de\/wp-content\/uploads\/Ottersheim\/05_MuR_Kragl-300x300.jpg 300w, https:\/\/evolutionsweg.de\/wp-content\/uploads\/Ottersheim\/05_MuR_Kragl-1024x1024.jpg 1024w, https:\/\/evolutionsweg.de\/wp-content\/uploads\/Ottersheim\/05_MuR_Kragl-150x150.jpg 150w, https:\/\/evolutionsweg.de\/wp-content\/uploads\/Ottersheim\/05_MuR_Kragl-768x768.jpg 768w, https:\/\/evolutionsweg.de\/wp-content\/uploads\/Ottersheim\/05_MuR_Kragl.jpg 1123w\" sizes=\"auto, (max-width: 300px) 100vw, 300px\"><\/p>\n<hr>\n<p><img loading=\"lazy\" decoding=\"async\" class=\"size-medium wp-image-3374 alignnone\" src=\"https:\/\/evolutionsweg.de\/wp-content\/uploads\/Ottersheim\/06_BuG_Koehler-300x300.jpg\" alt width=\"300\" height=\"300\" srcset=\"https:\/\/evolutionsweg.de\/wp-content\/uploads\/Ottersheim\/06_BuG_Koehler-300x300.jpg 300w, https:\/\/evolutionsweg.de\/wp-content\/uploads\/Ottersheim\/06_BuG_Koehler-1024x1024.jpg 1024w, https:\/\/evolutionsweg.de\/wp-content\/uploads\/Ottersheim\/06_BuG_Koehler-150x150.jpg 150w, https:\/\/evolutionsweg.de\/wp-content\/uploads\/Ottersheim\/06_BuG_Koehler-768x768.jpg 768w, https:\/\/evolutionsweg.de\/wp-content\/uploads\/Ottersheim\/06_BuG_Koehler.jpg 1122w\" sizes=\"auto, (max-width: 300px) 100vw, 300px\"><\/p>\n<hr>\n<p><img loading=\"lazy\" decoding=\"async\" class=\"size-medium wp-image-3382 alignnone\" src=\"https:\/\/evolutionsweg.de\/wp-content\/uploads\/Ottersheim\/07_RuA_Schmidt-300x300.jpg\" alt width=\"300\" height=\"300\" srcset=\"https:\/\/evolutionsweg.de\/wp-content\/uploads\/Ottersheim\/07_RuA_Schmidt-300x300.jpg 300w, https:\/\/evolutionsweg.de\/wp-content\/uploads\/Ottersheim\/07_RuA_Schmidt-1024x1024.jpg 1024w, https:\/\/evolutionsweg.de\/wp-content\/uploads\/Ottersheim\/07_RuA_Schmidt-150x150.jpg 150w, https:\/\/evolutionsweg.de\/wp-content\/uploads\/Ottersheim\/07_RuA_Schmidt-768x768.jpg 768w, https:\/\/evolutionsweg.de\/wp-content\/uploads\/Ottersheim\/07_RuA_Schmidt.jpg 1123w\" sizes=\"auto, (max-width: 300px) 100vw, 300px\"><\/p>\n<hr>\n<p><img loading=\"lazy\" decoding=\"async\" class=\"size-medium wp-image-3483 alignnone\" src=\"https:\/\/evolutionsweg.de\/wp-content\/uploads\/Ottersheim\/08_BuB_Schmidt-300x300.jpg\" alt width=\"300\" height=\"300\" srcset=\"https:\/\/evolutionsweg.de\/wp-content\/uploads\/Ottersheim\/08_BuB_Schmidt-300x300.jpg 300w, https:\/\/evolutionsweg.de\/wp-content\/uploads\/Ottersheim\/08_BuB_Schmidt-1024x1024.jpg 1024w, https:\/\/evolutionsweg.de\/wp-content\/uploads\/Ottersheim\/08_BuB_Schmidt-150x150.jpg 150w, https:\/\/evolutionsweg.de\/wp-content\/uploads\/Ottersheim\/08_BuB_Schmidt-768x768.jpg 768w, https:\/\/evolutionsweg.de\/wp-content\/uploads\/Ottersheim\/08_BuB_Schmidt.jpg 1123w\" sizes=\"auto, (max-width: 300px) 100vw, 300px\"><\/p>\n<hr>\n<p><img loading=\"lazy\" decoding=\"async\" class=\"alignleft size-medium wp-image-3383\" src=\"https:\/\/evolutionsweg.de\/wp-content\/uploads\/Ottersheim\/08_K_Scholl-Buechner-300x300.jpg\" alt width=\"300\" height=\"300\" srcset=\"https:\/\/evolutionsweg.de\/wp-content\/uploads\/Ottersheim\/08_K_Scholl-Buechner-300x300.jpg 300w, https:\/\/evolutionsweg.de\/wp-content\/uploads\/Ottersheim\/08_K_Scholl-Buechner-1024x1024.jpg 1024w, https:\/\/evolutionsweg.de\/wp-content\/uploads\/Ottersheim\/08_K_Scholl-Buechner-150x150.jpg 150w, https:\/\/evolutionsweg.de\/wp-content\/uploads\/Ottersheim\/08_K_Scholl-Buechner-768x768.jpg 768w, https:\/\/evolutionsweg.de\/wp-content\/uploads\/Ottersheim\/08_K_Scholl-Buechner.jpg 1123w\" sizes=\"auto, (max-width: 300px) 100vw, 300px\"><\/p>\n<hr>\n<p><img loading=\"lazy\" decoding=\"async\" class=\"size-medium wp-image-3381 alignnone\" src=\"https:\/\/evolutionsweg.de\/wp-content\/uploads\/Ottersheim\/10_DuM_Meinel-300x300.jpg\" alt width=\"300\" height=\"300\" srcset=\"https:\/\/evolutionsweg.de\/wp-content\/uploads\/Ottersheim\/10_DuM_Meinel-300x300.jpg 300w, https:\/\/evolutionsweg.de\/wp-content\/uploads\/Ottersheim\/10_DuM_Meinel-1024x1024.jpg 1024w, https:\/\/evolutionsweg.de\/wp-content\/uploads\/Ottersheim\/10_DuM_Meinel-150x150.jpg 150w, https:\/\/evolutionsweg.de\/wp-content\/uploads\/Ottersheim\/10_DuM_Meinel-768x768.jpg 768w, https:\/\/evolutionsweg.de\/wp-content\/uploads\/Ottersheim\/10_DuM_Meinel.jpg 1122w\" sizes=\"auto, (max-width: 300px) 100vw, 300px\"><\/p>\n<hr>\n<p><a href=\"https:\/\/www.pfalzwerke-netz.de\/\" target=\"_blank\" rel=\"noopener\"><img loading=\"lazy\" decoding=\"async\" class=\"size-medium wp-image-3479 alignnone\" src=\"https:\/\/evolutionsweg.de\/wp-content\/uploads\/Ottersheim\/PW-Netz_Logo_gross-300x112.jpg\" alt width=\"300\" height=\"112\"><\/a><\/p>\n<hr>\n<p><img loading=\"lazy\" decoding=\"async\" class=\"size-medium wp-image-3384 alignnone\" src=\"https:\/\/evolutionsweg.de\/wp-content\/uploads\/Ottersheim\/13_EuH_Rupp-300x300.jpg\" alt width=\"300\" height=\"300\" srcset=\"https:\/\/evolutionsweg.de\/wp-content\/uploads\/Ottersheim\/13_EuH_Rupp-300x300.jpg 300w, https:\/\/evolutionsweg.de\/wp-content\/uploads\/Ottersheim\/13_EuH_Rupp-1024x1024.jpg 1024w, https:\/\/evolutionsweg.de\/wp-content\/uploads\/Ottersheim\/13_EuH_Rupp-150x150.jpg 150w, https:\/\/evolutionsweg.de\/wp-content\/uploads\/Ottersheim\/13_EuH_Rupp-768x768.jpg 768w, https:\/\/evolutionsweg.de\/wp-content\/uploads\/Ottersheim\/13_EuH_Rupp.jpg 1122w\" sizes=\"auto, (max-width: 300px) 100vw, 300px\"><\/p>\n<hr>\n<p><img loading=\"lazy\" decoding=\"async\" class=\"size-medium wp-image-3377 alignnone\" src=\"https:\/\/evolutionsweg.de\/wp-content\/uploads\/Ottersheim\/14_JuM_Hauck-300x300.jpg\" alt width=\"300\" height=\"300\" srcset=\"https:\/\/evolutionsweg.de\/wp-content\/uploads\/Ottersheim\/14_JuM_Hauck-300x300.jpg 300w, https:\/\/evolutionsweg.de\/wp-content\/uploads\/Ottersheim\/14_JuM_Hauck-1024x1024.jpg 1024w, https:\/\/evolutionsweg.de\/wp-content\/uploads\/Ottersheim\/14_JuM_Hauck-150x150.jpg 150w, https:\/\/evolutionsweg.de\/wp-content\/uploads\/Ottersheim\/14_JuM_Hauck-768x768.jpg 768w, https:\/\/evolutionsweg.de\/wp-content\/uploads\/Ottersheim\/14_JuM_Hauck.jpg 1123w\" sizes=\"auto, (max-width: 300px) 100vw, 300px\"><\/p>\n<hr>\n<p><a href=\"https:\/\/www.pfalzwerke.de\/privatkunden\" target=\"_blank\" rel=\"noopener\"><img loading=\"lazy\" decoding=\"async\" class=\"wp-image-3478 size-medium alignnone\" src=\"https:\/\/evolutionsweg.de\/wp-content\/uploads\/Ottersheim\/17_Pfalzwerke-300x150.jpg\" alt width=\"300\" height=\"150\" srcset=\"https:\/\/evolutionsweg.de\/wp-content\/uploads\/Ottersheim\/17_Pfalzwerke-300x150.jpg 300w, https:\/\/evolutionsweg.de\/wp-content\/uploads\/Ottersheim\/17_Pfalzwerke-150x75.jpg 150w, https:\/\/evolutionsweg.de\/wp-content\/uploads\/Ottersheim\/17_Pfalzwerke.jpg 682w\" sizes=\"auto, (max-width: 300px) 100vw, 300px\"><\/a><\/p>\n<hr>\n<p><img loading=\"lazy\" decoding=\"async\" class=\"size-medium wp-image-3376 alignnone\" src=\"https:\/\/evolutionsweg.de\/wp-content\/uploads\/Ottersheim\/18_M_Rupp-300x300.jpg\" alt width=\"300\" height=\"300\" srcset=\"https:\/\/evolutionsweg.de\/wp-content\/uploads\/Ottersheim\/18_M_Rupp-300x300.jpg 300w, https:\/\/evolutionsweg.de\/wp-content\/uploads\/Ottersheim\/18_M_Rupp-1024x1024.jpg 1024w, https:\/\/evolutionsweg.de\/wp-content\/uploads\/Ottersheim\/18_M_Rupp-150x150.jpg 150w, https:\/\/evolutionsweg.de\/wp-content\/uploads\/Ottersheim\/18_M_Rupp-768x768.jpg 768w, https:\/\/evolutionsweg.de\/wp-content\/uploads\/Ottersheim\/18_M_Rupp.jpg 1123w\" sizes=\"auto, (max-width: 300px) 100vw, 300px\"><\/p>\n<hr>\n<p><a href=\"https:\/\/www.sparkasse-donnersberg.de\/de\/home.html\" target=\"_blank\" rel=\"noopener\"><img loading=\"lazy\" decoding=\"async\" class=\"alignleft size-medium wp-image-3457\" src=\"https:\/\/evolutionsweg.de\/wp-content\/uploads\/Ottersheim\/19_Sparkasse_Donnersberg-1-300x300.jpg\" alt width=\"300\" height=\"300\" srcset=\"https:\/\/evolutionsweg.de\/wp-content\/uploads\/Ottersheim\/19_Sparkasse_Donnersberg-1-300x300.jpg 300w, https:\/\/evolutionsweg.de\/wp-content\/uploads\/Ottersheim\/19_Sparkasse_Donnersberg-1-1024x1024.jpg 1024w, https:\/\/evolutionsweg.de\/wp-content\/uploads\/Ottersheim\/19_Sparkasse_Donnersberg-1-150x150.jpg 150w, https:\/\/evolutionsweg.de\/wp-content\/uploads\/Ottersheim\/19_Sparkasse_Donnersberg-1-768x769.jpg 768w, https:\/\/evolutionsweg.de\/wp-content\/uploads\/Ottersheim\/19_Sparkasse_Donnersberg-1.jpg 1127w\" sizes=\"auto, (max-width: 300px) 100vw, 300px\"><\/a><\/p>\n<hr>\n<p><a href=\"https:\/\/hvd-rlp-saar.de\/\" target=\"_blank\" rel=\"noopener\"><img loading=\"lazy\" decoding=\"async\" class=\"size-medium wp-image-3380 alignnone\" src=\"https:\/\/evolutionsweg.de\/wp-content\/uploads\/Ottersheim\/20_HVD_RLP_Saarland-300x300.jpg\" alt width=\"300\" height=\"300\" srcset=\"https:\/\/evolutionsweg.de\/wp-content\/uploads\/Ottersheim\/20_HVD_RLP_Saarland-300x300.jpg 300w, https:\/\/evolutionsweg.de\/wp-content\/uploads\/Ottersheim\/20_HVD_RLP_Saarland-1024x1024.jpg 1024w, https:\/\/evolutionsweg.de\/wp-content\/uploads\/Ottersheim\/20_HVD_RLP_Saarland-150x150.jpg 150w, https:\/\/evolutionsweg.de\/wp-content\/uploads\/Ottersheim\/20_HVD_RLP_Saarland-768x768.jpg 768w, https:\/\/evolutionsweg.de\/wp-content\/uploads\/Ottersheim\/20_HVD_RLP_Saarland.jpg 1123w\" sizes=\"auto, (max-width: 300px) 100vw, 300px\"><\/a><\/p>\n<hr>\n<p><img loading=\"lazy\" decoding=\"async\" class=\"size-medium wp-image-3375 alignnone\" src=\"https:\/\/evolutionsweg.de\/wp-content\/uploads\/Ottersheim\/xx_Dank_an_alle-300x300.jpg\" alt width=\"300\" height=\"300\" srcset=\"https:\/\/evolutionsweg.de\/wp-content\/uploads\/Ottersheim\/xx_Dank_an_alle-300x300.jpg 300w, https:\/\/evolutionsweg.de\/wp-content\/uploads\/Ottersheim\/xx_Dank_an_alle-1024x1024.jpg 1024w, https:\/\/evolutionsweg.de\/wp-content\/uploads\/Ottersheim\/xx_Dank_an_alle-150x150.jpg 150w, https:\/\/evolutionsweg.de\/wp-content\/uploads\/Ottersheim\/xx_Dank_an_alle-768x768.jpg 768w, https:\/\/evolutionsweg.de\/wp-content\/uploads\/Ottersheim\/xx_Dank_an_alle.jpg 1123w\" sizes=\"auto, (max-width: 300px) 100vw, 300px\"><\/p>\n","protected":false},"excerpt":{"rendered":"<p>Der Weg beginnt im Norden an der Haupts\u00adtra\u00dfe und f\u00fchrt nach S\u00fcden am Ammel\u00adbach entlang und dann an der Einm\u00fcn\u00addung des Wiesen\u00adbrun\u00adnen\u00adbaches weiter nach Westen bis zur Gemar\u00adkung\u00adsgrenze mit R\u00fcssin\u00adgen. An dem Weg in Otter\u00adsheim werden regelm\u00e4\u00dfig F\u00fchrun\u00adgen ange\u00adbo\u00adten. Bitte nimm einfach Kontakt mit uns auf&nbsp;! Mindest\u00adteil\u00adneh\u00admer\u00adzahl f\u00fcr die regelm\u00e4\u00dfi\u00adgen F\u00fchrun\u00adgen&nbsp;: 5 Perso\u00adnen.&nbsp;Anmel\u00addung jeweils bis Frei\u00adtag 12 h erfor\u00adder\u00adlich. Gerne f\u00fchren wir auch au\u00dfe\u00adrhalb der regelm\u00e4\u00dfi\u00adgen Termine Besu\u00adcher\u00adgrup\u00adpen ab&nbsp;ca.\u2026<\/p>\n<p class=\"continue-reading-button\"> <a class=\"continue-reading-link\" href=\"https:\/\/evolutionsweg.de\/fr\/standorte\/ottersheim-rheinland-pfalz\/\">\u2026mehr dazu<i class=\"crycon-right-dir\"><\/i><\/a><\/p>\n","protected":false},"author":3,"featured_media":0,"parent":2039,"menu_order":0,"comment_status":"closed","ping_status":"closed","template":"","meta":{"_lmt_disableupdate":"no","_lmt_disable":"no","wp_typography_post_enhancements_disabled":false,"footnotes":""},"class_list":["post-3361","page","type-page","status-publish","hentry"],"translation":{"provider":"WPGlobus","version":"3.0.2","language":"fr","enabled_languages":["de","fr","gb","pl"],"languages":{"de":{"title":true,"content":true,"excerpt":false},"fr":{"title":false,"content":false,"excerpt":false},"gb":{"title":false,"content":false,"excerpt":false},"pl":{"title":false,"content":false,"excerpt":false}}},"_links":{"self":[{"href":"https:\/\/evolutionsweg.de\/fr\/wp-json\/wp\/v2\/pages\/3361","targetHints":{"allow":["GET"]}}],"collection":[{"href":"https:\/\/evolutionsweg.de\/fr\/wp-json\/wp\/v2\/pages"}],"about":[{"href":"https:\/\/evolutionsweg.de\/fr\/wp-json\/wp\/v2\/types\/page"}],"author":[{"embeddable":true,"href":"https:\/\/evolutionsweg.de\/fr\/wp-json\/wp\/v2\/users\/3"}],"replies":[{"embeddable":true,"href":"https:\/\/evolutionsweg.de\/fr\/wp-json\/wp\/v2\/comments?post=3361"}],"version-history":[{"count":0,"href":"https:\/\/evolutionsweg.de\/fr\/wp-json\/wp\/v2\/pages\/3361\/revisions"}],"up":[{"embeddable":true,"href":"https:\/\/evolutionsweg.de\/fr\/wp-json\/wp\/v2\/pages\/2039"}],"wp:attachment":[{"href":"https:\/\/evolutionsweg.de\/fr\/wp-json\/wp\/v2\/media?parent=3361"}],"curies":[{"name":"wp","href":"https:\/\/api.w.org\/{rel}","templated":true}]}}