{"id":2068,"date":"2020-07-13T12:25:52","date_gmt":"2020-07-13T10:25:52","guid":{"rendered":"https:\/\/evolutionsweg.de\/?page_id=2068"},"modified":"2021-02-26T09:13:20","modified_gmt":"2021-02-26T08:13:20","slug":"deine-stadt","status":"publish","type":"page","link":"https:\/\/evolutionsweg.de\/fr\/standorte\/deine-stadt\/","title":{"rendered":"Deine Stadt"},"content":{"rendered":"<p>Du m\u00f6ch\u00adtest den Evolu\u00adtions\u00adweg auch in deiner Stadt&nbsp;haben&nbsp;?<br>\n<strong>Dabei unterst\u00fct\u00adzen wir dich gerne&nbsp;!<\/strong> Bitte nimm <a href=\"\/kontakt-impressum\">Kontakt<\/a> mit uns auf, wir schi\u00adcken dir dann Info\u00adma\u00adte\u00adria\u00adlien, die dir und deiner Gemeinde bei der Entschei\u00addung f\u00fcr die Einrich\u00adtung des Weges helfen k\u00f6nnen.<\/p>\n<p><span class=\"vertieft\"><strong>Orien\u00adtie\u00adrung zum Kosten\u00adrah\u00admen&nbsp;:<\/strong> Wir erhe\u00adben von ande\u00adren Betrei\u00adbern f\u00fcr jeden errich\u00adte\u00adten Weg eine <strong>Lizenz\u00adgeb\u00fchr<\/strong> in H\u00f6he von 800 Euro. Diese Geb\u00fchr flie\u00dft komplett an den Verein gbs Rhein-Neckar, geht also nicht an die Gior\u00addano Bruno Stif\u00adtung. F\u00fcr Vereine, die eben\u00adfalls im F\u00f6rder\u00adkreis der Gior\u00addano Bruno Stif\u00adtung sind oder eben\u00adfalls eine huma\u00adnis\u00adtische Ausrich\u00adtung haben, ist diese Geb\u00fchr auf 600 Euro redu\u00adziert. Der Betrag dient als Aufwand\u00adsent\u00adsch\u00e4\u00addi\u00adgung f\u00fcr die Unterst\u00fct\u00adzung bei der Einrich\u00adtung weite\u00adrer Wege, die Erstel\u00adlung der Druck\u00advor\u00adla\u00adgen f\u00fcr die neuen Schil\u00adder mit den Logos der jewei\u00adli\u00adgen Betrei\u00adber sowie f\u00fcr die Einbin\u00addung des neuen Stan\u00addorts mit den jeweils betei\u00adlig\u00adten Spon\u00adso\u00adren auf evolutionsweg.de.<\/span><\/p>\n<p><span class=\"vertieft\">Die <strong>Mate\u00adrial\u00adkos\u00adten<\/strong> (Halte\u00adrun\u00adgen, Schil\u00adder\u00adplat\u00adten und Druck der Schil\u00adder) summie\u00adren sich \u00fcbli\u00adcher\u00adweise auf ca. 1700 bis 2000 Euro, die vom Betrei\u00adber zu tragen sind. Die Beto\u00adnie\u00adrung der Funda\u00admente f\u00fcr die Bode\u00adnan\u00adker erfolgt in aller Regel durch den \u00f6rtli\u00adchen Bauhof, f\u00fcr den das Alltag\u00adsges\u00adch\u00e4ft&nbsp;ist.<\/span><\/p>\n","protected":false},"excerpt":{"rendered":"<p>Du m\u00f6ch\u00adtest den Evolu\u00adtions\u00adweg auch in deiner Stadt&nbsp;haben&nbsp;? Dabei unterst\u00fct\u00adzen wir dich gerne&nbsp;! Bitte nimm Kontakt mit uns auf, wir schi\u00adcken dir dann Info\u00adma\u00adte\u00adria\u00adlien, die dir und deiner Gemeinde bei der Entschei\u00addung f\u00fcr die Einrich\u00adtung des Weges helfen k\u00f6nnen. Orien\u00adtie\u00adrung zum Kosten\u00adrah\u00admen&nbsp;: Wir erhe\u00adben von ande\u00adren Betrei\u00adbern f\u00fcr jeden errich\u00adte\u00adten Weg eine Lizenz\u00adgeb\u00fchr in H\u00f6he von 800 Euro. Diese Geb\u00fchr flie\u00dft komplett an den Verein gbs Rhein-Neckar, geht also&nbsp;nicht\u2026<\/p>\n<p class=\"continue-reading-button\"> <a class=\"continue-reading-link\" href=\"https:\/\/evolutionsweg.de\/fr\/standorte\/deine-stadt\/\">\u2026mehr dazu<i class=\"crycon-right-dir\"><\/i><\/a><\/p>\n","protected":false},"author":1,"featured_media":0,"parent":2039,"menu_order":0,"comment_status":"closed","ping_status":"closed","template":"","meta":{"_lmt_disableupdate":"no","_lmt_disable":"no","wp_typography_post_enhancements_disabled":false,"footnotes":""},"class_list":["post-2068","page","type-page","status-publish","hentry"],"translation":{"provider":"WPGlobus","version":"3.0.2","language":"fr","enabled_languages":["de","fr","gb","pl"],"languages":{"de":{"title":true,"content":true,"excerpt":false},"fr":{"title":false,"content":false,"excerpt":false},"gb":{"title":false,"content":false,"excerpt":false},"pl":{"title":true,"content":true,"excerpt":false}}},"_links":{"self":[{"href":"https:\/\/evolutionsweg.de\/fr\/wp-json\/wp\/v2\/pages\/2068","targetHints":{"allow":["GET"]}}],"collection":[{"href":"https:\/\/evolutionsweg.de\/fr\/wp-json\/wp\/v2\/pages"}],"about":[{"href":"https:\/\/evolutionsweg.de\/fr\/wp-json\/wp\/v2\/types\/page"}],"author":[{"embeddable":true,"href":"https:\/\/evolutionsweg.de\/fr\/wp-json\/wp\/v2\/users\/1"}],"replies":[{"embeddable":true,"href":"https:\/\/evolutionsweg.de\/fr\/wp-json\/wp\/v2\/comments?post=2068"}],"version-history":[{"count":0,"href":"https:\/\/evolutionsweg.de\/fr\/wp-json\/wp\/v2\/pages\/2068\/revisions"}],"up":[{"embeddable":true,"href":"https:\/\/evolutionsweg.de\/fr\/wp-json\/wp\/v2\/pages\/2039"}],"wp:attachment":[{"href":"https:\/\/evolutionsweg.de\/fr\/wp-json\/wp\/v2\/media?parent=2068"}],"curies":[{"name":"wp","href":"https:\/\/api.w.org\/{rel}","templated":true}]}}