{"id":2,"date":"2018-04-16T21:02:05","date_gmt":"2018-04-16T21:02:05","guid":{"rendered":"http:\/\/test.evolutionsweg.de\/?page_id=2"},"modified":"2025-10-13T22:45:15","modified_gmt":"2025-10-13T20:45:15","slug":"sample-page","status":"publish","type":"page","link":"https:\/\/evolutionsweg.de\/fr\/","title":{"rendered":"Accueil"},"content":{"rendered":"<p>Ce <strong>sentier de l\u2019\u00e9volution<\/strong> repr\u00e9\u00adsente des stations impor\u00adtantes de l\u2019histoire de la vie sur Terre. Depuis les premi\u00e8res traces de la vie jusqu\u2019\u00e0 aujourd\u2019hui, il mesure 1000 m\u00e8tres.<br>\nCela veut dire&nbsp;: Avec <strong>chaque grand pas<\/strong>, vous surmon\u00adtez un peu plus de <strong>4 millions d\u2019ann\u00e9es<\/strong>. Chaque mm repr\u00e9\u00adsente envi\u00adron 4000 ans \u2013 le temps pass\u00e9 depuis la construc\u00adtion des pyra\u00admides en \u00c9gypte jusqu\u2019\u00e0 aujourd\u2019hui.<br>\n\u00c0 chaque pas fait sur le chemin de l\u2019\u00e9vo\u00adlu\u00adtion, on peut sentir combien de temps la vie sur la Terre a eu besoin pour se deve\u00adlop\u00adper, jusqu\u2019\u00e0 ce que des orga\u00adnismes vivants (et nous aussi, les humains) se soient form\u00e9s, des \u00eatres vivants qui ont \u00e9t\u00e9 capables de construire des pyra\u00admides et m\u00eame de voler sur la&nbsp;lune.<\/p>\n<p><img loading=\"lazy\" decoding=\"async\" class=\"aligncenter wp-image-3928\" src=\"https:\/\/evolutionsweg.de\/wp-content\/uploads\/Vivek_rechteckig\/Stammbaum_Startseite-300x269.png\" alt width=\"600\" height=\"538\" srcset=\"https:\/\/evolutionsweg.de\/wp-content\/uploads\/Vivek_rechteckig\/Stammbaum_Startseite-300x269.png 300w, https:\/\/evolutionsweg.de\/wp-content\/uploads\/Vivek_rechteckig\/Stammbaum_Startseite-768x688.png 768w, https:\/\/evolutionsweg.de\/wp-content\/uploads\/Vivek_rechteckig\/Stammbaum_Startseite-150x134.png 150w, https:\/\/evolutionsweg.de\/wp-content\/uploads\/Vivek_rechteckig\/Stammbaum_Startseite.png 1000w\" sizes=\"auto, (max-width: 600px) 100vw, 600px\"><\/p>\n<p><strong>gbs \u2013 Gior\u00addano Bruno Stiftung<\/strong><br>\nLa fonda\u00adtion suit le prin\u00adcipe de l\u2019humanisme \u00e9volu\u00adtif dont la base \u00e9thique est la \u201cconsi\u00add\u00e9\u00adra\u00adtion \u00e9gale des int\u00e9\u00adr\u00eats \u00e9gaux\u201d. Par cons\u00e9\u00adquence, les id\u00e9o\u00adlo\u00adgies discri\u00admi\u00adna\u00adtoires sont incom\u00adpa\u00adtibles avec notre vision du monde. Nous sommes convain\u00adcus que tout ce qui se passe dans l\u2019univers s\u2019accomplit confor\u00adm\u00e9\u00adment aux lois natu\u00adrelles. Donc que toutes les struc\u00adtures, les proces\u00adsus, les \u00eatres et les carac\u00adt\u00e9\u00adris\u00adtiques dans l\u2019univers sont d\u2019origine natu\u00adrelle \u2013 y compris l\u2019\u00e9volution.<\/p>\n<hr>\n<p>Les stations de ce chemin ne repr\u00e9\u00adsentent pas le d\u00e9ve\u00adlop\u00adpe\u00adment direct jusqu\u2019aux hommes, mais les d\u00e9ve\u00adlop\u00adpe\u00adments impor\u00adtants sans lesquels le monde que nous connais\u00adsons aujourd\u2019hui n\u2019existerait pas.<br>\nLes stations ne montrent de loin pas tous les d\u00e9ve\u00adlop\u00adpe\u00adments prin\u00adci\u00adpaux, mais on peut consta\u00adter que la rapi\u00addit\u00e9 des chan\u00adge\u00adments \u00e9volu\u00adtio\u00adnaires a augment\u00e9.<br>\nEt il y a eu r\u00e9gu\u00adli\u00e8\u00adre\u00adment des <strong>coupures drama\u00adtiques<\/strong> dans la forma\u00adtion de la vie \u2013 compl\u00e8\u00adte\u00adment sans influence surna\u00adtu\u00adrelle. Nous parlons des dispa\u00adri\u00adtions massives&nbsp;: il y en a eu d\u201d innom\u00adbrables. Les 6 les plus impor\u00adtantes sont \u00e9voqu\u00e9es sur les panneaux. La majo\u00adrit\u00e9 de ces dispa\u00adri\u00adtions a \u00e9t\u00e9 provo\u00adqu\u00e9e par des grandes varia\u00adtions de temp\u00e9\u00adra\u00adture (de courtes periodes!). Les raisons ont \u00e9t\u00e9 tr\u00e8s diverses, dont l\u2019augmentation et la dimi\u00adnu\u00adtion de dioxide de carbone dans l\u2019atmosph\u00e8re, l\u2019apparition de l\u2019oxyg\u00e8ne dans l\u2019atmosph\u00e8re, mais aussi par des \u00e9rup\u00adtions de volcans, l\u2019impact des m\u00e9t\u00e9o\u00adrites et la d\u00e9rive des continents.<br>\nLa derni\u00e8re des ces extinc\u00adtions a fait dispa\u00adra\u00eetre les dino\u00adsaures (et beau\u00adcoup plus d\u201d esp\u00e8ces d\u2019animaux et de plantes) il y a 65 millions d\u2019ann\u00e9es. Si nous sommes actuel\u00adle\u00adment au seuil d\u2019une <strong>nouvelle extinc\u00adtion massive<\/strong>, nous ne le savons pas \u2013 mais l\u2019augmentation de temp\u00e9\u00adra\u00adture que nous mesu\u00adrons sans aucune doute ces derni\u00e8res d\u00e9cen\u00adnies indique que c\u2019est effec\u00adti\u00adve\u00adment le&nbsp;cas\u2026<\/p>\n","protected":false},"excerpt":{"rendered":"<p>Ce sentier de l\u2019\u00e9volution repr\u00e9\u00adsente des stations impor\u00adtantes de l\u2019histoire de la vie sur Terre. Depuis les premi\u00e8res traces de la vie jusqu\u2019\u00e0 aujourd\u2019hui, il mesure 1000 m\u00e8tres. Cela veut dire&nbsp;: Avec chaque grand pas, vous surmon\u00adtez un peu plus de 4 millions d\u2019ann\u00e9es. Chaque mm repr\u00e9\u00adsente envi\u00adron 4000 ans \u2013 le temps pass\u00e9 depuis la construc\u00adtion des pyra\u00admides en \u00c9gypte jusqu\u2019\u00e0 aujourd\u2019hui. \u00c0 chaque pas fait sur le chemin\u2026<\/p>\n<p class=\"continue-reading-button\"> <a class=\"continue-reading-link\" href=\"https:\/\/evolutionsweg.de\/fr\/\">\u2026mehr dazu<i class=\"crycon-right-dir\"><\/i><\/a><\/p>\n","protected":false},"author":1,"featured_media":0,"parent":0,"menu_order":0,"comment_status":"closed","ping_status":"open","template":"","meta":{"_lmt_disableupdate":"no","_lmt_disable":"no","wp_typography_post_enhancements_disabled":false,"footnotes":""},"class_list":["post-2","page","type-page","status-publish","hentry"],"translation":{"provider":"WPGlobus","version":"3.0.2","language":"fr","enabled_languages":["de","fr","gb","pl"],"languages":{"de":{"title":true,"content":true,"excerpt":false},"fr":{"title":true,"content":true,"excerpt":false},"gb":{"title":true,"content":true,"excerpt":false},"pl":{"title":true,"content":true,"excerpt":false}}},"_links":{"self":[{"href":"https:\/\/evolutionsweg.de\/fr\/wp-json\/wp\/v2\/pages\/2","targetHints":{"allow":["GET"]}}],"collection":[{"href":"https:\/\/evolutionsweg.de\/fr\/wp-json\/wp\/v2\/pages"}],"about":[{"href":"https:\/\/evolutionsweg.de\/fr\/wp-json\/wp\/v2\/types\/page"}],"author":[{"embeddable":true,"href":"https:\/\/evolutionsweg.de\/fr\/wp-json\/wp\/v2\/users\/1"}],"replies":[{"embeddable":true,"href":"https:\/\/evolutionsweg.de\/fr\/wp-json\/wp\/v2\/comments?post=2"}],"version-history":[{"count":9,"href":"https:\/\/evolutionsweg.de\/fr\/wp-json\/wp\/v2\/pages\/2\/revisions"}],"predecessor-version":[{"id":4825,"href":"https:\/\/evolutionsweg.de\/fr\/wp-json\/wp\/v2\/pages\/2\/revisions\/4825"}],"wp:attachment":[{"href":"https:\/\/evolutionsweg.de\/fr\/wp-json\/wp\/v2\/media?parent=2"}],"curies":[{"name":"wp","href":"https:\/\/api.w.org\/{rel}","templated":true}]}}